{"id":11,"date":"2023-08-07T10:55:50","date_gmt":"2023-08-07T08:55:50","guid":{"rendered":"https:\/\/rutengehen-owl.de\/?page_id=11"},"modified":"2023-11-21T09:51:31","modified_gmt":"2023-11-21T07:51:31","slug":"zu-mir","status":"publish","type":"page","link":"https:\/\/rutengehen-owl.de\/?page_id=11","title":{"rendered":"Zu mir"},"content":{"rendered":"<p>&nbsp;<\/p>\n<p><img loading=\"lazy\" decoding=\"async\" class=\"wp-image-372 alignright\" src=\"https:\/\/rutengehen-owl.de\/wp-content\/uploads\/2023\/10\/photo_2023-10-17_20-29-23-300x81.jpg\" alt=\"\" width=\"267\" height=\"72\" srcset=\"https:\/\/rutengehen-owl.de\/wp-content\/uploads\/2023\/10\/photo_2023-10-17_20-29-23-300x81.jpg 300w, https:\/\/rutengehen-owl.de\/wp-content\/uploads\/2023\/10\/photo_2023-10-17_20-29-23-1024x278.jpg 1024w, https:\/\/rutengehen-owl.de\/wp-content\/uploads\/2023\/10\/photo_2023-10-17_20-29-23-768x208.jpg 768w, https:\/\/rutengehen-owl.de\/wp-content\/uploads\/2023\/10\/photo_2023-10-17_20-29-23.jpg 1280w\" sizes=\"auto, (max-width: 267px) 100vw, 267px\" \/><\/p>\n<p style=\"text-align: right;\"><span style=\"text-decoration: underline;\"><span style=\"font-family: helvetica, arial, sans-serif;\"><span style=\"color: #003300; font-size: 14pt; text-decoration: underline;\">Das ist meine Geschichte, mein <\/span><\/span><\/span><span style=\"text-decoration: underline;\"><span style=\"font-family: helvetica, arial, sans-serif;\"><span style=\"color: #003300; font-size: 14pt; text-decoration: underline;\">ganz pers\u00f6nlicher <strong>Weg <\/strong>:<\/span><\/span><\/span><\/p>\n<p style=\"text-align: justify;\"><span style=\"color: #003300; font-family: helvetica, arial, sans-serif;\"><img loading=\"lazy\" decoding=\"async\" class=\" wp-image-543 alignleft\" src=\"https:\/\/rutengehen-owl.de\/wp-content\/uploads\/2023\/11\/20231112_123559-225x300.jpg\" alt=\"\" width=\"212\" height=\"283\" srcset=\"https:\/\/rutengehen-owl.de\/wp-content\/uploads\/2023\/11\/20231112_123559-225x300.jpg 225w, https:\/\/rutengehen-owl.de\/wp-content\/uploads\/2023\/11\/20231112_123559-768x1024.jpg 768w, https:\/\/rutengehen-owl.de\/wp-content\/uploads\/2023\/11\/20231112_123559-1152x1536.jpg 1152w, https:\/\/rutengehen-owl.de\/wp-content\/uploads\/2023\/11\/20231112_123559-1536x2048.jpg 1536w, https:\/\/rutengehen-owl.de\/wp-content\/uploads\/2023\/11\/20231112_123559-scaled.jpg 1920w\" sizes=\"auto, (max-width: 212px) 100vw, 212px\" \/><\/span><\/p>\n<p>&nbsp;<\/p>\n<p style=\"text-align: justify;\"><span style=\"color: #003300; font-family: helvetica, arial, sans-serif;\">Durch meine eigene Krankheitsgeschichte im Jahr 2010 kam ich mit dem Rutengehen in Ber\u00fchrung.\u00a0 Mein Arzt riet mir dringendst, meinen Schlafplatz von einem ausgebildeten Ruteng\u00e4nger untersuchen zu lassen. Tats\u00e4chlich lag ich jahrelang auf einer Wasserader. Dieses Thema hat mich derart fasziniert, dass ich mir selber Winkelruten zugelegt habe und seit nunmehr 13 Jahren mit den Ruten gehe. Da ich mein Wissen und meine F\u00e4higkeiten ausbauen wollte, habe ich 2022 meine Ausbildung zur Ruteng\u00e4ngerin begonnen bei dem Altmeister G\u00fcnther Westenhoff\u00a0 in Lahnau (s. Weblink unten).\u00a0 Im Jahr 2023 schloss ich die Ausbildung mit dem Meisterkurs und einer Pr\u00fcfung ab. In meiner Ausbildung erlernte ich unter anderem das Differenzieren der verschiedenen Erdstrahlungen mit der W\u00fcnschelrute. Bisher konnte ich nur die Strahlungen mit der Winkelrute als allgemeine Erdstrahlen feststellen. Auch das Ersp\u00fcren der Gitternetzpunkte mit der W\u00fcnschelrute ist ein neuer, ganz wichtiger Bereich f\u00fcr mich.\u00a0<\/span><\/p>\n<p style=\"text-align: justify;\"><span style=\"color: #003300; font-family: helvetica, arial, sans-serif;\"> Betonen m\u00f6chte ich gerne noch,\u00a0 dass ich keine Entst\u00f6rungsmatten oder \u00c4hnliches anbiete. Anbieten m\u00f6chte ich nur mein Wissen und meine F\u00e4higkeiten. Die sicherste M\u00f6glichkeit, eine Erdstrahlung zu umgehen, ist ihr auszuweichen. <\/span><\/p>\n<p style=\"text-align: justify;\"><span style=\"color: #003300; font-family: helvetica, arial, sans-serif;\">Infos zum Thema Abschirmungsma\u00dfnahmen finden Sie auf folgendem Weblink von dem erfahrenen Ruteng\u00e4nger Karl Dietl: \u00a0<\/span><span style=\"color: #003300; font-family: helvetica, arial, sans-serif;\"><a href=\"https:\/\/www.baubiologie-dietl.de\/abschirmung\/\" target=\"_blank\" rel=\"noopener\"><span style=\"color: #003300;\"><span style=\"color: #000000;\">hier<\/span><\/span><\/a><br \/>\n<\/span><\/p>\n<p style=\"text-align: justify;\"><span style=\"color: #003300; font-family: helvetica, arial, sans-serif;\">Mein Ausbilder G\u00fcnther Westenhoff hat in einer sehr interessanten Sendung des ZDF im Jahr 2021 sein K\u00f6nnen bewiesen. Sein Beitrag ist ab Minute 16:45 und dann wieder ab Minute 23:00 zu sehen: \u00a0<\/span><span style=\"color: #003300; font-family: helvetica, arial, sans-serif;\"><a style=\"color: #003300;\" href=\"https:\/\/www.zdf.de\/dokumentation\/planet-e\/planet-e-wassernot---auf-der-suche-nach-neuen-quellen-100.html\" target=\"_blank\" rel=\"noopener\"><span style=\"color: #000000;\">hier<\/span><\/a><\/span><\/p>\n<p style=\"text-align: justify;\"><span style=\"color: #003300; font-family: helvetica, arial, sans-serif;\">Mehr Infos zu der Ausbildung, die ich bei dem Altmeister G\u00fcnther Westenhoff absolviert habe: \u00a0<\/span><span style=\"color: #000000; font-family: helvetica, arial, sans-serif;\"><a style=\"color: #000000;\" href=\"https:\/\/forum-der-rutengaenger.de\/sites\/start.php\" target=\"_blank\" rel=\"noopener\">hier<\/a><\/span><\/p>\n","protected":false},"excerpt":{"rendered":"<p>&nbsp; Das ist meine Geschichte, mein ganz pers\u00f6nlicher Weg : &nbsp; Durch meine eigene Krankheitsgeschichte im Jahr 2010 kam ich mit dem Rutengehen in Ber\u00fchrung.\u00a0 Mein Arzt riet mir dringendst, meinen Schlafplatz von einem ausgebildeten Ruteng\u00e4nger untersuchen zu lassen. Tats\u00e4chlich lag ich jahrelang auf einer Wasserader. Dieses Thema hat mich derart fasziniert, dass ich mir &hellip; <\/p>\n<p class=\"link-more\"><a href=\"https:\/\/rutengehen-owl.de\/?page_id=11\" class=\"more-link\"><span class=\"screen-reader-text\">\u201eZu mir\u201c <\/span>weiterlesen<\/a><\/p>\n","protected":false},"author":1,"featured_media":0,"parent":0,"menu_order":0,"comment_status":"closed","ping_status":"closed","template":"","meta":{"iawp_total_views":206,"footnotes":""},"class_list":["post-11","page","type-page","status-publish","hentry"],"yoast_head":"<!-- This site is optimized with the Yoast SEO plugin v27.0 - https:\/\/yoast.com\/product\/yoast-seo-wordpress\/ -->\n<title>Zu mir - Der Weg zu einem guten Schlaf &amp; mehr Lebensenergie<\/title>\n<meta name=\"robots\" content=\"index, follow, max-snippet:-1, max-image-preview:large, max-video-preview:-1\" \/>\n<link rel=\"canonical\" href=\"https:\/\/rutengehen-owl.de\/?page_id=11\" \/>\n<meta property=\"og:locale\" content=\"de_DE\" \/>\n<meta property=\"og:type\" content=\"article\" \/>\n<meta property=\"og:title\" content=\"Zu mir - Der Weg zu einem guten Schlaf &amp; mehr Lebensenergie\" \/>\n<meta property=\"og:description\" content=\"&nbsp; Das ist meine Geschichte, mein ganz pers\u00f6nlicher Weg : &nbsp; Durch meine eigene Krankheitsgeschichte im Jahr 2010 kam ich mit dem Rutengehen in Ber\u00fchrung.\u00a0 Mein Arzt riet mir dringendst, meinen Schlafplatz von einem ausgebildeten Ruteng\u00e4nger untersuchen zu lassen. Tats\u00e4chlich lag ich jahrelang auf einer Wasserader. Dieses Thema hat mich derart fasziniert, dass ich mir &hellip; \u201eZu mir\u201c weiterlesen\" \/>\n<meta property=\"og:url\" content=\"https:\/\/rutengehen-owl.de\/?page_id=11\" \/>\n<meta property=\"og:site_name\" content=\"Der Weg zu einem guten Schlaf &amp; mehr Lebensenergie\" \/>\n<meta property=\"article:modified_time\" content=\"2023-11-21T07:51:31+00:00\" \/>\n<meta property=\"og:image\" content=\"https:\/\/rutengehen-owl.de\/wp-content\/uploads\/2023\/10\/photo_2023-10-17_20-29-23-300x81.jpg\" \/>\n<meta name=\"twitter:card\" content=\"summary_large_image\" \/>\n<meta name=\"twitter:label1\" content=\"Gesch\u00e4tzte Lesezeit\" \/>\n\t<meta name=\"twitter:data1\" content=\"2\u00a0Minuten\" \/>\n<script type=\"application\/ld+json\" class=\"yoast-schema-graph\">{\"@context\":\"https:\/\/schema.org\",\"@graph\":[{\"@type\":\"WebPage\",\"@id\":\"https:\/\/rutengehen-owl.de\/?page_id=11\",\"url\":\"https:\/\/rutengehen-owl.de\/?page_id=11\",\"name\":\"Zu mir - Der Weg zu einem guten Schlaf &amp; mehr Lebensenergie\",\"isPartOf\":{\"@id\":\"https:\/\/rutengehen-owl.de\/#website\"},\"primaryImageOfPage\":{\"@id\":\"https:\/\/rutengehen-owl.de\/?page_id=11#primaryimage\"},\"image\":{\"@id\":\"https:\/\/rutengehen-owl.de\/?page_id=11#primaryimage\"},\"thumbnailUrl\":\"https:\/\/rutengehen-owl.de\/wp-content\/uploads\/2023\/10\/photo_2023-10-17_20-29-23-300x81.jpg\",\"datePublished\":\"2023-08-07T08:55:50+00:00\",\"dateModified\":\"2023-11-21T07:51:31+00:00\",\"breadcrumb\":{\"@id\":\"https:\/\/rutengehen-owl.de\/?page_id=11#breadcrumb\"},\"inLanguage\":\"de\",\"potentialAction\":[{\"@type\":\"ReadAction\",\"target\":[\"https:\/\/rutengehen-owl.de\/?page_id=11\"]}]},{\"@type\":\"ImageObject\",\"inLanguage\":\"de\",\"@id\":\"https:\/\/rutengehen-owl.de\/?page_id=11#primaryimage\",\"url\":\"https:\/\/rutengehen-owl.de\/wp-content\/uploads\/2023\/10\/photo_2023-10-17_20-29-23.jpg\",\"contentUrl\":\"https:\/\/rutengehen-owl.de\/wp-content\/uploads\/2023\/10\/photo_2023-10-17_20-29-23.jpg\",\"width\":1280,\"height\":347},{\"@type\":\"BreadcrumbList\",\"@id\":\"https:\/\/rutengehen-owl.de\/?page_id=11#breadcrumb\",\"itemListElement\":[{\"@type\":\"ListItem\",\"position\":1,\"name\":\"Startseite\",\"item\":\"https:\/\/rutengehen-owl.de\/\"},{\"@type\":\"ListItem\",\"position\":2,\"name\":\"Zu mir\"}]},{\"@type\":\"WebSite\",\"@id\":\"https:\/\/rutengehen-owl.de\/#website\",\"url\":\"https:\/\/rutengehen-owl.de\/\",\"name\":\"Der Weg zu einem guten Schlaf &amp; mehr Lebensenergie\",\"description\":\"\",\"potentialAction\":[{\"@type\":\"SearchAction\",\"target\":{\"@type\":\"EntryPoint\",\"urlTemplate\":\"https:\/\/rutengehen-owl.de\/?s={search_term_string}\"},\"query-input\":{\"@type\":\"PropertyValueSpecification\",\"valueRequired\":true,\"valueName\":\"search_term_string\"}}],\"inLanguage\":\"de\"}]}<\/script>\n<!-- \/ Yoast SEO plugin. -->","yoast_head_json":{"title":"Zu mir - Der Weg zu einem guten Schlaf &amp; mehr Lebensenergie","robots":{"index":"index","follow":"follow","max-snippet":"max-snippet:-1","max-image-preview":"max-image-preview:large","max-video-preview":"max-video-preview:-1"},"canonical":"https:\/\/rutengehen-owl.de\/?page_id=11","og_locale":"de_DE","og_type":"article","og_title":"Zu mir - Der Weg zu einem guten Schlaf &amp; mehr Lebensenergie","og_description":"&nbsp; Das ist meine Geschichte, mein ganz pers\u00f6nlicher Weg : &nbsp; Durch meine eigene Krankheitsgeschichte im Jahr 2010 kam ich mit dem Rutengehen in Ber\u00fchrung.\u00a0 Mein Arzt riet mir dringendst, meinen Schlafplatz von einem ausgebildeten Ruteng\u00e4nger untersuchen zu lassen. Tats\u00e4chlich lag ich jahrelang auf einer Wasserader. Dieses Thema hat mich derart fasziniert, dass ich mir &hellip; \u201eZu mir\u201c weiterlesen","og_url":"https:\/\/rutengehen-owl.de\/?page_id=11","og_site_name":"Der Weg zu einem guten Schlaf &amp; mehr Lebensenergie","article_modified_time":"2023-11-21T07:51:31+00:00","og_image":[{"url":"https:\/\/rutengehen-owl.de\/wp-content\/uploads\/2023\/10\/photo_2023-10-17_20-29-23-300x81.jpg","type":"","width":"","height":""}],"twitter_card":"summary_large_image","twitter_misc":{"Gesch\u00e4tzte Lesezeit":"2\u00a0Minuten"},"schema":{"@context":"https:\/\/schema.org","@graph":[{"@type":"WebPage","@id":"https:\/\/rutengehen-owl.de\/?page_id=11","url":"https:\/\/rutengehen-owl.de\/?page_id=11","name":"Zu mir - Der Weg zu einem guten Schlaf &amp; mehr Lebensenergie","isPartOf":{"@id":"https:\/\/rutengehen-owl.de\/#website"},"primaryImageOfPage":{"@id":"https:\/\/rutengehen-owl.de\/?page_id=11#primaryimage"},"image":{"@id":"https:\/\/rutengehen-owl.de\/?page_id=11#primaryimage"},"thumbnailUrl":"https:\/\/rutengehen-owl.de\/wp-content\/uploads\/2023\/10\/photo_2023-10-17_20-29-23-300x81.jpg","datePublished":"2023-08-07T08:55:50+00:00","dateModified":"2023-11-21T07:51:31+00:00","breadcrumb":{"@id":"https:\/\/rutengehen-owl.de\/?page_id=11#breadcrumb"},"inLanguage":"de","potentialAction":[{"@type":"ReadAction","target":["https:\/\/rutengehen-owl.de\/?page_id=11"]}]},{"@type":"ImageObject","inLanguage":"de","@id":"https:\/\/rutengehen-owl.de\/?page_id=11#primaryimage","url":"https:\/\/rutengehen-owl.de\/wp-content\/uploads\/2023\/10\/photo_2023-10-17_20-29-23.jpg","contentUrl":"https:\/\/rutengehen-owl.de\/wp-content\/uploads\/2023\/10\/photo_2023-10-17_20-29-23.jpg","width":1280,"height":347},{"@type":"BreadcrumbList","@id":"https:\/\/rutengehen-owl.de\/?page_id=11#breadcrumb","itemListElement":[{"@type":"ListItem","position":1,"name":"Startseite","item":"https:\/\/rutengehen-owl.de\/"},{"@type":"ListItem","position":2,"name":"Zu mir"}]},{"@type":"WebSite","@id":"https:\/\/rutengehen-owl.de\/#website","url":"https:\/\/rutengehen-owl.de\/","name":"Der Weg zu einem guten Schlaf &amp; mehr Lebensenergie","description":"","potentialAction":[{"@type":"SearchAction","target":{"@type":"EntryPoint","urlTemplate":"https:\/\/rutengehen-owl.de\/?s={search_term_string}"},"query-input":{"@type":"PropertyValueSpecification","valueRequired":true,"valueName":"search_term_string"}}],"inLanguage":"de"}]}},"_links":{"self":[{"href":"https:\/\/rutengehen-owl.de\/index.php?rest_route=\/wp\/v2\/pages\/11","targetHints":{"allow":["GET"]}}],"collection":[{"href":"https:\/\/rutengehen-owl.de\/index.php?rest_route=\/wp\/v2\/pages"}],"about":[{"href":"https:\/\/rutengehen-owl.de\/index.php?rest_route=\/wp\/v2\/types\/page"}],"author":[{"embeddable":true,"href":"https:\/\/rutengehen-owl.de\/index.php?rest_route=\/wp\/v2\/users\/1"}],"replies":[{"embeddable":true,"href":"https:\/\/rutengehen-owl.de\/index.php?rest_route=%2Fwp%2Fv2%2Fcomments&post=11"}],"version-history":[{"count":35,"href":"https:\/\/rutengehen-owl.de\/index.php?rest_route=\/wp\/v2\/pages\/11\/revisions"}],"predecessor-version":[{"id":627,"href":"https:\/\/rutengehen-owl.de\/index.php?rest_route=\/wp\/v2\/pages\/11\/revisions\/627"}],"wp:attachment":[{"href":"https:\/\/rutengehen-owl.de\/index.php?rest_route=%2Fwp%2Fv2%2Fmedia&parent=11"}],"curies":[{"name":"wp","href":"https:\/\/api.w.org\/{rel}","templated":true}]}}