{"id":124,"date":"2023-08-11T20:02:54","date_gmt":"2023-08-11T18:02:54","guid":{"rendered":"https:\/\/rutengehen-owl.de\/?page_id=124"},"modified":"2026-01-31T14:24:09","modified_gmt":"2026-01-31T12:24:09","slug":"meine-angebote-und-preise","status":"publish","type":"page","link":"https:\/\/rutengehen-owl.de\/?page_id=124","title":{"rendered":"Angebote und Preise"},"content":{"rendered":"<p style=\"text-align: justify;\"><span style=\"color: #003300; font-family: helvetica, arial, sans-serif;\">Da es am Wichtigsten ist, dass der Schlaf\/Ruheplatz und der Arbeitsplatz keine Erdstrahlenbelastung aufweist, biete ich ein &#8222;Vorsorge-Paket&#8220; von folgenden Untersuchungen an:<\/span><\/p>\n<p><span style=\"color: #003300; font-family: helvetica, arial, sans-serif;\">1 Schlafzimmer und 1 Arbeitsplatz zum Festpreis von 120 Euro, <\/span><span style=\"color: #003300; font-family: helvetica, arial, sans-serif;\">die Anfahrt ist bis 20 km kostenfrei, ab 20 km Entfernung berechne ich 30 Cent pro Kilometer.<br \/>\n<\/span><\/p>\n<p><span style=\"font-family: helvetica, arial, sans-serif;\"><img loading=\"lazy\" decoding=\"async\" class=\"wp-image-316 alignleft\" src=\"https:\/\/rutengehen-owl.de\/wp-content\/uploads\/2023\/09\/francesca-tosolini-Sh22mtTd2GA-unsplash-300x200.jpg\" alt=\"\" width=\"215\" height=\"143\" srcset=\"https:\/\/rutengehen-owl.de\/wp-content\/uploads\/2023\/09\/francesca-tosolini-Sh22mtTd2GA-unsplash-300x200.jpg 300w, https:\/\/rutengehen-owl.de\/wp-content\/uploads\/2023\/09\/francesca-tosolini-Sh22mtTd2GA-unsplash-1024x683.jpg 1024w, https:\/\/rutengehen-owl.de\/wp-content\/uploads\/2023\/09\/francesca-tosolini-Sh22mtTd2GA-unsplash-768x512.jpg 768w, https:\/\/rutengehen-owl.de\/wp-content\/uploads\/2023\/09\/francesca-tosolini-Sh22mtTd2GA-unsplash-1536x1024.jpg 1536w, https:\/\/rutengehen-owl.de\/wp-content\/uploads\/2023\/09\/francesca-tosolini-Sh22mtTd2GA-unsplash-2048x1365.jpg 2048w\" sizes=\"auto, (max-width: 215px) 100vw, 215px\" \/><\/span><span style=\"font-family: helvetica, arial, sans-serif;\"><img loading=\"lazy\" decoding=\"async\" class=\"alignnone wp-image-313\" src=\"https:\/\/rutengehen-owl.de\/wp-content\/uploads\/2023\/09\/denys-striyeshyn-wJ7yGwz2-00-unsplash-240x300.jpg\" alt=\"\" width=\"173\" height=\"216\" \/><img loading=\"lazy\" decoding=\"async\" class=\"wp-image-385 alignnone\" src=\"https:\/\/rutengehen-owl.de\/wp-content\/uploads\/2023\/10\/cropped-photo_2023-10-17_20-29-01-2.jpg\" alt=\"\" width=\"80\" height=\"80\" srcset=\"https:\/\/rutengehen-owl.de\/wp-content\/uploads\/2023\/10\/cropped-photo_2023-10-17_20-29-01-2.jpg 250w, https:\/\/rutengehen-owl.de\/wp-content\/uploads\/2023\/10\/cropped-photo_2023-10-17_20-29-01-2-150x150.jpg 150w, https:\/\/rutengehen-owl.de\/wp-content\/uploads\/2023\/10\/cropped-photo_2023-10-17_20-29-01-2-100x100.jpg 100w\" sizes=\"auto, (max-width: 80px) 100vw, 80px\" \/><\/span><\/p>\n<p style=\"text-align: justify;\"><span style=\"color: #003300; font-family: helvetica, arial, sans-serif;\">Beide Bereiche pr\u00fcfe ich auf alle f\u00fcnf Erdstrahlungen. Sollten Strahlungen<\/span> <span style=\"color: #003300; font-family: helvetica, arial, sans-serif;\">vorhanden sein, suche ich mit Ihnen gemeinsam nach einem besseren Schlaf-,<\/span> <span style=\"color: #003300; font-family: helvetica, arial, sans-serif;\">Ruhe- oder Arbeitsplatz.\u00a0<\/span><\/p>\n<p style=\"text-align: justify;\"><span style=\"color: #003300; font-family: helvetica, arial, sans-serif;\">Zus\u00e4tzlich bestimme ich einen Hartmannpunkt in einem Zimmer Ihres Wunsches zum kurzfristigen Energietanken.<\/span><\/p>\n<p style=\"text-align: justify;\"><span style=\"color: #003300; font-family: helvetica, arial, sans-serif;\">Alle Punkte werden mit Klebestreifen auf dem Boden markiert und beschriftet, so dass Sie die Strahlungsbereiche mit Hilfe eines Grundrisses unkompliziert in die weiteren Etagen \u00fcbertragen k\u00f6nnen.<\/span><\/p>\n<p><img loading=\"lazy\" decoding=\"async\" class=\"alignnone size-medium wp-image-372\" src=\"https:\/\/rutengehen-owl.de\/wp-content\/uploads\/2023\/10\/photo_2023-10-17_20-29-23-300x81.jpg\" alt=\"\" width=\"300\" height=\"81\" srcset=\"https:\/\/rutengehen-owl.de\/wp-content\/uploads\/2023\/10\/photo_2023-10-17_20-29-23-300x81.jpg 300w, https:\/\/rutengehen-owl.de\/wp-content\/uploads\/2023\/10\/photo_2023-10-17_20-29-23-1024x278.jpg 1024w, https:\/\/rutengehen-owl.de\/wp-content\/uploads\/2023\/10\/photo_2023-10-17_20-29-23-768x208.jpg 768w, https:\/\/rutengehen-owl.de\/wp-content\/uploads\/2023\/10\/photo_2023-10-17_20-29-23.jpg 1280w\" sizes=\"auto, (max-width: 300px) 100vw, 300px\" \/><\/p>\n<p><span style=\"color: #003300; font-family: helvetica, arial, sans-serif;\">Falls Sie den Eindruck haben, dass diese Untersuchungen f\u00fcr Sie wichtig sind, Sie den Betrag aber nicht aufbringen k\u00f6nnen, sprechen Sie mich bitte an. Wir werden eine L\u00f6sung finden.<\/span><\/p>\n<p>&nbsp;<\/p>\n","protected":false},"excerpt":{"rendered":"<p>Da es am Wichtigsten ist, dass der Schlaf\/Ruheplatz und der Arbeitsplatz keine Erdstrahlenbelastung aufweist, biete ich ein &#8222;Vorsorge-Paket&#8220; von folgenden Untersuchungen an: 1 Schlafzimmer und 1 Arbeitsplatz zum Festpreis von 120 Euro, die Anfahrt ist bis 20 km kostenfrei, ab 20 km Entfernung berechne ich 30 Cent pro Kilometer. Beide Bereiche pr\u00fcfe ich auf alle &hellip; <\/p>\n<p class=\"link-more\"><a href=\"https:\/\/rutengehen-owl.de\/?page_id=124\" class=\"more-link\"><span class=\"screen-reader-text\">\u201eAngebote und Preise\u201c <\/span>weiterlesen<\/a><\/p>\n","protected":false},"author":1,"featured_media":0,"parent":0,"menu_order":0,"comment_status":"closed","ping_status":"closed","template":"","meta":{"iawp_total_views":155,"footnotes":""},"class_list":["post-124","page","type-page","status-publish","hentry"],"yoast_head":"<!-- This site is optimized with the Yoast SEO plugin v27.0 - https:\/\/yoast.com\/product\/yoast-seo-wordpress\/ -->\n<title>Angebote und Preise - Der Weg zu einem guten Schlaf &amp; mehr Lebensenergie<\/title>\n<meta name=\"robots\" content=\"index, follow, max-snippet:-1, max-image-preview:large, max-video-preview:-1\" \/>\n<link rel=\"canonical\" href=\"https:\/\/rutengehen-owl.de\/?page_id=124\" \/>\n<meta property=\"og:locale\" content=\"de_DE\" \/>\n<meta property=\"og:type\" content=\"article\" \/>\n<meta property=\"og:title\" content=\"Angebote und Preise - Der Weg zu einem guten Schlaf &amp; mehr Lebensenergie\" \/>\n<meta property=\"og:description\" content=\"Da es am Wichtigsten ist, dass der Schlaf\/Ruheplatz und der Arbeitsplatz keine Erdstrahlenbelastung aufweist, biete ich ein &#8222;Vorsorge-Paket&#8220; von folgenden Untersuchungen an: 1 Schlafzimmer und 1 Arbeitsplatz zum Festpreis von 120 Euro, die Anfahrt ist bis 20 km kostenfrei, ab 20 km Entfernung berechne ich 30 Cent pro Kilometer. Beide Bereiche pr\u00fcfe ich auf alle &hellip; \u201eAngebote und Preise\u201c weiterlesen\" \/>\n<meta property=\"og:url\" content=\"https:\/\/rutengehen-owl.de\/?page_id=124\" \/>\n<meta property=\"og:site_name\" content=\"Der Weg zu einem guten Schlaf &amp; mehr Lebensenergie\" \/>\n<meta property=\"article:modified_time\" content=\"2026-01-31T12:24:09+00:00\" \/>\n<meta property=\"og:image\" content=\"https:\/\/rutengehen-owl.de\/wp-content\/uploads\/2023\/09\/francesca-tosolini-Sh22mtTd2GA-unsplash-300x200.jpg\" \/>\n<meta name=\"twitter:card\" content=\"summary_large_image\" \/>\n<meta name=\"twitter:label1\" content=\"Gesch\u00e4tzte Lesezeit\" \/>\n\t<meta name=\"twitter:data1\" content=\"2\u00a0Minuten\" \/>\n<script type=\"application\/ld+json\" class=\"yoast-schema-graph\">{\"@context\":\"https:\/\/schema.org\",\"@graph\":[{\"@type\":\"WebPage\",\"@id\":\"https:\/\/rutengehen-owl.de\/?page_id=124\",\"url\":\"https:\/\/rutengehen-owl.de\/?page_id=124\",\"name\":\"Angebote und Preise - Der Weg zu einem guten Schlaf &amp; mehr Lebensenergie\",\"isPartOf\":{\"@id\":\"https:\/\/rutengehen-owl.de\/#website\"},\"primaryImageOfPage\":{\"@id\":\"https:\/\/rutengehen-owl.de\/?page_id=124#primaryimage\"},\"image\":{\"@id\":\"https:\/\/rutengehen-owl.de\/?page_id=124#primaryimage\"},\"thumbnailUrl\":\"https:\/\/rutengehen-owl.de\/wp-content\/uploads\/2023\/09\/francesca-tosolini-Sh22mtTd2GA-unsplash-300x200.jpg\",\"datePublished\":\"2023-08-11T18:02:54+00:00\",\"dateModified\":\"2026-01-31T12:24:09+00:00\",\"breadcrumb\":{\"@id\":\"https:\/\/rutengehen-owl.de\/?page_id=124#breadcrumb\"},\"inLanguage\":\"de\",\"potentialAction\":[{\"@type\":\"ReadAction\",\"target\":[\"https:\/\/rutengehen-owl.de\/?page_id=124\"]}]},{\"@type\":\"ImageObject\",\"inLanguage\":\"de\",\"@id\":\"https:\/\/rutengehen-owl.de\/?page_id=124#primaryimage\",\"url\":\"https:\/\/rutengehen-owl.de\/wp-content\/uploads\/2023\/09\/francesca-tosolini-Sh22mtTd2GA-unsplash-scaled.jpg\",\"contentUrl\":\"https:\/\/rutengehen-owl.de\/wp-content\/uploads\/2023\/09\/francesca-tosolini-Sh22mtTd2GA-unsplash-scaled.jpg\",\"width\":2560,\"height\":1707},{\"@type\":\"BreadcrumbList\",\"@id\":\"https:\/\/rutengehen-owl.de\/?page_id=124#breadcrumb\",\"itemListElement\":[{\"@type\":\"ListItem\",\"position\":1,\"name\":\"Startseite\",\"item\":\"https:\/\/rutengehen-owl.de\/\"},{\"@type\":\"ListItem\",\"position\":2,\"name\":\"Angebote und Preise\"}]},{\"@type\":\"WebSite\",\"@id\":\"https:\/\/rutengehen-owl.de\/#website\",\"url\":\"https:\/\/rutengehen-owl.de\/\",\"name\":\"Der Weg zu einem guten Schlaf &amp; mehr Lebensenergie\",\"description\":\"\",\"potentialAction\":[{\"@type\":\"SearchAction\",\"target\":{\"@type\":\"EntryPoint\",\"urlTemplate\":\"https:\/\/rutengehen-owl.de\/?s={search_term_string}\"},\"query-input\":{\"@type\":\"PropertyValueSpecification\",\"valueRequired\":true,\"valueName\":\"search_term_string\"}}],\"inLanguage\":\"de\"}]}<\/script>\n<!-- \/ Yoast SEO plugin. -->","yoast_head_json":{"title":"Angebote und Preise - Der Weg zu einem guten Schlaf &amp; mehr Lebensenergie","robots":{"index":"index","follow":"follow","max-snippet":"max-snippet:-1","max-image-preview":"max-image-preview:large","max-video-preview":"max-video-preview:-1"},"canonical":"https:\/\/rutengehen-owl.de\/?page_id=124","og_locale":"de_DE","og_type":"article","og_title":"Angebote und Preise - Der Weg zu einem guten Schlaf &amp; mehr Lebensenergie","og_description":"Da es am Wichtigsten ist, dass der Schlaf\/Ruheplatz und der Arbeitsplatz keine Erdstrahlenbelastung aufweist, biete ich ein &#8222;Vorsorge-Paket&#8220; von folgenden Untersuchungen an: 1 Schlafzimmer und 1 Arbeitsplatz zum Festpreis von 120 Euro, die Anfahrt ist bis 20 km kostenfrei, ab 20 km Entfernung berechne ich 30 Cent pro Kilometer. Beide Bereiche pr\u00fcfe ich auf alle &hellip; \u201eAngebote und Preise\u201c weiterlesen","og_url":"https:\/\/rutengehen-owl.de\/?page_id=124","og_site_name":"Der Weg zu einem guten Schlaf &amp; mehr Lebensenergie","article_modified_time":"2026-01-31T12:24:09+00:00","og_image":[{"url":"https:\/\/rutengehen-owl.de\/wp-content\/uploads\/2023\/09\/francesca-tosolini-Sh22mtTd2GA-unsplash-300x200.jpg","type":"","width":"","height":""}],"twitter_card":"summary_large_image","twitter_misc":{"Gesch\u00e4tzte Lesezeit":"2\u00a0Minuten"},"schema":{"@context":"https:\/\/schema.org","@graph":[{"@type":"WebPage","@id":"https:\/\/rutengehen-owl.de\/?page_id=124","url":"https:\/\/rutengehen-owl.de\/?page_id=124","name":"Angebote und Preise - Der Weg zu einem guten Schlaf &amp; mehr Lebensenergie","isPartOf":{"@id":"https:\/\/rutengehen-owl.de\/#website"},"primaryImageOfPage":{"@id":"https:\/\/rutengehen-owl.de\/?page_id=124#primaryimage"},"image":{"@id":"https:\/\/rutengehen-owl.de\/?page_id=124#primaryimage"},"thumbnailUrl":"https:\/\/rutengehen-owl.de\/wp-content\/uploads\/2023\/09\/francesca-tosolini-Sh22mtTd2GA-unsplash-300x200.jpg","datePublished":"2023-08-11T18:02:54+00:00","dateModified":"2026-01-31T12:24:09+00:00","breadcrumb":{"@id":"https:\/\/rutengehen-owl.de\/?page_id=124#breadcrumb"},"inLanguage":"de","potentialAction":[{"@type":"ReadAction","target":["https:\/\/rutengehen-owl.de\/?page_id=124"]}]},{"@type":"ImageObject","inLanguage":"de","@id":"https:\/\/rutengehen-owl.de\/?page_id=124#primaryimage","url":"https:\/\/rutengehen-owl.de\/wp-content\/uploads\/2023\/09\/francesca-tosolini-Sh22mtTd2GA-unsplash-scaled.jpg","contentUrl":"https:\/\/rutengehen-owl.de\/wp-content\/uploads\/2023\/09\/francesca-tosolini-Sh22mtTd2GA-unsplash-scaled.jpg","width":2560,"height":1707},{"@type":"BreadcrumbList","@id":"https:\/\/rutengehen-owl.de\/?page_id=124#breadcrumb","itemListElement":[{"@type":"ListItem","position":1,"name":"Startseite","item":"https:\/\/rutengehen-owl.de\/"},{"@type":"ListItem","position":2,"name":"Angebote und Preise"}]},{"@type":"WebSite","@id":"https:\/\/rutengehen-owl.de\/#website","url":"https:\/\/rutengehen-owl.de\/","name":"Der Weg zu einem guten Schlaf &amp; mehr Lebensenergie","description":"","potentialAction":[{"@type":"SearchAction","target":{"@type":"EntryPoint","urlTemplate":"https:\/\/rutengehen-owl.de\/?s={search_term_string}"},"query-input":{"@type":"PropertyValueSpecification","valueRequired":true,"valueName":"search_term_string"}}],"inLanguage":"de"}]}},"_links":{"self":[{"href":"https:\/\/rutengehen-owl.de\/index.php?rest_route=\/wp\/v2\/pages\/124","targetHints":{"allow":["GET"]}}],"collection":[{"href":"https:\/\/rutengehen-owl.de\/index.php?rest_route=\/wp\/v2\/pages"}],"about":[{"href":"https:\/\/rutengehen-owl.de\/index.php?rest_route=\/wp\/v2\/types\/page"}],"author":[{"embeddable":true,"href":"https:\/\/rutengehen-owl.de\/index.php?rest_route=\/wp\/v2\/users\/1"}],"replies":[{"embeddable":true,"href":"https:\/\/rutengehen-owl.de\/index.php?rest_route=%2Fwp%2Fv2%2Fcomments&post=124"}],"version-history":[{"count":19,"href":"https:\/\/rutengehen-owl.de\/index.php?rest_route=\/wp\/v2\/pages\/124\/revisions"}],"predecessor-version":[{"id":716,"href":"https:\/\/rutengehen-owl.de\/index.php?rest_route=\/wp\/v2\/pages\/124\/revisions\/716"}],"wp:attachment":[{"href":"https:\/\/rutengehen-owl.de\/index.php?rest_route=%2Fwp%2Fv2%2Fmedia&parent=124"}],"curies":[{"name":"wp","href":"https:\/\/api.w.org\/{rel}","templated":true}]}}