{"id":15,"date":"2023-08-07T10:57:20","date_gmt":"2023-08-07T08:57:20","guid":{"rendered":"https:\/\/rutengehen-owl.de\/?page_id=15"},"modified":"2023-11-21T12:04:30","modified_gmt":"2023-11-21T10:04:30","slug":"bekannte-rutengaenger","status":"publish","type":"page","link":"https:\/\/rutengehen-owl.de\/?page_id=15","title":{"rendered":"Bekannte Ruteng\u00e4nger gestern und heute"},"content":{"rendered":"<p><img loading=\"lazy\" decoding=\"async\" class=\"alignnone wp-image-372\" src=\"https:\/\/rutengehen-owl.de\/wp-content\/uploads\/2023\/10\/photo_2023-10-17_20-29-23-300x81.jpg\" alt=\"\" width=\"400\" height=\"108\" srcset=\"https:\/\/rutengehen-owl.de\/wp-content\/uploads\/2023\/10\/photo_2023-10-17_20-29-23-300x81.jpg 300w, https:\/\/rutengehen-owl.de\/wp-content\/uploads\/2023\/10\/photo_2023-10-17_20-29-23-1024x278.jpg 1024w, https:\/\/rutengehen-owl.de\/wp-content\/uploads\/2023\/10\/photo_2023-10-17_20-29-23-768x208.jpg 768w, https:\/\/rutengehen-owl.de\/wp-content\/uploads\/2023\/10\/photo_2023-10-17_20-29-23.jpg 1280w\" sizes=\"auto, (max-width: 400px) 100vw, 400px\" \/><\/p>\n<p style=\"text-align: justify;\"><span style=\"color: #003300; font-size: 12pt; font-family: helvetica, arial, sans-serif;\">Ruteng\u00e4nger gibt es bereits seit mehreren tausend Jahren. In fast allen Kulturen gibt es Hinweise, dass mit den Ruten gegangen wurde. Der chinesische Kaiser Kuang Y\u00fc erlie\u00df 2200 v. Chr. ein Gesetz, nach dem kein Haus erbaut werden durfte, ohne dass zuvor ein &#8222;Erdwahrsager&#8220; (heute Ruteng\u00e4nger) best\u00e4tigt hatte, dass auf dem Bauplatz keine &#8222;Erdd\u00e4monen&#8220; (heute Erdstrahlungen) vorhanden seien. Ruteng\u00e4nger gab es ebenfalls bei unseren keltischen und germanischen Vorfahren. Sie suchten nach guten Pl\u00e4tzen f\u00fcr Siedlungen und Behausungen, spielten damals jedoch auch eine ganz wesentliche Rolle bei der Suche nach Wasser f\u00fcr Brunnenbohrungen. <\/span><\/p>\n<p style=\"text-align: justify;\"><span style=\"font-family: helvetica, arial, sans-serif; color: #003300;\">Schon Paracelsus (Arzt und Naturforscher 1493 &#8211; 1541) sagte:<\/span><\/p>\n<blockquote><p><span style=\"color: #003300;\"><strong><span style=\"font-family: helvetica, arial, sans-serif;\">&#8222;Ein krankes Bett ist das sicherste Mittel, die Gesundheit zu ruinieren.&#8220;<\/span><\/strong><\/span><\/p><\/blockquote>\n<p style=\"text-align: justify;\"><span style=\"color: #003300; font-size: 12pt; font-family: helvetica, arial, sans-serif;\">Bekannte Pers\u00f6nlichkeiten wie Johann Wolfgang von Goethe, Albert Einstein, Leonardo Da Vinci, Max Planck und viele weitere, uns aus der wissenschaftlichen Geschichte bekannte Pers\u00f6nlichkeiten, gingen mit den Ruten. Einige forschten auf dem Gebiet der Radi\u00e4sthesie. <\/span><\/p>\n<p style=\"text-align: justify;\"><span style=\"color: #003300; font-size: 12pt; font-family: helvetica, arial, sans-serif;\">Prof. Dr. med. Ferdinand Sauerbruch (bedeutender und einflussreicher Chirurg in der ersten H\u00e4lfte des 20. Jahrhunderts) sagte:<\/span><\/p>\n<blockquote><p><span style=\"color: #003300; font-size: 12pt; font-family: helvetica, arial, sans-serif;\"><strong> &#8222;Lege nie einen Kranken wieder in das selbe Bett&#8220;.<\/strong> <\/span><\/p>\n<p><img loading=\"lazy\" decoding=\"async\" class=\"wp-image-383 alignnone\" src=\"https:\/\/rutengehen-owl.de\/wp-content\/uploads\/2023\/10\/cropped-photo_2023-10-17_20-29-01-1-300x300.jpg\" alt=\"\" width=\"55\" height=\"55\" srcset=\"https:\/\/rutengehen-owl.de\/wp-content\/uploads\/2023\/10\/cropped-photo_2023-10-17_20-29-01-1-300x300.jpg 300w, https:\/\/rutengehen-owl.de\/wp-content\/uploads\/2023\/10\/cropped-photo_2023-10-17_20-29-01-1-150x150.jpg 150w, https:\/\/rutengehen-owl.de\/wp-content\/uploads\/2023\/10\/cropped-photo_2023-10-17_20-29-01-1-100x100.jpg 100w, https:\/\/rutengehen-owl.de\/wp-content\/uploads\/2023\/10\/cropped-photo_2023-10-17_20-29-01-1-270x270.jpg 270w, https:\/\/rutengehen-owl.de\/wp-content\/uploads\/2023\/10\/cropped-photo_2023-10-17_20-29-01-1-192x192.jpg 192w, https:\/\/rutengehen-owl.de\/wp-content\/uploads\/2023\/10\/cropped-photo_2023-10-17_20-29-01-1-180x180.jpg 180w, https:\/\/rutengehen-owl.de\/wp-content\/uploads\/2023\/10\/cropped-photo_2023-10-17_20-29-01-1-32x32.jpg 32w, https:\/\/rutengehen-owl.de\/wp-content\/uploads\/2023\/10\/cropped-photo_2023-10-17_20-29-01-1.jpg 512w\" sizes=\"auto, (max-width: 55px) 100vw, 55px\" \/> \u00a0\u00a0\u00a0\u00a0\u00a0\u00a0\u00a0\u00a0\u00a0\u00a0\u00a0\u00a0\u00a0\u00a0\u00a0\u00a0\u00a0 <img loading=\"lazy\" decoding=\"async\" class=\"alignnone wp-image-383\" src=\"https:\/\/rutengehen-owl.de\/wp-content\/uploads\/2023\/10\/cropped-photo_2023-10-17_20-29-01-1-300x300.jpg\" alt=\"\" width=\"137\" height=\"137\" srcset=\"https:\/\/rutengehen-owl.de\/wp-content\/uploads\/2023\/10\/cropped-photo_2023-10-17_20-29-01-1-300x300.jpg 300w, https:\/\/rutengehen-owl.de\/wp-content\/uploads\/2023\/10\/cropped-photo_2023-10-17_20-29-01-1-150x150.jpg 150w, https:\/\/rutengehen-owl.de\/wp-content\/uploads\/2023\/10\/cropped-photo_2023-10-17_20-29-01-1-100x100.jpg 100w, https:\/\/rutengehen-owl.de\/wp-content\/uploads\/2023\/10\/cropped-photo_2023-10-17_20-29-01-1-270x270.jpg 270w, https:\/\/rutengehen-owl.de\/wp-content\/uploads\/2023\/10\/cropped-photo_2023-10-17_20-29-01-1-192x192.jpg 192w, https:\/\/rutengehen-owl.de\/wp-content\/uploads\/2023\/10\/cropped-photo_2023-10-17_20-29-01-1-180x180.jpg 180w, https:\/\/rutengehen-owl.de\/wp-content\/uploads\/2023\/10\/cropped-photo_2023-10-17_20-29-01-1-32x32.jpg 32w, https:\/\/rutengehen-owl.de\/wp-content\/uploads\/2023\/10\/cropped-photo_2023-10-17_20-29-01-1.jpg 512w\" sizes=\"auto, (max-width: 137px) 100vw, 137px\" \/> \u00a0\u00a0\u00a0\u00a0\u00a0\u00a0\u00a0\u00a0\u00a0\u00a0\u00a0\u00a0 <img loading=\"lazy\" decoding=\"async\" class=\"alignnone wp-image-279\" src=\"https:\/\/rutengehen-owl.de\/wp-content\/uploads\/2023\/09\/terrence-thomas-Ot6wW02MB1k-unsplash-200x300.jpg\" alt=\"\" width=\"231\" height=\"347\" \/><\/p><\/blockquote>\n<p style=\"text-align: justify;\"><span style=\"color: #003300; font-size: 12pt; font-family: helvetica, arial, sans-serif;\">Im Jahr 1929 f\u00fchrte der damals bekannte Ruteng\u00e4nger Gustav Freiherr von Pohl ein aufsehenerregendes Experiment durch. Er untersuchte die Kleinstadt Vilsbiburg in Niederbayern auf Erdstrahlung unter &#8222;amtlicher Aufsicht&#8220;. Von Pohl markierte auf einem Plan s\u00e4mtliche H\u00e4user, die auf extrem starken Erdstrahlenfeldern standen und stellte bei der Durchsicht der Leichenschauscheine aus ca. 12 Jahren fest, dass s\u00e4mtliche Krebstodesf\u00e4lle in den markierten H\u00e4usern vorgekommen waren. Aufgrund der Ver\u00f6ffentlichung dieser Untersuchung kam es besonders in der \u00c4rzteschaft zu gro\u00dfen Diskussionen. Eine Reihe von \u00c4rzten bekannten sich zu der Auffassung, dass die vorgelegten Beweise so eindeutig und unwiderlegbar seien, dass die medizinische Wissenschaft sich umstellen m\u00fcsse. Leider ist das bis heute jedoch nicht geschehen. <\/span><\/p>\n<p style=\"text-align: justify;\"><span style=\"color: #003300; font-size: 12pt; font-family: helvetica, arial, sans-serif;\">Die bekannte \u00c4rztin und Stiftungsgr\u00fcnderin Frau Dr. med. Veronica Carstens (Ehefrau des ehemaligen Bundespr\u00e4sidenten) formulierte Folgendes:<br \/>\n<\/span><\/p>\n<blockquote>\n<p style=\"text-align: justify;\"><span style=\"color: #003300; font-family: helvetica, arial, sans-serif;\"><strong>&#8222;Kein Arzt der Welt kann einen Krebs erfolgreich behandeln, wenn er nicht vorher nach St\u00f6rfeldern gesucht hat.&#8220;<\/strong> <\/span><\/p>\n<\/blockquote>\n<p><img loading=\"lazy\" decoding=\"async\" class=\" wp-image-372 alignright\" src=\"https:\/\/rutengehen-owl.de\/wp-content\/uploads\/2023\/10\/photo_2023-10-17_20-29-23-300x81.jpg\" alt=\"\" width=\"382\" height=\"103\" srcset=\"https:\/\/rutengehen-owl.de\/wp-content\/uploads\/2023\/10\/photo_2023-10-17_20-29-23-300x81.jpg 300w, https:\/\/rutengehen-owl.de\/wp-content\/uploads\/2023\/10\/photo_2023-10-17_20-29-23-1024x278.jpg 1024w, https:\/\/rutengehen-owl.de\/wp-content\/uploads\/2023\/10\/photo_2023-10-17_20-29-23-768x208.jpg 768w, https:\/\/rutengehen-owl.de\/wp-content\/uploads\/2023\/10\/photo_2023-10-17_20-29-23.jpg 1280w\" sizes=\"auto, (max-width: 382px) 100vw, 382px\" \/><\/p>\n","protected":false},"excerpt":{"rendered":"<p>Ruteng\u00e4nger gibt es bereits seit mehreren tausend Jahren. In fast allen Kulturen gibt es Hinweise, dass mit den Ruten gegangen wurde. Der chinesische Kaiser Kuang Y\u00fc erlie\u00df 2200 v. Chr. ein Gesetz, nach dem kein Haus erbaut werden durfte, ohne dass zuvor ein &#8222;Erdwahrsager&#8220; (heute Ruteng\u00e4nger) best\u00e4tigt hatte, dass auf dem Bauplatz keine &#8222;Erdd\u00e4monen&#8220; (heute &hellip; <\/p>\n<p class=\"link-more\"><a href=\"https:\/\/rutengehen-owl.de\/?page_id=15\" class=\"more-link\"><span class=\"screen-reader-text\">\u201eBekannte Ruteng\u00e4nger gestern und heute\u201c <\/span>weiterlesen<\/a><\/p>\n","protected":false},"author":1,"featured_media":0,"parent":0,"menu_order":0,"comment_status":"closed","ping_status":"closed","template":"","meta":{"iawp_total_views":50,"footnotes":""},"class_list":["post-15","page","type-page","status-publish","hentry"],"yoast_head":"<!-- This site is optimized with the Yoast SEO plugin v27.0 - https:\/\/yoast.com\/product\/yoast-seo-wordpress\/ -->\n<title>Bekannte Ruteng\u00e4nger gestern und heute - Der Weg zu einem guten Schlaf &amp; mehr Lebensenergie<\/title>\n<meta name=\"robots\" content=\"index, follow, max-snippet:-1, max-image-preview:large, max-video-preview:-1\" \/>\n<link rel=\"canonical\" href=\"https:\/\/rutengehen-owl.de\/?page_id=15\" \/>\n<meta property=\"og:locale\" content=\"de_DE\" \/>\n<meta property=\"og:type\" content=\"article\" \/>\n<meta property=\"og:title\" content=\"Bekannte Ruteng\u00e4nger gestern und heute - Der Weg zu einem guten Schlaf &amp; mehr Lebensenergie\" \/>\n<meta property=\"og:description\" content=\"Ruteng\u00e4nger gibt es bereits seit mehreren tausend Jahren. In fast allen Kulturen gibt es Hinweise, dass mit den Ruten gegangen wurde. Der chinesische Kaiser Kuang Y\u00fc erlie\u00df 2200 v. Chr. ein Gesetz, nach dem kein Haus erbaut werden durfte, ohne dass zuvor ein &#8222;Erdwahrsager&#8220; (heute Ruteng\u00e4nger) best\u00e4tigt hatte, dass auf dem Bauplatz keine &#8222;Erdd\u00e4monen&#8220; (heute &hellip; \u201eBekannte Ruteng\u00e4nger gestern und heute\u201c weiterlesen\" \/>\n<meta property=\"og:url\" content=\"https:\/\/rutengehen-owl.de\/?page_id=15\" \/>\n<meta property=\"og:site_name\" content=\"Der Weg zu einem guten Schlaf &amp; mehr Lebensenergie\" \/>\n<meta property=\"article:modified_time\" content=\"2023-11-21T10:04:30+00:00\" \/>\n<meta property=\"og:image\" content=\"https:\/\/rutengehen-owl.de\/wp-content\/uploads\/2023\/10\/photo_2023-10-17_20-29-23-300x81.jpg\" \/>\n<meta name=\"twitter:card\" content=\"summary_large_image\" \/>\n<meta name=\"twitter:label1\" content=\"Gesch\u00e4tzte Lesezeit\" \/>\n\t<meta name=\"twitter:data1\" content=\"2\u00a0Minuten\" \/>\n<script type=\"application\/ld+json\" class=\"yoast-schema-graph\">{\"@context\":\"https:\/\/schema.org\",\"@graph\":[{\"@type\":\"WebPage\",\"@id\":\"https:\/\/rutengehen-owl.de\/?page_id=15\",\"url\":\"https:\/\/rutengehen-owl.de\/?page_id=15\",\"name\":\"Bekannte Ruteng\u00e4nger gestern und heute - Der Weg zu einem guten Schlaf &amp; mehr Lebensenergie\",\"isPartOf\":{\"@id\":\"https:\/\/rutengehen-owl.de\/#website\"},\"primaryImageOfPage\":{\"@id\":\"https:\/\/rutengehen-owl.de\/?page_id=15#primaryimage\"},\"image\":{\"@id\":\"https:\/\/rutengehen-owl.de\/?page_id=15#primaryimage\"},\"thumbnailUrl\":\"https:\/\/rutengehen-owl.de\/wp-content\/uploads\/2023\/10\/photo_2023-10-17_20-29-23-300x81.jpg\",\"datePublished\":\"2023-08-07T08:57:20+00:00\",\"dateModified\":\"2023-11-21T10:04:30+00:00\",\"breadcrumb\":{\"@id\":\"https:\/\/rutengehen-owl.de\/?page_id=15#breadcrumb\"},\"inLanguage\":\"de\",\"potentialAction\":[{\"@type\":\"ReadAction\",\"target\":[\"https:\/\/rutengehen-owl.de\/?page_id=15\"]}]},{\"@type\":\"ImageObject\",\"inLanguage\":\"de\",\"@id\":\"https:\/\/rutengehen-owl.de\/?page_id=15#primaryimage\",\"url\":\"https:\/\/rutengehen-owl.de\/wp-content\/uploads\/2023\/10\/photo_2023-10-17_20-29-23.jpg\",\"contentUrl\":\"https:\/\/rutengehen-owl.de\/wp-content\/uploads\/2023\/10\/photo_2023-10-17_20-29-23.jpg\",\"width\":1280,\"height\":347},{\"@type\":\"BreadcrumbList\",\"@id\":\"https:\/\/rutengehen-owl.de\/?page_id=15#breadcrumb\",\"itemListElement\":[{\"@type\":\"ListItem\",\"position\":1,\"name\":\"Startseite\",\"item\":\"https:\/\/rutengehen-owl.de\/\"},{\"@type\":\"ListItem\",\"position\":2,\"name\":\"Bekannte Ruteng\u00e4nger gestern und heute\"}]},{\"@type\":\"WebSite\",\"@id\":\"https:\/\/rutengehen-owl.de\/#website\",\"url\":\"https:\/\/rutengehen-owl.de\/\",\"name\":\"Der Weg zu einem guten Schlaf &amp; mehr Lebensenergie\",\"description\":\"\",\"potentialAction\":[{\"@type\":\"SearchAction\",\"target\":{\"@type\":\"EntryPoint\",\"urlTemplate\":\"https:\/\/rutengehen-owl.de\/?s={search_term_string}\"},\"query-input\":{\"@type\":\"PropertyValueSpecification\",\"valueRequired\":true,\"valueName\":\"search_term_string\"}}],\"inLanguage\":\"de\"}]}<\/script>\n<!-- \/ Yoast SEO plugin. -->","yoast_head_json":{"title":"Bekannte Ruteng\u00e4nger gestern und heute - Der Weg zu einem guten Schlaf &amp; mehr Lebensenergie","robots":{"index":"index","follow":"follow","max-snippet":"max-snippet:-1","max-image-preview":"max-image-preview:large","max-video-preview":"max-video-preview:-1"},"canonical":"https:\/\/rutengehen-owl.de\/?page_id=15","og_locale":"de_DE","og_type":"article","og_title":"Bekannte Ruteng\u00e4nger gestern und heute - Der Weg zu einem guten Schlaf &amp; mehr Lebensenergie","og_description":"Ruteng\u00e4nger gibt es bereits seit mehreren tausend Jahren. In fast allen Kulturen gibt es Hinweise, dass mit den Ruten gegangen wurde. Der chinesische Kaiser Kuang Y\u00fc erlie\u00df 2200 v. Chr. ein Gesetz, nach dem kein Haus erbaut werden durfte, ohne dass zuvor ein &#8222;Erdwahrsager&#8220; (heute Ruteng\u00e4nger) best\u00e4tigt hatte, dass auf dem Bauplatz keine &#8222;Erdd\u00e4monen&#8220; (heute &hellip; \u201eBekannte Ruteng\u00e4nger gestern und heute\u201c weiterlesen","og_url":"https:\/\/rutengehen-owl.de\/?page_id=15","og_site_name":"Der Weg zu einem guten Schlaf &amp; mehr Lebensenergie","article_modified_time":"2023-11-21T10:04:30+00:00","og_image":[{"url":"https:\/\/rutengehen-owl.de\/wp-content\/uploads\/2023\/10\/photo_2023-10-17_20-29-23-300x81.jpg","type":"","width":"","height":""}],"twitter_card":"summary_large_image","twitter_misc":{"Gesch\u00e4tzte Lesezeit":"2\u00a0Minuten"},"schema":{"@context":"https:\/\/schema.org","@graph":[{"@type":"WebPage","@id":"https:\/\/rutengehen-owl.de\/?page_id=15","url":"https:\/\/rutengehen-owl.de\/?page_id=15","name":"Bekannte Ruteng\u00e4nger gestern und heute - Der Weg zu einem guten Schlaf &amp; mehr Lebensenergie","isPartOf":{"@id":"https:\/\/rutengehen-owl.de\/#website"},"primaryImageOfPage":{"@id":"https:\/\/rutengehen-owl.de\/?page_id=15#primaryimage"},"image":{"@id":"https:\/\/rutengehen-owl.de\/?page_id=15#primaryimage"},"thumbnailUrl":"https:\/\/rutengehen-owl.de\/wp-content\/uploads\/2023\/10\/photo_2023-10-17_20-29-23-300x81.jpg","datePublished":"2023-08-07T08:57:20+00:00","dateModified":"2023-11-21T10:04:30+00:00","breadcrumb":{"@id":"https:\/\/rutengehen-owl.de\/?page_id=15#breadcrumb"},"inLanguage":"de","potentialAction":[{"@type":"ReadAction","target":["https:\/\/rutengehen-owl.de\/?page_id=15"]}]},{"@type":"ImageObject","inLanguage":"de","@id":"https:\/\/rutengehen-owl.de\/?page_id=15#primaryimage","url":"https:\/\/rutengehen-owl.de\/wp-content\/uploads\/2023\/10\/photo_2023-10-17_20-29-23.jpg","contentUrl":"https:\/\/rutengehen-owl.de\/wp-content\/uploads\/2023\/10\/photo_2023-10-17_20-29-23.jpg","width":1280,"height":347},{"@type":"BreadcrumbList","@id":"https:\/\/rutengehen-owl.de\/?page_id=15#breadcrumb","itemListElement":[{"@type":"ListItem","position":1,"name":"Startseite","item":"https:\/\/rutengehen-owl.de\/"},{"@type":"ListItem","position":2,"name":"Bekannte Ruteng\u00e4nger gestern und heute"}]},{"@type":"WebSite","@id":"https:\/\/rutengehen-owl.de\/#website","url":"https:\/\/rutengehen-owl.de\/","name":"Der Weg zu einem guten Schlaf &amp; mehr Lebensenergie","description":"","potentialAction":[{"@type":"SearchAction","target":{"@type":"EntryPoint","urlTemplate":"https:\/\/rutengehen-owl.de\/?s={search_term_string}"},"query-input":{"@type":"PropertyValueSpecification","valueRequired":true,"valueName":"search_term_string"}}],"inLanguage":"de"}]}},"_links":{"self":[{"href":"https:\/\/rutengehen-owl.de\/index.php?rest_route=\/wp\/v2\/pages\/15","targetHints":{"allow":["GET"]}}],"collection":[{"href":"https:\/\/rutengehen-owl.de\/index.php?rest_route=\/wp\/v2\/pages"}],"about":[{"href":"https:\/\/rutengehen-owl.de\/index.php?rest_route=\/wp\/v2\/types\/page"}],"author":[{"embeddable":true,"href":"https:\/\/rutengehen-owl.de\/index.php?rest_route=\/wp\/v2\/users\/1"}],"replies":[{"embeddable":true,"href":"https:\/\/rutengehen-owl.de\/index.php?rest_route=%2Fwp%2Fv2%2Fcomments&post=15"}],"version-history":[{"count":24,"href":"https:\/\/rutengehen-owl.de\/index.php?rest_route=\/wp\/v2\/pages\/15\/revisions"}],"predecessor-version":[{"id":634,"href":"https:\/\/rutengehen-owl.de\/index.php?rest_route=\/wp\/v2\/pages\/15\/revisions\/634"}],"wp:attachment":[{"href":"https:\/\/rutengehen-owl.de\/index.php?rest_route=%2Fwp%2Fv2%2Fmedia&parent=15"}],"curies":[{"name":"wp","href":"https:\/\/api.w.org\/{rel}","templated":true}]}}