{"id":2,"date":"2016-05-10T03:48:21","date_gmt":"2016-05-10T03:48:21","guid":{"rendered":"https:\/\/rutengehen-owl.de\/?page_id=2"},"modified":"2024-02-03T21:55:10","modified_gmt":"2024-02-03T19:55:10","slug":"rutengehen-in-ostwestfalen","status":"publish","type":"page","link":"https:\/\/rutengehen-owl.de\/","title":{"rendered":"GUTEN TAG UND HERZLICH WILLKOMMEN !"},"content":{"rendered":"<p style=\"text-align: center;\"><strong><span style=\"font-family: tahoma, arial, helvetica, sans-serif; font-size: 10pt; color: #003300;\">Sie suchen einen Ruteng\u00e4nger im Raum Bielefeld und im Gro\u00dfraum Ostwestfalen-Lippe? Dann sind Sie richtig bei mir:<\/span><\/strong><\/p>\r\n<h1 style=\"text-align: center;\"><span style=\"text-decoration: underline; font-family: helvetica, arial, sans-serif;\"><span style=\"color: #003300;\"><em>De<\/em><\/span><span style=\"color: #003300;\"><em>r<\/em><\/span><span style=\"color: #003300;\"><em> Weg zu einem guten Schlaf\u00a0 <\/em><\/span><strong><span style=\"color: #003300;\"><em><br \/><\/em><\/span><\/strong><\/span><\/h1>\r\n<p style=\"text-align: justify;\"><span style=\"font-family: helvetica, arial, sans-serif;\"><span style=\"color: #003300;\"><span style=\"color: #333333;\">Jeder kennt eine unruhige und wenig erholsame Nacht. Wir f\u00fchlen uns morgens wie ger\u00e4dert, m\u00fcde und haben wenig Motivation. Wenn Sorgen des Tages dr\u00fccken, k\u00f6nnen die N\u00e4chte sogar \u00fcber einen l\u00e4ngeren Zeitraum <\/span><\/span><span style=\"color: #003300;\"><span style=\"color: #333333;\">schlecht sein.<\/span><\/span><\/span><\/p>\r\n<p style=\"text-align: justify;\"><span style=\"color: #003300; font-family: helvetica, arial, sans-serif;\"> <img loading=\"lazy\" decoding=\"async\" class=\"wp-image-256 alignright\" src=\"https:\/\/rutengehen-owl.de\/wp-content\/uploads\/2023\/09\/marco-bianchetti-rdscoTsxv80-unsplash-300x199.jpg\" alt=\"\" width=\"344\" height=\"228\" srcset=\"https:\/\/rutengehen-owl.de\/wp-content\/uploads\/2023\/09\/marco-bianchetti-rdscoTsxv80-unsplash-300x199.jpg 300w, https:\/\/rutengehen-owl.de\/wp-content\/uploads\/2023\/09\/marco-bianchetti-rdscoTsxv80-unsplash-1024x678.jpg 1024w, https:\/\/rutengehen-owl.de\/wp-content\/uploads\/2023\/09\/marco-bianchetti-rdscoTsxv80-unsplash-768x509.jpg 768w, https:\/\/rutengehen-owl.de\/wp-content\/uploads\/2023\/09\/marco-bianchetti-rdscoTsxv80-unsplash-1536x1017.jpg 1536w, https:\/\/rutengehen-owl.de\/wp-content\/uploads\/2023\/09\/marco-bianchetti-rdscoTsxv80-unsplash-2048x1356.jpg 2048w\" sizes=\"auto, (max-width: 344px) 100vw, 344px\" \/><\/span><\/p>\r\n<p style=\"text-align: justify;\">\u00a0<\/p>\r\n<p style=\"text-align: justify;\">\u00a0<\/p>\r\n<p style=\"text-align: justify;\">\u00a0\u00a0\u00a0\u00a0 <img loading=\"lazy\" decoding=\"async\" class=\"alignnone  wp-image-383\" src=\"https:\/\/rutengehen-owl.de\/wp-content\/uploads\/2023\/10\/cropped-photo_2023-10-17_20-29-01-1-300x300.jpg\" alt=\"\" width=\"154\" height=\"154\" srcset=\"https:\/\/rutengehen-owl.de\/wp-content\/uploads\/2023\/10\/cropped-photo_2023-10-17_20-29-01-1-300x300.jpg 300w, https:\/\/rutengehen-owl.de\/wp-content\/uploads\/2023\/10\/cropped-photo_2023-10-17_20-29-01-1-150x150.jpg 150w, https:\/\/rutengehen-owl.de\/wp-content\/uploads\/2023\/10\/cropped-photo_2023-10-17_20-29-01-1-100x100.jpg 100w, https:\/\/rutengehen-owl.de\/wp-content\/uploads\/2023\/10\/cropped-photo_2023-10-17_20-29-01-1-270x270.jpg 270w, https:\/\/rutengehen-owl.de\/wp-content\/uploads\/2023\/10\/cropped-photo_2023-10-17_20-29-01-1-192x192.jpg 192w, https:\/\/rutengehen-owl.de\/wp-content\/uploads\/2023\/10\/cropped-photo_2023-10-17_20-29-01-1-180x180.jpg 180w, https:\/\/rutengehen-owl.de\/wp-content\/uploads\/2023\/10\/cropped-photo_2023-10-17_20-29-01-1-32x32.jpg 32w, https:\/\/rutengehen-owl.de\/wp-content\/uploads\/2023\/10\/cropped-photo_2023-10-17_20-29-01-1.jpg 512w\" sizes=\"auto, (max-width: 154px) 100vw, 154px\" \/>\u00a0\u00a0\u00a0\u00a0\u00a0\u00a0\u00a0\u00a0\u00a0\u00a0\u00a0\u00a0\u00a0\u00a0\u00a0<\/p>\r\n<p style=\"text-align: justify;\"><span style=\"color: #003300; font-family: helvetica, arial, sans-serif;\"><strong>Sind die N\u00e4chte jedoch ohne erkennbaren Grund unruhig, dann sollte eine Belastung der Bettstelle mit Erdstrahlen in Erw\u00e4gung <span style=\"color: #003300;\">gezogen werden u<\/span>nd ein gepr\u00fcfter Ruteng\u00e4nger zu Rate geholt werden.\u00a0<\/strong> <\/span><\/p>\r\n<p style=\"text-align: justify;\"><span style=\"color: #333333; font-family: helvetica, arial, sans-serif;\">Wir Menschen f\u00fchlen uns als sogenannte Strahlenfl\u00fcchter am Wohlsten an strahlungsfreien Orten und k\u00f6nnen sogar erkranken, wenn wir dies \u00fcber einen l\u00e4ngeren Zeitraum nicht beherzigen.<\/span><\/p>\r\n<p style=\"text-align: justify;\"><span style=\"font-family: helvetica, arial, sans-serif;\">Auf den n\u00e4chsten Seiten m\u00f6chte ich Sie gerne informieren \u00fcber Erdstrahlungen, \u00fcber die Auswirkungen der Strahlungen auf uns Menschen, die Tier- und Pflanzenwelt, was dies mit unserem Schlaf und anderen K\u00f6rperfunktionen zu tun hat und was ein Ruteng\u00e4nger Gutes bewirken kann. <br \/><\/span><\/p>\r\n<p style=\"text-align: justify;\"><span style=\"font-family: helvetica, arial, sans-serif;\"><img loading=\"lazy\" decoding=\"async\" class=\"alignnone  wp-image-372\" src=\"https:\/\/rutengehen-owl.de\/wp-content\/uploads\/2023\/10\/photo_2023-10-17_20-29-23-300x81.jpg\" alt=\"\" width=\"356\" height=\"96\" srcset=\"https:\/\/rutengehen-owl.de\/wp-content\/uploads\/2023\/10\/photo_2023-10-17_20-29-23-300x81.jpg 300w, https:\/\/rutengehen-owl.de\/wp-content\/uploads\/2023\/10\/photo_2023-10-17_20-29-23-1024x278.jpg 1024w, https:\/\/rutengehen-owl.de\/wp-content\/uploads\/2023\/10\/photo_2023-10-17_20-29-23-768x208.jpg 768w, https:\/\/rutengehen-owl.de\/wp-content\/uploads\/2023\/10\/photo_2023-10-17_20-29-23.jpg 1280w\" sizes=\"auto, (max-width: 356px) 100vw, 356px\" \/><\/span><\/p>\r\n<blockquote>\r\n<p style=\"text-align: right;\"><span style=\"color: #003300; font-family: helvetica, arial, sans-serif;\">Ihr alle f\u00fchlt geheimes Wirken der ewig waltenden Natur und aus den untersten Bezirken schmiegt sich herauf lebend&#8217;ge Spur<br \/>Johann Wolfgang von Goethe<\/span><\/p>\r\n<\/blockquote>\r\n<p>&nbsp;<\/p>\r\n","protected":false},"excerpt":{"rendered":"<p>Sie suchen einen Ruteng\u00e4nger im Raum Bielefeld und im Gro\u00dfraum Ostwestfalen-Lippe? Dann sind Sie richtig bei mir: Der Weg zu einem guten Schlaf\u00a0 Jeder kennt eine unruhige und wenig erholsame Nacht. Wir f\u00fchlen uns morgens wie ger\u00e4dert, m\u00fcde und haben wenig Motivation. Wenn Sorgen des Tages dr\u00fccken, k\u00f6nnen die N\u00e4chte sogar \u00fcber einen l\u00e4ngeren Zeitraum &hellip; <\/p>\n<p class=\"link-more\"><a href=\"https:\/\/rutengehen-owl.de\/\" class=\"more-link\"><span class=\"screen-reader-text\">\u201eGUTEN TAG UND HERZLICH WILLKOMMEN !\u201c <\/span>weiterlesen<\/a><\/p>\n","protected":false},"author":1,"featured_media":0,"parent":0,"menu_order":0,"comment_status":"closed","ping_status":"open","template":"","meta":{"iawp_total_views":285,"footnotes":""},"class_list":["post-2","page","type-page","status-publish","hentry"],"yoast_head":"<!-- This site is optimized with the Yoast SEO plugin v27.0 - https:\/\/yoast.com\/product\/yoast-seo-wordpress\/ -->\n<title>GUTEN TAG UND HERZLICH WILLKOMMEN ! - Der Weg zu einem guten Schlaf &amp; mehr Lebensenergie<\/title>\n<meta name=\"robots\" content=\"index, follow, max-snippet:-1, max-image-preview:large, max-video-preview:-1\" \/>\n<link rel=\"canonical\" href=\"https:\/\/rutengehen-owl.de\/\" \/>\n<meta property=\"og:locale\" content=\"de_DE\" \/>\n<meta property=\"og:type\" content=\"article\" \/>\n<meta property=\"og:title\" content=\"GUTEN TAG UND HERZLICH WILLKOMMEN ! - Der Weg zu einem guten Schlaf &amp; mehr Lebensenergie\" \/>\n<meta property=\"og:description\" content=\"Sie suchen einen Ruteng\u00e4nger im Raum Bielefeld und im Gro\u00dfraum Ostwestfalen-Lippe? Dann sind Sie richtig bei mir: Der Weg zu einem guten Schlaf\u00a0 Jeder kennt eine unruhige und wenig erholsame Nacht. Wir f\u00fchlen uns morgens wie ger\u00e4dert, m\u00fcde und haben wenig Motivation. Wenn Sorgen des Tages dr\u00fccken, k\u00f6nnen die N\u00e4chte sogar \u00fcber einen l\u00e4ngeren Zeitraum &hellip; \u201eGUTEN TAG UND HERZLICH WILLKOMMEN !\u201c weiterlesen\" \/>\n<meta property=\"og:url\" content=\"https:\/\/rutengehen-owl.de\/\" \/>\n<meta property=\"og:site_name\" content=\"Der Weg zu einem guten Schlaf &amp; mehr Lebensenergie\" \/>\n<meta property=\"article:modified_time\" content=\"2024-02-03T19:55:10+00:00\" \/>\n<meta property=\"og:image\" content=\"https:\/\/rutengehen-owl.de\/wp-content\/uploads\/2023\/09\/marco-bianchetti-rdscoTsxv80-unsplash-300x199.jpg\" \/>\n<meta name=\"twitter:card\" content=\"summary_large_image\" \/>\n<meta name=\"twitter:label1\" content=\"Gesch\u00e4tzte Lesezeit\" \/>\n\t<meta name=\"twitter:data1\" content=\"2\u00a0Minuten\" \/>\n<script type=\"application\/ld+json\" class=\"yoast-schema-graph\">{\"@context\":\"https:\/\/schema.org\",\"@graph\":[{\"@type\":\"WebPage\",\"@id\":\"https:\/\/rutengehen-owl.de\/\",\"url\":\"https:\/\/rutengehen-owl.de\/\",\"name\":\"GUTEN TAG UND HERZLICH WILLKOMMEN ! - Der Weg zu einem guten Schlaf &amp; mehr Lebensenergie\",\"isPartOf\":{\"@id\":\"https:\/\/rutengehen-owl.de\/#website\"},\"primaryImageOfPage\":{\"@id\":\"https:\/\/rutengehen-owl.de\/#primaryimage\"},\"image\":{\"@id\":\"https:\/\/rutengehen-owl.de\/#primaryimage\"},\"thumbnailUrl\":\"https:\/\/rutengehen-owl.de\/wp-content\/uploads\/2023\/09\/marco-bianchetti-rdscoTsxv80-unsplash-300x199.jpg\",\"datePublished\":\"2016-05-10T03:48:21+00:00\",\"dateModified\":\"2024-02-03T19:55:10+00:00\",\"breadcrumb\":{\"@id\":\"https:\/\/rutengehen-owl.de\/#breadcrumb\"},\"inLanguage\":\"de\",\"potentialAction\":[{\"@type\":\"ReadAction\",\"target\":[\"https:\/\/rutengehen-owl.de\/\"]}]},{\"@type\":\"ImageObject\",\"inLanguage\":\"de\",\"@id\":\"https:\/\/rutengehen-owl.de\/#primaryimage\",\"url\":\"https:\/\/rutengehen-owl.de\/wp-content\/uploads\/2023\/09\/marco-bianchetti-rdscoTsxv80-unsplash-scaled.jpg\",\"contentUrl\":\"https:\/\/rutengehen-owl.de\/wp-content\/uploads\/2023\/09\/marco-bianchetti-rdscoTsxv80-unsplash-scaled.jpg\",\"width\":2560,\"height\":1696},{\"@type\":\"BreadcrumbList\",\"@id\":\"https:\/\/rutengehen-owl.de\/#breadcrumb\",\"itemListElement\":[{\"@type\":\"ListItem\",\"position\":1,\"name\":\"Startseite\",\"item\":\"https:\/\/rutengehen-owl.de\/\"},{\"@type\":\"ListItem\",\"position\":2,\"name\":\"GUTEN TAG UND HERZLICH WILLKOMMEN !\"}]},{\"@type\":\"WebSite\",\"@id\":\"https:\/\/rutengehen-owl.de\/#website\",\"url\":\"https:\/\/rutengehen-owl.de\/\",\"name\":\"Der Weg zu einem guten Schlaf &amp; mehr Lebensenergie\",\"description\":\"\",\"potentialAction\":[{\"@type\":\"SearchAction\",\"target\":{\"@type\":\"EntryPoint\",\"urlTemplate\":\"https:\/\/rutengehen-owl.de\/?s={search_term_string}\"},\"query-input\":{\"@type\":\"PropertyValueSpecification\",\"valueRequired\":true,\"valueName\":\"search_term_string\"}}],\"inLanguage\":\"de\"}]}<\/script>\n<!-- \/ Yoast SEO plugin. -->","yoast_head_json":{"title":"GUTEN TAG UND HERZLICH WILLKOMMEN ! - Der Weg zu einem guten Schlaf &amp; mehr Lebensenergie","robots":{"index":"index","follow":"follow","max-snippet":"max-snippet:-1","max-image-preview":"max-image-preview:large","max-video-preview":"max-video-preview:-1"},"canonical":"https:\/\/rutengehen-owl.de\/","og_locale":"de_DE","og_type":"article","og_title":"GUTEN TAG UND HERZLICH WILLKOMMEN ! - Der Weg zu einem guten Schlaf &amp; mehr Lebensenergie","og_description":"Sie suchen einen Ruteng\u00e4nger im Raum Bielefeld und im Gro\u00dfraum Ostwestfalen-Lippe? Dann sind Sie richtig bei mir: Der Weg zu einem guten Schlaf\u00a0 Jeder kennt eine unruhige und wenig erholsame Nacht. Wir f\u00fchlen uns morgens wie ger\u00e4dert, m\u00fcde und haben wenig Motivation. Wenn Sorgen des Tages dr\u00fccken, k\u00f6nnen die N\u00e4chte sogar \u00fcber einen l\u00e4ngeren Zeitraum &hellip; \u201eGUTEN TAG UND HERZLICH WILLKOMMEN !\u201c weiterlesen","og_url":"https:\/\/rutengehen-owl.de\/","og_site_name":"Der Weg zu einem guten Schlaf &amp; mehr Lebensenergie","article_modified_time":"2024-02-03T19:55:10+00:00","og_image":[{"url":"https:\/\/rutengehen-owl.de\/wp-content\/uploads\/2023\/09\/marco-bianchetti-rdscoTsxv80-unsplash-300x199.jpg","type":"","width":"","height":""}],"twitter_card":"summary_large_image","twitter_misc":{"Gesch\u00e4tzte Lesezeit":"2\u00a0Minuten"},"schema":{"@context":"https:\/\/schema.org","@graph":[{"@type":"WebPage","@id":"https:\/\/rutengehen-owl.de\/","url":"https:\/\/rutengehen-owl.de\/","name":"GUTEN TAG UND HERZLICH WILLKOMMEN ! - Der Weg zu einem guten Schlaf &amp; mehr Lebensenergie","isPartOf":{"@id":"https:\/\/rutengehen-owl.de\/#website"},"primaryImageOfPage":{"@id":"https:\/\/rutengehen-owl.de\/#primaryimage"},"image":{"@id":"https:\/\/rutengehen-owl.de\/#primaryimage"},"thumbnailUrl":"https:\/\/rutengehen-owl.de\/wp-content\/uploads\/2023\/09\/marco-bianchetti-rdscoTsxv80-unsplash-300x199.jpg","datePublished":"2016-05-10T03:48:21+00:00","dateModified":"2024-02-03T19:55:10+00:00","breadcrumb":{"@id":"https:\/\/rutengehen-owl.de\/#breadcrumb"},"inLanguage":"de","potentialAction":[{"@type":"ReadAction","target":["https:\/\/rutengehen-owl.de\/"]}]},{"@type":"ImageObject","inLanguage":"de","@id":"https:\/\/rutengehen-owl.de\/#primaryimage","url":"https:\/\/rutengehen-owl.de\/wp-content\/uploads\/2023\/09\/marco-bianchetti-rdscoTsxv80-unsplash-scaled.jpg","contentUrl":"https:\/\/rutengehen-owl.de\/wp-content\/uploads\/2023\/09\/marco-bianchetti-rdscoTsxv80-unsplash-scaled.jpg","width":2560,"height":1696},{"@type":"BreadcrumbList","@id":"https:\/\/rutengehen-owl.de\/#breadcrumb","itemListElement":[{"@type":"ListItem","position":1,"name":"Startseite","item":"https:\/\/rutengehen-owl.de\/"},{"@type":"ListItem","position":2,"name":"GUTEN TAG UND HERZLICH WILLKOMMEN !"}]},{"@type":"WebSite","@id":"https:\/\/rutengehen-owl.de\/#website","url":"https:\/\/rutengehen-owl.de\/","name":"Der Weg zu einem guten Schlaf &amp; mehr Lebensenergie","description":"","potentialAction":[{"@type":"SearchAction","target":{"@type":"EntryPoint","urlTemplate":"https:\/\/rutengehen-owl.de\/?s={search_term_string}"},"query-input":{"@type":"PropertyValueSpecification","valueRequired":true,"valueName":"search_term_string"}}],"inLanguage":"de"}]}},"_links":{"self":[{"href":"https:\/\/rutengehen-owl.de\/index.php?rest_route=\/wp\/v2\/pages\/2","targetHints":{"allow":["GET"]}}],"collection":[{"href":"https:\/\/rutengehen-owl.de\/index.php?rest_route=\/wp\/v2\/pages"}],"about":[{"href":"https:\/\/rutengehen-owl.de\/index.php?rest_route=\/wp\/v2\/types\/page"}],"author":[{"embeddable":true,"href":"https:\/\/rutengehen-owl.de\/index.php?rest_route=\/wp\/v2\/users\/1"}],"replies":[{"embeddable":true,"href":"https:\/\/rutengehen-owl.de\/index.php?rest_route=%2Fwp%2Fv2%2Fcomments&post=2"}],"version-history":[{"count":48,"href":"https:\/\/rutengehen-owl.de\/index.php?rest_route=\/wp\/v2\/pages\/2\/revisions"}],"predecessor-version":[{"id":696,"href":"https:\/\/rutengehen-owl.de\/index.php?rest_route=\/wp\/v2\/pages\/2\/revisions\/696"}],"wp:attachment":[{"href":"https:\/\/rutengehen-owl.de\/index.php?rest_route=%2Fwp%2Fv2%2Fmedia&parent=2"}],"curies":[{"name":"wp","href":"https:\/\/api.w.org\/{rel}","templated":true}]}}