{"id":23,"date":"2023-08-07T10:58:25","date_gmt":"2023-08-07T08:58:25","guid":{"rendered":"https:\/\/rutengehen-owl.de\/?page_id=23"},"modified":"2023-10-24T16:10:45","modified_gmt":"2023-10-24T14:10:45","slug":"5-arten-der-erdstrahlung","status":"publish","type":"page","link":"https:\/\/rutengehen-owl.de\/?page_id=23","title":{"rendered":"F\u00fcnf Arten der Erdstrahlung"},"content":{"rendered":"<p><span style=\"color: #333333; font-family: helvetica, arial, sans-serif;\">Der Begriff\u00a0 <span style=\"color: #003300;\"><strong>Erdstrahlen<\/strong><\/span>\u00a0 hat sich im Volksmund gepr\u00e4gt und bezeichnet belastende Strahlen aus dem Erdinneren. Hierbei unterscheiden wir f\u00fcnf verschiedene Erdstrahlungen:<\/span><\/p>\n<p><span style=\"font-family: helvetica, arial, sans-serif; color: #333333;\"><span style=\"color: #003300;\">&#8211; <a style=\"color: #003300;\" href=\"https:\/\/rutengehen-owl.de\/?page_id=54\" target=\"_blank\" rel=\"noopener\">Wasseradern<\/a><\/span><br \/>\n<span style=\"color: #003300;\">&#8211; <a style=\"color: #003300;\" href=\"https:\/\/rutengehen-owl.de\/?page_id=56\" target=\"_blank\" rel=\"noopener\">Gesteinsbr\u00fcche<\/a><\/span><br \/>\n<span style=\"color: #003300;\">&#8211; <a style=\"color: #003300;\" href=\"https:\/\/rutengehen-owl.de\/?page_id=58\" target=\"_blank\" rel=\"noopener\">Gesteinsverwerfungen<\/a><\/span><br \/>\n<span style=\"color: #003300;\">&#8211; <a style=\"color: #003300;\" href=\"https:\/\/rutengehen-owl.de\/?page_id=60\" target=\"_blank\" rel=\"noopener\">Hartmann (Global) gitternetz<\/a><\/span><br \/>\n<span style=\"color: #003300;\">&#8211; <a style=\"color: #003300;\" href=\"https:\/\/rutengehen-owl.de\/?page_id=60\" target=\"_blank\" rel=\"noopener\">Currygitternetz<\/a><\/span><br \/>\n<\/span><\/p>\n<p style=\"text-align: left;\"><span style=\"color: #333333; font-family: helvetica, arial, sans-serif;\">Diesen Erdstrahlungen sind wir auf Schritt und Tritt &#8222;ausgeliefert&#8220;. Dies ist <img loading=\"lazy\" decoding=\"async\" class=\" wp-image-192 alignleft\" src=\"https:\/\/rutengehen-owl.de\/wp-content\/uploads\/2023\/08\/timon-studler-ABGaVhJxwDQ-unsplash-300x200.jpg\" alt=\"\" width=\"338\" height=\"225\" srcset=\"https:\/\/rutengehen-owl.de\/wp-content\/uploads\/2023\/08\/timon-studler-ABGaVhJxwDQ-unsplash-300x200.jpg 300w, https:\/\/rutengehen-owl.de\/wp-content\/uploads\/2023\/08\/timon-studler-ABGaVhJxwDQ-unsplash-1024x683.jpg 1024w, https:\/\/rutengehen-owl.de\/wp-content\/uploads\/2023\/08\/timon-studler-ABGaVhJxwDQ-unsplash-768x512.jpg 768w, https:\/\/rutengehen-owl.de\/wp-content\/uploads\/2023\/08\/timon-studler-ABGaVhJxwDQ-unsplash-1536x1024.jpg 1536w, https:\/\/rutengehen-owl.de\/wp-content\/uploads\/2023\/08\/timon-studler-ABGaVhJxwDQ-unsplash-2048x1365.jpg 2048w\" sizes=\"auto, (max-width: 338px) 100vw, 338px\" \/>vollkommen nat\u00fcrlich und normal und auch f\u00fcr uns Menschen als sogenannte &#8222;Strahlenfl\u00fcchter&#8220; kein Problem.<\/span><\/p>\n<p style=\"text-align: left;\"><span style=\"color: #003300; font-family: helvetica, arial, sans-serif;\"><strong> Problematisch wird es erst, wenn wir uns l\u00e4ngere Zeit auf diesen Erdstrahlen aufhalten, z.B., wenn sich unser Arbeitsplatz dort befindet\u00a0 oder unser Schlafplatz.<\/strong><\/span><\/p>\n","protected":false},"excerpt":{"rendered":"<p>Der Begriff\u00a0 Erdstrahlen\u00a0 hat sich im Volksmund gepr\u00e4gt und bezeichnet belastende Strahlen aus dem Erdinneren. Hierbei unterscheiden wir f\u00fcnf verschiedene Erdstrahlungen: &#8211; Wasseradern &#8211; Gesteinsbr\u00fcche &#8211; Gesteinsverwerfungen &#8211; Hartmann (Global) gitternetz &#8211; Currygitternetz Diesen Erdstrahlungen sind wir auf Schritt und Tritt &#8222;ausgeliefert&#8220;. Dies ist vollkommen nat\u00fcrlich und normal und auch f\u00fcr uns Menschen als sogenannte &hellip; <\/p>\n<p class=\"link-more\"><a href=\"https:\/\/rutengehen-owl.de\/?page_id=23\" class=\"more-link\"><span class=\"screen-reader-text\">\u201eF\u00fcnf Arten der Erdstrahlung\u201c <\/span>weiterlesen<\/a><\/p>\n","protected":false},"author":1,"featured_media":0,"parent":0,"menu_order":0,"comment_status":"closed","ping_status":"closed","template":"","meta":{"iawp_total_views":45,"footnotes":""},"class_list":["post-23","page","type-page","status-publish","hentry"],"yoast_head":"<!-- This site is optimized with the Yoast SEO plugin v27.0 - https:\/\/yoast.com\/product\/yoast-seo-wordpress\/ -->\n<title>F\u00fcnf Arten der Erdstrahlung - Der Weg zu einem guten Schlaf &amp; mehr Lebensenergie<\/title>\n<meta name=\"robots\" content=\"index, follow, max-snippet:-1, max-image-preview:large, max-video-preview:-1\" \/>\n<link rel=\"canonical\" href=\"https:\/\/rutengehen-owl.de\/?page_id=23\" \/>\n<meta property=\"og:locale\" content=\"de_DE\" \/>\n<meta property=\"og:type\" content=\"article\" \/>\n<meta property=\"og:title\" content=\"F\u00fcnf Arten der Erdstrahlung - Der Weg zu einem guten Schlaf &amp; mehr Lebensenergie\" \/>\n<meta property=\"og:description\" content=\"Der Begriff\u00a0 Erdstrahlen\u00a0 hat sich im Volksmund gepr\u00e4gt und bezeichnet belastende Strahlen aus dem Erdinneren. Hierbei unterscheiden wir f\u00fcnf verschiedene Erdstrahlungen: &#8211; Wasseradern &#8211; Gesteinsbr\u00fcche &#8211; Gesteinsverwerfungen &#8211; Hartmann (Global) gitternetz &#8211; Currygitternetz Diesen Erdstrahlungen sind wir auf Schritt und Tritt &#8222;ausgeliefert&#8220;. Dies ist vollkommen nat\u00fcrlich und normal und auch f\u00fcr uns Menschen als sogenannte &hellip; \u201eF\u00fcnf Arten der Erdstrahlung\u201c weiterlesen\" \/>\n<meta property=\"og:url\" content=\"https:\/\/rutengehen-owl.de\/?page_id=23\" \/>\n<meta property=\"og:site_name\" content=\"Der Weg zu einem guten Schlaf &amp; mehr Lebensenergie\" \/>\n<meta property=\"article:modified_time\" content=\"2023-10-24T14:10:45+00:00\" \/>\n<meta property=\"og:image\" content=\"https:\/\/rutengehen-owl.de\/wp-content\/uploads\/2023\/08\/timon-studler-ABGaVhJxwDQ-unsplash-300x200.jpg\" \/>\n<meta name=\"twitter:card\" content=\"summary_large_image\" \/>\n<meta name=\"twitter:label1\" content=\"Gesch\u00e4tzte Lesezeit\" \/>\n\t<meta name=\"twitter:data1\" content=\"1\u00a0Minute\" \/>\n<script type=\"application\/ld+json\" class=\"yoast-schema-graph\">{\"@context\":\"https:\/\/schema.org\",\"@graph\":[{\"@type\":\"WebPage\",\"@id\":\"https:\/\/rutengehen-owl.de\/?page_id=23\",\"url\":\"https:\/\/rutengehen-owl.de\/?page_id=23\",\"name\":\"F\u00fcnf Arten der Erdstrahlung - Der Weg zu einem guten Schlaf &amp; mehr Lebensenergie\",\"isPartOf\":{\"@id\":\"https:\/\/rutengehen-owl.de\/#website\"},\"primaryImageOfPage\":{\"@id\":\"https:\/\/rutengehen-owl.de\/?page_id=23#primaryimage\"},\"image\":{\"@id\":\"https:\/\/rutengehen-owl.de\/?page_id=23#primaryimage\"},\"thumbnailUrl\":\"https:\/\/rutengehen-owl.de\/wp-content\/uploads\/2023\/08\/timon-studler-ABGaVhJxwDQ-unsplash-300x200.jpg\",\"datePublished\":\"2023-08-07T08:58:25+00:00\",\"dateModified\":\"2023-10-24T14:10:45+00:00\",\"breadcrumb\":{\"@id\":\"https:\/\/rutengehen-owl.de\/?page_id=23#breadcrumb\"},\"inLanguage\":\"de\",\"potentialAction\":[{\"@type\":\"ReadAction\",\"target\":[\"https:\/\/rutengehen-owl.de\/?page_id=23\"]}]},{\"@type\":\"ImageObject\",\"inLanguage\":\"de\",\"@id\":\"https:\/\/rutengehen-owl.de\/?page_id=23#primaryimage\",\"url\":\"https:\/\/rutengehen-owl.de\/wp-content\/uploads\/2023\/08\/timon-studler-ABGaVhJxwDQ-unsplash-scaled.jpg\",\"contentUrl\":\"https:\/\/rutengehen-owl.de\/wp-content\/uploads\/2023\/08\/timon-studler-ABGaVhJxwDQ-unsplash-scaled.jpg\",\"width\":2560,\"height\":1707},{\"@type\":\"BreadcrumbList\",\"@id\":\"https:\/\/rutengehen-owl.de\/?page_id=23#breadcrumb\",\"itemListElement\":[{\"@type\":\"ListItem\",\"position\":1,\"name\":\"Startseite\",\"item\":\"https:\/\/rutengehen-owl.de\/\"},{\"@type\":\"ListItem\",\"position\":2,\"name\":\"F\u00fcnf Arten der Erdstrahlung\"}]},{\"@type\":\"WebSite\",\"@id\":\"https:\/\/rutengehen-owl.de\/#website\",\"url\":\"https:\/\/rutengehen-owl.de\/\",\"name\":\"Der Weg zu einem guten Schlaf &amp; mehr Lebensenergie\",\"description\":\"\",\"potentialAction\":[{\"@type\":\"SearchAction\",\"target\":{\"@type\":\"EntryPoint\",\"urlTemplate\":\"https:\/\/rutengehen-owl.de\/?s={search_term_string}\"},\"query-input\":{\"@type\":\"PropertyValueSpecification\",\"valueRequired\":true,\"valueName\":\"search_term_string\"}}],\"inLanguage\":\"de\"}]}<\/script>\n<!-- \/ Yoast SEO plugin. -->","yoast_head_json":{"title":"F\u00fcnf Arten der Erdstrahlung - Der Weg zu einem guten Schlaf &amp; mehr Lebensenergie","robots":{"index":"index","follow":"follow","max-snippet":"max-snippet:-1","max-image-preview":"max-image-preview:large","max-video-preview":"max-video-preview:-1"},"canonical":"https:\/\/rutengehen-owl.de\/?page_id=23","og_locale":"de_DE","og_type":"article","og_title":"F\u00fcnf Arten der Erdstrahlung - Der Weg zu einem guten Schlaf &amp; mehr Lebensenergie","og_description":"Der Begriff\u00a0 Erdstrahlen\u00a0 hat sich im Volksmund gepr\u00e4gt und bezeichnet belastende Strahlen aus dem Erdinneren. Hierbei unterscheiden wir f\u00fcnf verschiedene Erdstrahlungen: &#8211; Wasseradern &#8211; Gesteinsbr\u00fcche &#8211; Gesteinsverwerfungen &#8211; Hartmann (Global) gitternetz &#8211; Currygitternetz Diesen Erdstrahlungen sind wir auf Schritt und Tritt &#8222;ausgeliefert&#8220;. Dies ist vollkommen nat\u00fcrlich und normal und auch f\u00fcr uns Menschen als sogenannte &hellip; \u201eF\u00fcnf Arten der Erdstrahlung\u201c weiterlesen","og_url":"https:\/\/rutengehen-owl.de\/?page_id=23","og_site_name":"Der Weg zu einem guten Schlaf &amp; mehr Lebensenergie","article_modified_time":"2023-10-24T14:10:45+00:00","og_image":[{"url":"https:\/\/rutengehen-owl.de\/wp-content\/uploads\/2023\/08\/timon-studler-ABGaVhJxwDQ-unsplash-300x200.jpg","type":"","width":"","height":""}],"twitter_card":"summary_large_image","twitter_misc":{"Gesch\u00e4tzte Lesezeit":"1\u00a0Minute"},"schema":{"@context":"https:\/\/schema.org","@graph":[{"@type":"WebPage","@id":"https:\/\/rutengehen-owl.de\/?page_id=23","url":"https:\/\/rutengehen-owl.de\/?page_id=23","name":"F\u00fcnf Arten der Erdstrahlung - Der Weg zu einem guten Schlaf &amp; mehr Lebensenergie","isPartOf":{"@id":"https:\/\/rutengehen-owl.de\/#website"},"primaryImageOfPage":{"@id":"https:\/\/rutengehen-owl.de\/?page_id=23#primaryimage"},"image":{"@id":"https:\/\/rutengehen-owl.de\/?page_id=23#primaryimage"},"thumbnailUrl":"https:\/\/rutengehen-owl.de\/wp-content\/uploads\/2023\/08\/timon-studler-ABGaVhJxwDQ-unsplash-300x200.jpg","datePublished":"2023-08-07T08:58:25+00:00","dateModified":"2023-10-24T14:10:45+00:00","breadcrumb":{"@id":"https:\/\/rutengehen-owl.de\/?page_id=23#breadcrumb"},"inLanguage":"de","potentialAction":[{"@type":"ReadAction","target":["https:\/\/rutengehen-owl.de\/?page_id=23"]}]},{"@type":"ImageObject","inLanguage":"de","@id":"https:\/\/rutengehen-owl.de\/?page_id=23#primaryimage","url":"https:\/\/rutengehen-owl.de\/wp-content\/uploads\/2023\/08\/timon-studler-ABGaVhJxwDQ-unsplash-scaled.jpg","contentUrl":"https:\/\/rutengehen-owl.de\/wp-content\/uploads\/2023\/08\/timon-studler-ABGaVhJxwDQ-unsplash-scaled.jpg","width":2560,"height":1707},{"@type":"BreadcrumbList","@id":"https:\/\/rutengehen-owl.de\/?page_id=23#breadcrumb","itemListElement":[{"@type":"ListItem","position":1,"name":"Startseite","item":"https:\/\/rutengehen-owl.de\/"},{"@type":"ListItem","position":2,"name":"F\u00fcnf Arten der Erdstrahlung"}]},{"@type":"WebSite","@id":"https:\/\/rutengehen-owl.de\/#website","url":"https:\/\/rutengehen-owl.de\/","name":"Der Weg zu einem guten Schlaf &amp; mehr Lebensenergie","description":"","potentialAction":[{"@type":"SearchAction","target":{"@type":"EntryPoint","urlTemplate":"https:\/\/rutengehen-owl.de\/?s={search_term_string}"},"query-input":{"@type":"PropertyValueSpecification","valueRequired":true,"valueName":"search_term_string"}}],"inLanguage":"de"}]}},"_links":{"self":[{"href":"https:\/\/rutengehen-owl.de\/index.php?rest_route=\/wp\/v2\/pages\/23","targetHints":{"allow":["GET"]}}],"collection":[{"href":"https:\/\/rutengehen-owl.de\/index.php?rest_route=\/wp\/v2\/pages"}],"about":[{"href":"https:\/\/rutengehen-owl.de\/index.php?rest_route=\/wp\/v2\/types\/page"}],"author":[{"embeddable":true,"href":"https:\/\/rutengehen-owl.de\/index.php?rest_route=\/wp\/v2\/users\/1"}],"replies":[{"embeddable":true,"href":"https:\/\/rutengehen-owl.de\/index.php?rest_route=%2Fwp%2Fv2%2Fcomments&post=23"}],"version-history":[{"count":19,"href":"https:\/\/rutengehen-owl.de\/index.php?rest_route=\/wp\/v2\/pages\/23\/revisions"}],"predecessor-version":[{"id":445,"href":"https:\/\/rutengehen-owl.de\/index.php?rest_route=\/wp\/v2\/pages\/23\/revisions\/445"}],"wp:attachment":[{"href":"https:\/\/rutengehen-owl.de\/index.php?rest_route=%2Fwp%2Fv2%2Fmedia&parent=23"}],"curies":[{"name":"wp","href":"https:\/\/api.w.org\/{rel}","templated":true}]}}