{"id":25,"date":"2023-08-07T10:58:46","date_gmt":"2023-08-07T08:58:46","guid":{"rendered":"https:\/\/rutengehen-owl.de\/?page_id=25"},"modified":"2023-11-09T20:34:39","modified_gmt":"2023-11-09T18:34:39","slug":"wirkung-der-erdstrahlung","status":"publish","type":"page","link":"https:\/\/rutengehen-owl.de\/?page_id=25","title":{"rendered":"Wirkung der Erdstrahlung"},"content":{"rendered":"<p><img loading=\"lazy\" decoding=\"async\" class=\"alignnone size-medium wp-image-372\" src=\"https:\/\/rutengehen-owl.de\/wp-content\/uploads\/2023\/10\/photo_2023-10-17_20-29-23-300x81.jpg\" alt=\"\" width=\"300\" height=\"81\" srcset=\"https:\/\/rutengehen-owl.de\/wp-content\/uploads\/2023\/10\/photo_2023-10-17_20-29-23-300x81.jpg 300w, https:\/\/rutengehen-owl.de\/wp-content\/uploads\/2023\/10\/photo_2023-10-17_20-29-23-1024x278.jpg 1024w, https:\/\/rutengehen-owl.de\/wp-content\/uploads\/2023\/10\/photo_2023-10-17_20-29-23-768x208.jpg 768w, https:\/\/rutengehen-owl.de\/wp-content\/uploads\/2023\/10\/photo_2023-10-17_20-29-23.jpg 1280w\" sizes=\"auto, (max-width: 300px) 100vw, 300px\" \/><\/p>\n<p><span style=\"color: #003300; font-family: helvetica, arial, sans-serif;\">Seit \u00fcber 100 Jahren werden Erdstrahlen in der Erfahrungsheilkunde als Krankheitsursache dokumentiert und als verantwortlich diskutiert f\u00fcr Schlafst\u00f6rungen \u00fcber chronische Leiden bis hin zu Krebs.<\/span><\/p>\n<p><span style=\"color: #003300; font-family: helvetica, arial, sans-serif;\">Schon Paracelsus (1493 &#8211; 1541) Arzt und Naturforscher, sagte:<\/span><\/p>\n<blockquote><p><span style=\"font-family: helvetica, arial, sans-serif;\"><strong><em><span style=\"color: #003300;\">&#8222;Ein krankes Bett ist das sicherste Mittel, die Gesundheit zu ruinieren&#8220;.<\/span><\/em><\/strong><\/span><\/p>\n<ol style=\"list-style-type: lower-greek;\">\n<li><span style=\"font-family: helvetica, arial, sans-serif; color: #003300;\">&#8211; <a style=\"color: #003300;\" href=\"https:\/\/rutengehen-owl.de\/?page_id=27\" target=\"_blank\" rel=\"noopener\">Wirkung auf den Menschen und auf seine Gesundheit<\/a><br \/>\n&#8211; <a style=\"color: #003300;\" href=\"https:\/\/rutengehen-owl.de\/?page_id=29\" target=\"_blank\" rel=\"noopener\">Wirkung auf Tiere<\/a><br \/>\n&#8211; <a style=\"color: #003300;\" href=\"https:\/\/rutengehen-owl.de\/?page_id=31\" target=\"_blank\" rel=\"noopener\">Wirkung auf Pflanzen und B\u00e4ume<\/a><br \/>\n&#8211; <a style=\"color: #003300;\" href=\"https:\/\/rutengehen-owl.de\/?page_id=35\" target=\"_blank\" rel=\"noopener\">Krankheiten im Zusammenhang mit Erdstrahlung<\/a><\/span><\/li>\n<\/ol>\n<\/blockquote>\n<p><img loading=\"lazy\" decoding=\"async\" class=\" wp-image-383 alignright\" src=\"https:\/\/rutengehen-owl.de\/wp-content\/uploads\/2023\/10\/cropped-photo_2023-10-17_20-29-01-1-300x300.jpg\" alt=\"\" width=\"156\" height=\"156\" srcset=\"https:\/\/rutengehen-owl.de\/wp-content\/uploads\/2023\/10\/cropped-photo_2023-10-17_20-29-01-1-300x300.jpg 300w, https:\/\/rutengehen-owl.de\/wp-content\/uploads\/2023\/10\/cropped-photo_2023-10-17_20-29-01-1-150x150.jpg 150w, https:\/\/rutengehen-owl.de\/wp-content\/uploads\/2023\/10\/cropped-photo_2023-10-17_20-29-01-1-100x100.jpg 100w, https:\/\/rutengehen-owl.de\/wp-content\/uploads\/2023\/10\/cropped-photo_2023-10-17_20-29-01-1-270x270.jpg 270w, https:\/\/rutengehen-owl.de\/wp-content\/uploads\/2023\/10\/cropped-photo_2023-10-17_20-29-01-1-192x192.jpg 192w, https:\/\/rutengehen-owl.de\/wp-content\/uploads\/2023\/10\/cropped-photo_2023-10-17_20-29-01-1-180x180.jpg 180w, https:\/\/rutengehen-owl.de\/wp-content\/uploads\/2023\/10\/cropped-photo_2023-10-17_20-29-01-1-32x32.jpg 32w, https:\/\/rutengehen-owl.de\/wp-content\/uploads\/2023\/10\/cropped-photo_2023-10-17_20-29-01-1.jpg 512w\" sizes=\"auto, (max-width: 156px) 100vw, 156px\" \/><\/p>\n","protected":false},"excerpt":{"rendered":"<p>Seit \u00fcber 100 Jahren werden Erdstrahlen in der Erfahrungsheilkunde als Krankheitsursache dokumentiert und als verantwortlich diskutiert f\u00fcr Schlafst\u00f6rungen \u00fcber chronische Leiden bis hin zu Krebs. Schon Paracelsus (1493 &#8211; 1541) Arzt und Naturforscher, sagte: &#8222;Ein krankes Bett ist das sicherste Mittel, die Gesundheit zu ruinieren&#8220;. &#8211; Wirkung auf den Menschen und auf seine Gesundheit &#8211; &hellip; <\/p>\n<p class=\"link-more\"><a href=\"https:\/\/rutengehen-owl.de\/?page_id=25\" class=\"more-link\"><span class=\"screen-reader-text\">\u201eWirkung der Erdstrahlung\u201c <\/span>weiterlesen<\/a><\/p>\n","protected":false},"author":1,"featured_media":0,"parent":0,"menu_order":0,"comment_status":"closed","ping_status":"closed","template":"","meta":{"iawp_total_views":0,"footnotes":""},"class_list":["post-25","page","type-page","status-publish","hentry"],"yoast_head":"<!-- This site is optimized with the Yoast SEO plugin v27.0 - https:\/\/yoast.com\/product\/yoast-seo-wordpress\/ -->\n<title>Wirkung der Erdstrahlung - Der Weg zu einem guten Schlaf &amp; mehr Lebensenergie<\/title>\n<meta name=\"robots\" content=\"index, follow, max-snippet:-1, max-image-preview:large, max-video-preview:-1\" \/>\n<link rel=\"canonical\" href=\"https:\/\/rutengehen-owl.de\/?page_id=25\" \/>\n<meta property=\"og:locale\" content=\"de_DE\" \/>\n<meta property=\"og:type\" content=\"article\" \/>\n<meta property=\"og:title\" content=\"Wirkung der Erdstrahlung - Der Weg zu einem guten Schlaf &amp; mehr Lebensenergie\" \/>\n<meta property=\"og:description\" content=\"Seit \u00fcber 100 Jahren werden Erdstrahlen in der Erfahrungsheilkunde als Krankheitsursache dokumentiert und als verantwortlich diskutiert f\u00fcr Schlafst\u00f6rungen \u00fcber chronische Leiden bis hin zu Krebs. Schon Paracelsus (1493 &#8211; 1541) Arzt und Naturforscher, sagte: &#8222;Ein krankes Bett ist das sicherste Mittel, die Gesundheit zu ruinieren&#8220;. &#8211; Wirkung auf den Menschen und auf seine Gesundheit &#8211; &hellip; \u201eWirkung der Erdstrahlung\u201c weiterlesen\" \/>\n<meta property=\"og:url\" content=\"https:\/\/rutengehen-owl.de\/?page_id=25\" \/>\n<meta property=\"og:site_name\" content=\"Der Weg zu einem guten Schlaf &amp; mehr Lebensenergie\" \/>\n<meta property=\"article:modified_time\" content=\"2023-11-09T18:34:39+00:00\" \/>\n<meta property=\"og:image\" content=\"https:\/\/rutengehen-owl.de\/wp-content\/uploads\/2023\/10\/photo_2023-10-17_20-29-23-300x81.jpg\" \/>\n<meta name=\"twitter:card\" content=\"summary_large_image\" \/>\n<meta name=\"twitter:label1\" content=\"Gesch\u00e4tzte Lesezeit\" \/>\n\t<meta name=\"twitter:data1\" content=\"1\u00a0Minute\" \/>\n<script type=\"application\/ld+json\" class=\"yoast-schema-graph\">{\"@context\":\"https:\/\/schema.org\",\"@graph\":[{\"@type\":\"WebPage\",\"@id\":\"https:\/\/rutengehen-owl.de\/?page_id=25\",\"url\":\"https:\/\/rutengehen-owl.de\/?page_id=25\",\"name\":\"Wirkung der Erdstrahlung - Der Weg zu einem guten Schlaf &amp; mehr Lebensenergie\",\"isPartOf\":{\"@id\":\"https:\/\/rutengehen-owl.de\/#website\"},\"primaryImageOfPage\":{\"@id\":\"https:\/\/rutengehen-owl.de\/?page_id=25#primaryimage\"},\"image\":{\"@id\":\"https:\/\/rutengehen-owl.de\/?page_id=25#primaryimage\"},\"thumbnailUrl\":\"https:\/\/rutengehen-owl.de\/wp-content\/uploads\/2023\/10\/photo_2023-10-17_20-29-23-300x81.jpg\",\"datePublished\":\"2023-08-07T08:58:46+00:00\",\"dateModified\":\"2023-11-09T18:34:39+00:00\",\"breadcrumb\":{\"@id\":\"https:\/\/rutengehen-owl.de\/?page_id=25#breadcrumb\"},\"inLanguage\":\"de\",\"potentialAction\":[{\"@type\":\"ReadAction\",\"target\":[\"https:\/\/rutengehen-owl.de\/?page_id=25\"]}]},{\"@type\":\"ImageObject\",\"inLanguage\":\"de\",\"@id\":\"https:\/\/rutengehen-owl.de\/?page_id=25#primaryimage\",\"url\":\"https:\/\/rutengehen-owl.de\/wp-content\/uploads\/2023\/10\/photo_2023-10-17_20-29-23.jpg\",\"contentUrl\":\"https:\/\/rutengehen-owl.de\/wp-content\/uploads\/2023\/10\/photo_2023-10-17_20-29-23.jpg\",\"width\":1280,\"height\":347},{\"@type\":\"BreadcrumbList\",\"@id\":\"https:\/\/rutengehen-owl.de\/?page_id=25#breadcrumb\",\"itemListElement\":[{\"@type\":\"ListItem\",\"position\":1,\"name\":\"Startseite\",\"item\":\"https:\/\/rutengehen-owl.de\/\"},{\"@type\":\"ListItem\",\"position\":2,\"name\":\"Wirkung der Erdstrahlung\"}]},{\"@type\":\"WebSite\",\"@id\":\"https:\/\/rutengehen-owl.de\/#website\",\"url\":\"https:\/\/rutengehen-owl.de\/\",\"name\":\"Der Weg zu einem guten Schlaf &amp; mehr Lebensenergie\",\"description\":\"\",\"potentialAction\":[{\"@type\":\"SearchAction\",\"target\":{\"@type\":\"EntryPoint\",\"urlTemplate\":\"https:\/\/rutengehen-owl.de\/?s={search_term_string}\"},\"query-input\":{\"@type\":\"PropertyValueSpecification\",\"valueRequired\":true,\"valueName\":\"search_term_string\"}}],\"inLanguage\":\"de\"}]}<\/script>\n<!-- \/ Yoast SEO plugin. -->","yoast_head_json":{"title":"Wirkung der Erdstrahlung - Der Weg zu einem guten Schlaf &amp; mehr Lebensenergie","robots":{"index":"index","follow":"follow","max-snippet":"max-snippet:-1","max-image-preview":"max-image-preview:large","max-video-preview":"max-video-preview:-1"},"canonical":"https:\/\/rutengehen-owl.de\/?page_id=25","og_locale":"de_DE","og_type":"article","og_title":"Wirkung der Erdstrahlung - Der Weg zu einem guten Schlaf &amp; mehr Lebensenergie","og_description":"Seit \u00fcber 100 Jahren werden Erdstrahlen in der Erfahrungsheilkunde als Krankheitsursache dokumentiert und als verantwortlich diskutiert f\u00fcr Schlafst\u00f6rungen \u00fcber chronische Leiden bis hin zu Krebs. Schon Paracelsus (1493 &#8211; 1541) Arzt und Naturforscher, sagte: &#8222;Ein krankes Bett ist das sicherste Mittel, die Gesundheit zu ruinieren&#8220;. &#8211; Wirkung auf den Menschen und auf seine Gesundheit &#8211; &hellip; \u201eWirkung der Erdstrahlung\u201c weiterlesen","og_url":"https:\/\/rutengehen-owl.de\/?page_id=25","og_site_name":"Der Weg zu einem guten Schlaf &amp; mehr Lebensenergie","article_modified_time":"2023-11-09T18:34:39+00:00","og_image":[{"url":"https:\/\/rutengehen-owl.de\/wp-content\/uploads\/2023\/10\/photo_2023-10-17_20-29-23-300x81.jpg","type":"","width":"","height":""}],"twitter_card":"summary_large_image","twitter_misc":{"Gesch\u00e4tzte Lesezeit":"1\u00a0Minute"},"schema":{"@context":"https:\/\/schema.org","@graph":[{"@type":"WebPage","@id":"https:\/\/rutengehen-owl.de\/?page_id=25","url":"https:\/\/rutengehen-owl.de\/?page_id=25","name":"Wirkung der Erdstrahlung - Der Weg zu einem guten Schlaf &amp; mehr Lebensenergie","isPartOf":{"@id":"https:\/\/rutengehen-owl.de\/#website"},"primaryImageOfPage":{"@id":"https:\/\/rutengehen-owl.de\/?page_id=25#primaryimage"},"image":{"@id":"https:\/\/rutengehen-owl.de\/?page_id=25#primaryimage"},"thumbnailUrl":"https:\/\/rutengehen-owl.de\/wp-content\/uploads\/2023\/10\/photo_2023-10-17_20-29-23-300x81.jpg","datePublished":"2023-08-07T08:58:46+00:00","dateModified":"2023-11-09T18:34:39+00:00","breadcrumb":{"@id":"https:\/\/rutengehen-owl.de\/?page_id=25#breadcrumb"},"inLanguage":"de","potentialAction":[{"@type":"ReadAction","target":["https:\/\/rutengehen-owl.de\/?page_id=25"]}]},{"@type":"ImageObject","inLanguage":"de","@id":"https:\/\/rutengehen-owl.de\/?page_id=25#primaryimage","url":"https:\/\/rutengehen-owl.de\/wp-content\/uploads\/2023\/10\/photo_2023-10-17_20-29-23.jpg","contentUrl":"https:\/\/rutengehen-owl.de\/wp-content\/uploads\/2023\/10\/photo_2023-10-17_20-29-23.jpg","width":1280,"height":347},{"@type":"BreadcrumbList","@id":"https:\/\/rutengehen-owl.de\/?page_id=25#breadcrumb","itemListElement":[{"@type":"ListItem","position":1,"name":"Startseite","item":"https:\/\/rutengehen-owl.de\/"},{"@type":"ListItem","position":2,"name":"Wirkung der Erdstrahlung"}]},{"@type":"WebSite","@id":"https:\/\/rutengehen-owl.de\/#website","url":"https:\/\/rutengehen-owl.de\/","name":"Der Weg zu einem guten Schlaf &amp; mehr Lebensenergie","description":"","potentialAction":[{"@type":"SearchAction","target":{"@type":"EntryPoint","urlTemplate":"https:\/\/rutengehen-owl.de\/?s={search_term_string}"},"query-input":{"@type":"PropertyValueSpecification","valueRequired":true,"valueName":"search_term_string"}}],"inLanguage":"de"}]}},"_links":{"self":[{"href":"https:\/\/rutengehen-owl.de\/index.php?rest_route=\/wp\/v2\/pages\/25","targetHints":{"allow":["GET"]}}],"collection":[{"href":"https:\/\/rutengehen-owl.de\/index.php?rest_route=\/wp\/v2\/pages"}],"about":[{"href":"https:\/\/rutengehen-owl.de\/index.php?rest_route=\/wp\/v2\/types\/page"}],"author":[{"embeddable":true,"href":"https:\/\/rutengehen-owl.de\/index.php?rest_route=\/wp\/v2\/users\/1"}],"replies":[{"embeddable":true,"href":"https:\/\/rutengehen-owl.de\/index.php?rest_route=%2Fwp%2Fv2%2Fcomments&post=25"}],"version-history":[{"count":13,"href":"https:\/\/rutengehen-owl.de\/index.php?rest_route=\/wp\/v2\/pages\/25\/revisions"}],"predecessor-version":[{"id":481,"href":"https:\/\/rutengehen-owl.de\/index.php?rest_route=\/wp\/v2\/pages\/25\/revisions\/481"}],"wp:attachment":[{"href":"https:\/\/rutengehen-owl.de\/index.php?rest_route=%2Fwp%2Fv2%2Fmedia&parent=25"}],"curies":[{"name":"wp","href":"https:\/\/api.w.org\/{rel}","templated":true}]}}