{"id":27,"date":"2023-08-07T10:59:17","date_gmt":"2023-08-07T08:59:17","guid":{"rendered":"https:\/\/rutengehen-owl.de\/?page_id=27"},"modified":"2023-11-19T13:59:22","modified_gmt":"2023-11-19T11:59:22","slug":"wirkung-auf-den-menschen","status":"publish","type":"page","link":"https:\/\/rutengehen-owl.de\/?page_id=27","title":{"rendered":"Wirkung auf den Menschen und auf seine Gesundheit"},"content":{"rendered":"<p style=\"text-align: justify;\"><span style=\"color: #000080; font-family: helvetica, arial, sans-serif;\"><span style=\"color: #003300;\">Wir Menschen sind Strahlenfl\u00fcchter, f\u00fchlen uns also am wohlsten, wenn wir keinen Strahlungen ausgesetzt sind. Die Erdstrahlung begleitet uns jedoch auf Schritt und Tritt, ohne dass wir es wissen. <\/span><\/span><\/p>\n<p>&nbsp;<\/p>\n<p><span style=\"color: #000080; font-family: helvetica, arial, sans-serif;\"><span style=\"color: #003300;\"><img loading=\"lazy\" decoding=\"async\" class=\"aligncenter wp-image-236 size-large\" src=\"https:\/\/rutengehen-owl.de\/wp-content\/uploads\/2023\/08\/jacek-dylag-PMxT0XtQ-A-unsplash-scaled-e1699616180421-1024x414.jpg\" alt=\"\" width=\"525\" height=\"212\" srcset=\"https:\/\/rutengehen-owl.de\/wp-content\/uploads\/2023\/08\/jacek-dylag-PMxT0XtQ-A-unsplash-scaled-e1699616180421-1024x414.jpg 1024w, https:\/\/rutengehen-owl.de\/wp-content\/uploads\/2023\/08\/jacek-dylag-PMxT0XtQ-A-unsplash-scaled-e1699616180421-300x121.jpg 300w, https:\/\/rutengehen-owl.de\/wp-content\/uploads\/2023\/08\/jacek-dylag-PMxT0XtQ-A-unsplash-scaled-e1699616180421-768x311.jpg 768w, https:\/\/rutengehen-owl.de\/wp-content\/uploads\/2023\/08\/jacek-dylag-PMxT0XtQ-A-unsplash-scaled-e1699616180421-1536x622.jpg 1536w, https:\/\/rutengehen-owl.de\/wp-content\/uploads\/2023\/08\/jacek-dylag-PMxT0XtQ-A-unsplash-scaled-e1699616180421-2048x829.jpg 2048w\" sizes=\"auto, (max-width: 525px) 100vw, 525px\" \/><\/span><\/span><\/p>\n<p>&nbsp;<\/p>\n<p style=\"text-align: justify;\"><span style=\"color: #333333; font-family: helvetica, arial, sans-serif;\">Gef\u00e4hrlich werden die Erdstrahlungen f\u00fcr uns Menschen, wenn wir diesen lange Zeit ausgesetzt sind, z.B. wenn wir dort viele Stunden arbeiten oder unseren Schlafplatz haben, an dem wir dringend Kraft und Energie tanken sollten, damit unser K\u00f6rper regenerieren kann. Das Immunsystem ben\u00f6tigt eine ausreichende Regeneration des K\u00f6rpers, um optimal arbeiten zu k\u00f6nnen und somit Krankheiten vorzubeugen. <\/span><\/p>\n<p style=\"text-align: justify;\"><span style=\"font-family: helvetica, arial, sans-serif;\">Manche Menschen reagieren sehr empfindsam auf Erdstrahlungen und merken dies ganz eindeutig durch einen unruhigen Schlaf mit h\u00e4ufigem Wachwerden oder sie k\u00f6nnen erst gar nicht einschlafen. Anderen Menschen machen die Erdstrahlungen scheinbar auf den ersten Blick nichts aus. Unter Umst\u00e4nden wird das Immunsystem trotzdem in Mitleidenschaft gezogen, was sich dadurch zeigt, dass Krankheiten entstehen und erst nach der Diagnose festgestellt wurde, dass derjenige auf einer Erdstrahlung lag.<\/span><\/p>\n<p style=\"text-align: left;\"><span style=\"color: #003300; font-family: helvetica, arial, sans-serif;\"><strong>Wenn der Schlaf gest\u00f6rt ist, ist dies auf Dauer nat\u00fcrlich eine Gefahrenquelle, denn jedes Lebewesen ben\u00f6tigt zur Regeneration einen gesunden und erholsamen Schlaf.<\/strong><\/span><\/p>\n","protected":false},"excerpt":{"rendered":"<p>Wir Menschen sind Strahlenfl\u00fcchter, f\u00fchlen uns also am wohlsten, wenn wir keinen Strahlungen ausgesetzt sind. Die Erdstrahlung begleitet uns jedoch auf Schritt und Tritt, ohne dass wir es wissen. &nbsp; &nbsp; Gef\u00e4hrlich werden die Erdstrahlungen f\u00fcr uns Menschen, wenn wir diesen lange Zeit ausgesetzt sind, z.B. wenn wir dort viele Stunden arbeiten oder unseren Schlafplatz &hellip; <\/p>\n<p class=\"link-more\"><a href=\"https:\/\/rutengehen-owl.de\/?page_id=27\" class=\"more-link\"><span class=\"screen-reader-text\">\u201eWirkung auf den Menschen und auf seine Gesundheit\u201c <\/span>weiterlesen<\/a><\/p>\n","protected":false},"author":1,"featured_media":0,"parent":0,"menu_order":0,"comment_status":"closed","ping_status":"closed","template":"","meta":{"iawp_total_views":22,"footnotes":""},"class_list":["post-27","page","type-page","status-publish","hentry"],"yoast_head":"<!-- This site is optimized with the Yoast SEO plugin v27.0 - https:\/\/yoast.com\/product\/yoast-seo-wordpress\/ -->\n<title>Wirkung auf den Menschen und auf seine Gesundheit - Der Weg zu einem guten Schlaf &amp; mehr Lebensenergie<\/title>\n<meta name=\"robots\" content=\"index, follow, max-snippet:-1, max-image-preview:large, max-video-preview:-1\" \/>\n<link rel=\"canonical\" href=\"https:\/\/rutengehen-owl.de\/?page_id=27\" \/>\n<meta property=\"og:locale\" content=\"de_DE\" \/>\n<meta property=\"og:type\" content=\"article\" \/>\n<meta property=\"og:title\" content=\"Wirkung auf den Menschen und auf seine Gesundheit - Der Weg zu einem guten Schlaf &amp; mehr Lebensenergie\" \/>\n<meta property=\"og:description\" content=\"Wir Menschen sind Strahlenfl\u00fcchter, f\u00fchlen uns also am wohlsten, wenn wir keinen Strahlungen ausgesetzt sind. Die Erdstrahlung begleitet uns jedoch auf Schritt und Tritt, ohne dass wir es wissen. &nbsp; &nbsp; Gef\u00e4hrlich werden die Erdstrahlungen f\u00fcr uns Menschen, wenn wir diesen lange Zeit ausgesetzt sind, z.B. wenn wir dort viele Stunden arbeiten oder unseren Schlafplatz &hellip; \u201eWirkung auf den Menschen und auf seine Gesundheit\u201c weiterlesen\" \/>\n<meta property=\"og:url\" content=\"https:\/\/rutengehen-owl.de\/?page_id=27\" \/>\n<meta property=\"og:site_name\" content=\"Der Weg zu einem guten Schlaf &amp; mehr Lebensenergie\" \/>\n<meta property=\"article:modified_time\" content=\"2023-11-19T11:59:22+00:00\" \/>\n<meta property=\"og:image\" content=\"https:\/\/rutengehen-owl.de\/wp-content\/uploads\/2023\/08\/jacek-dylag-PMxT0XtQ-A-unsplash-scaled-e1699616180421-1024x414.jpg\" \/>\n<meta name=\"twitter:card\" content=\"summary_large_image\" \/>\n<meta name=\"twitter:label1\" content=\"Gesch\u00e4tzte Lesezeit\" \/>\n\t<meta name=\"twitter:data1\" content=\"2\u00a0Minuten\" \/>\n<script type=\"application\/ld+json\" class=\"yoast-schema-graph\">{\"@context\":\"https:\/\/schema.org\",\"@graph\":[{\"@type\":\"WebPage\",\"@id\":\"https:\/\/rutengehen-owl.de\/?page_id=27\",\"url\":\"https:\/\/rutengehen-owl.de\/?page_id=27\",\"name\":\"Wirkung auf den Menschen und auf seine Gesundheit - Der Weg zu einem guten Schlaf &amp; mehr Lebensenergie\",\"isPartOf\":{\"@id\":\"https:\/\/rutengehen-owl.de\/#website\"},\"primaryImageOfPage\":{\"@id\":\"https:\/\/rutengehen-owl.de\/?page_id=27#primaryimage\"},\"image\":{\"@id\":\"https:\/\/rutengehen-owl.de\/?page_id=27#primaryimage\"},\"thumbnailUrl\":\"https:\/\/rutengehen-owl.de\/wp-content\/uploads\/2023\/08\/jacek-dylag-PMxT0XtQ-A-unsplash-scaled-e1699616180421-1024x414.jpg\",\"datePublished\":\"2023-08-07T08:59:17+00:00\",\"dateModified\":\"2023-11-19T11:59:22+00:00\",\"breadcrumb\":{\"@id\":\"https:\/\/rutengehen-owl.de\/?page_id=27#breadcrumb\"},\"inLanguage\":\"de\",\"potentialAction\":[{\"@type\":\"ReadAction\",\"target\":[\"https:\/\/rutengehen-owl.de\/?page_id=27\"]}]},{\"@type\":\"ImageObject\",\"inLanguage\":\"de\",\"@id\":\"https:\/\/rutengehen-owl.de\/?page_id=27#primaryimage\",\"url\":\"https:\/\/rutengehen-owl.de\/wp-content\/uploads\/2023\/08\/jacek-dylag-PMxT0XtQ-A-unsplash-scaled-e1699616180421.jpg\",\"contentUrl\":\"https:\/\/rutengehen-owl.de\/wp-content\/uploads\/2023\/08\/jacek-dylag-PMxT0XtQ-A-unsplash-scaled-e1699616180421.jpg\",\"width\":2560,\"height\":1036},{\"@type\":\"BreadcrumbList\",\"@id\":\"https:\/\/rutengehen-owl.de\/?page_id=27#breadcrumb\",\"itemListElement\":[{\"@type\":\"ListItem\",\"position\":1,\"name\":\"Startseite\",\"item\":\"https:\/\/rutengehen-owl.de\/\"},{\"@type\":\"ListItem\",\"position\":2,\"name\":\"Wirkung auf den Menschen und auf seine Gesundheit\"}]},{\"@type\":\"WebSite\",\"@id\":\"https:\/\/rutengehen-owl.de\/#website\",\"url\":\"https:\/\/rutengehen-owl.de\/\",\"name\":\"Der Weg zu einem guten Schlaf &amp; mehr Lebensenergie\",\"description\":\"\",\"potentialAction\":[{\"@type\":\"SearchAction\",\"target\":{\"@type\":\"EntryPoint\",\"urlTemplate\":\"https:\/\/rutengehen-owl.de\/?s={search_term_string}\"},\"query-input\":{\"@type\":\"PropertyValueSpecification\",\"valueRequired\":true,\"valueName\":\"search_term_string\"}}],\"inLanguage\":\"de\"}]}<\/script>\n<!-- \/ Yoast SEO plugin. -->","yoast_head_json":{"title":"Wirkung auf den Menschen und auf seine Gesundheit - Der Weg zu einem guten Schlaf &amp; mehr Lebensenergie","robots":{"index":"index","follow":"follow","max-snippet":"max-snippet:-1","max-image-preview":"max-image-preview:large","max-video-preview":"max-video-preview:-1"},"canonical":"https:\/\/rutengehen-owl.de\/?page_id=27","og_locale":"de_DE","og_type":"article","og_title":"Wirkung auf den Menschen und auf seine Gesundheit - Der Weg zu einem guten Schlaf &amp; mehr Lebensenergie","og_description":"Wir Menschen sind Strahlenfl\u00fcchter, f\u00fchlen uns also am wohlsten, wenn wir keinen Strahlungen ausgesetzt sind. Die Erdstrahlung begleitet uns jedoch auf Schritt und Tritt, ohne dass wir es wissen. &nbsp; &nbsp; Gef\u00e4hrlich werden die Erdstrahlungen f\u00fcr uns Menschen, wenn wir diesen lange Zeit ausgesetzt sind, z.B. wenn wir dort viele Stunden arbeiten oder unseren Schlafplatz &hellip; \u201eWirkung auf den Menschen und auf seine Gesundheit\u201c weiterlesen","og_url":"https:\/\/rutengehen-owl.de\/?page_id=27","og_site_name":"Der Weg zu einem guten Schlaf &amp; mehr Lebensenergie","article_modified_time":"2023-11-19T11:59:22+00:00","og_image":[{"url":"https:\/\/rutengehen-owl.de\/wp-content\/uploads\/2023\/08\/jacek-dylag-PMxT0XtQ-A-unsplash-scaled-e1699616180421-1024x414.jpg","type":"","width":"","height":""}],"twitter_card":"summary_large_image","twitter_misc":{"Gesch\u00e4tzte Lesezeit":"2\u00a0Minuten"},"schema":{"@context":"https:\/\/schema.org","@graph":[{"@type":"WebPage","@id":"https:\/\/rutengehen-owl.de\/?page_id=27","url":"https:\/\/rutengehen-owl.de\/?page_id=27","name":"Wirkung auf den Menschen und auf seine Gesundheit - Der Weg zu einem guten Schlaf &amp; mehr Lebensenergie","isPartOf":{"@id":"https:\/\/rutengehen-owl.de\/#website"},"primaryImageOfPage":{"@id":"https:\/\/rutengehen-owl.de\/?page_id=27#primaryimage"},"image":{"@id":"https:\/\/rutengehen-owl.de\/?page_id=27#primaryimage"},"thumbnailUrl":"https:\/\/rutengehen-owl.de\/wp-content\/uploads\/2023\/08\/jacek-dylag-PMxT0XtQ-A-unsplash-scaled-e1699616180421-1024x414.jpg","datePublished":"2023-08-07T08:59:17+00:00","dateModified":"2023-11-19T11:59:22+00:00","breadcrumb":{"@id":"https:\/\/rutengehen-owl.de\/?page_id=27#breadcrumb"},"inLanguage":"de","potentialAction":[{"@type":"ReadAction","target":["https:\/\/rutengehen-owl.de\/?page_id=27"]}]},{"@type":"ImageObject","inLanguage":"de","@id":"https:\/\/rutengehen-owl.de\/?page_id=27#primaryimage","url":"https:\/\/rutengehen-owl.de\/wp-content\/uploads\/2023\/08\/jacek-dylag-PMxT0XtQ-A-unsplash-scaled-e1699616180421.jpg","contentUrl":"https:\/\/rutengehen-owl.de\/wp-content\/uploads\/2023\/08\/jacek-dylag-PMxT0XtQ-A-unsplash-scaled-e1699616180421.jpg","width":2560,"height":1036},{"@type":"BreadcrumbList","@id":"https:\/\/rutengehen-owl.de\/?page_id=27#breadcrumb","itemListElement":[{"@type":"ListItem","position":1,"name":"Startseite","item":"https:\/\/rutengehen-owl.de\/"},{"@type":"ListItem","position":2,"name":"Wirkung auf den Menschen und auf seine Gesundheit"}]},{"@type":"WebSite","@id":"https:\/\/rutengehen-owl.de\/#website","url":"https:\/\/rutengehen-owl.de\/","name":"Der Weg zu einem guten Schlaf &amp; mehr Lebensenergie","description":"","potentialAction":[{"@type":"SearchAction","target":{"@type":"EntryPoint","urlTemplate":"https:\/\/rutengehen-owl.de\/?s={search_term_string}"},"query-input":{"@type":"PropertyValueSpecification","valueRequired":true,"valueName":"search_term_string"}}],"inLanguage":"de"}]}},"_links":{"self":[{"href":"https:\/\/rutengehen-owl.de\/index.php?rest_route=\/wp\/v2\/pages\/27","targetHints":{"allow":["GET"]}}],"collection":[{"href":"https:\/\/rutengehen-owl.de\/index.php?rest_route=\/wp\/v2\/pages"}],"about":[{"href":"https:\/\/rutengehen-owl.de\/index.php?rest_route=\/wp\/v2\/types\/page"}],"author":[{"embeddable":true,"href":"https:\/\/rutengehen-owl.de\/index.php?rest_route=\/wp\/v2\/users\/1"}],"replies":[{"embeddable":true,"href":"https:\/\/rutengehen-owl.de\/index.php?rest_route=%2Fwp%2Fv2%2Fcomments&post=27"}],"version-history":[{"count":24,"href":"https:\/\/rutengehen-owl.de\/index.php?rest_route=\/wp\/v2\/pages\/27\/revisions"}],"predecessor-version":[{"id":583,"href":"https:\/\/rutengehen-owl.de\/index.php?rest_route=\/wp\/v2\/pages\/27\/revisions\/583"}],"wp:attachment":[{"href":"https:\/\/rutengehen-owl.de\/index.php?rest_route=%2Fwp%2Fv2%2Fmedia&parent=27"}],"curies":[{"name":"wp","href":"https:\/\/api.w.org\/{rel}","templated":true}]}}