{"id":29,"date":"2023-08-07T10:59:34","date_gmt":"2023-08-07T08:59:34","guid":{"rendered":"https:\/\/rutengehen-owl.de\/?page_id=29"},"modified":"2023-11-21T12:13:26","modified_gmt":"2023-11-21T10:13:26","slug":"wirkung-auf-tiere","status":"publish","type":"page","link":"https:\/\/rutengehen-owl.de\/?page_id=29","title":{"rendered":"Wirkung auf Tiere"},"content":{"rendered":"<p style=\"text-align: justify;\"><span style=\"color: #003300; font-family: helvetica, arial, sans-serif;\">Im Tierreich verh\u00e4lt es sich etwas anders, als bei uns Menschen. Es gibt Tiere, die ein erdstrahlenbelastetes Umfeld lieben und geradezu brauchen f\u00fcr ihre Gesunderhaltung, das sind die sogenannten Strahlensucher. Dies sind z.B. Katzen und Insekten.\u00a0<\/span><\/p>\n<p style=\"text-align: justify;\"><span style=\"color: #003300; font-family: helvetica, arial, sans-serif;\"><img loading=\"lazy\" decoding=\"async\" class=\"aligncenter wp-image-504 \" src=\"https:\/\/rutengehen-owl.de\/wp-content\/uploads\/2023\/11\/wolfgang-hasselmann-tHAW8wvuHP0-unsplash-2-e1699617604755-300x136.jpg\" alt=\"\" width=\"601\" height=\"272\" srcset=\"https:\/\/rutengehen-owl.de\/wp-content\/uploads\/2023\/11\/wolfgang-hasselmann-tHAW8wvuHP0-unsplash-2-e1699617604755-300x136.jpg 300w, https:\/\/rutengehen-owl.de\/wp-content\/uploads\/2023\/11\/wolfgang-hasselmann-tHAW8wvuHP0-unsplash-2-e1699617604755-768x349.jpg 768w, https:\/\/rutengehen-owl.de\/wp-content\/uploads\/2023\/11\/wolfgang-hasselmann-tHAW8wvuHP0-unsplash-2-e1699617604755-2048x931.jpg 2048w\" sizes=\"auto, (max-width: 601px) 100vw, 601px\" \/><\/span><\/p>\n<p style=\"text-align: justify;\"><span style=\"color: #003300; font-family: helvetica, arial, sans-serif;\">Es ist interessant, das<\/span><span style=\"color: #003300; font-family: helvetica, arial, sans-serif;\">s Bienen, deren Beuten auf einem Strahlenfeld stehen, wesentlich mehr Honig produzieren. Daher ist es auch f\u00fcr den Imker interessant, die belasteten Stellen zu kennen, die er widerrum z<\/span><span style=\"color: #003300; font-family: helvetica, arial, sans-serif;\">um Vorteil nutzen kann. <\/span><\/p>\n<p><span style=\"color: #003300; font-family: helvetica, arial, sans-serif;\"><img loading=\"lazy\" decoding=\"async\" class=\"wp-image-200 aligncenter\" src=\"https:\/\/rutengehen-owl.de\/wp-content\/uploads\/2023\/08\/floris-bronkhorst-VQfCvvlpTY4-unsplash-300x202.jpg\" alt=\"\" width=\"226\" height=\"152\" srcset=\"https:\/\/rutengehen-owl.de\/wp-content\/uploads\/2023\/08\/floris-bronkhorst-VQfCvvlpTY4-unsplash-300x202.jpg 300w, https:\/\/rutengehen-owl.de\/wp-content\/uploads\/2023\/08\/floris-bronkhorst-VQfCvvlpTY4-unsplash-1024x691.jpg 1024w, https:\/\/rutengehen-owl.de\/wp-content\/uploads\/2023\/08\/floris-bronkhorst-VQfCvvlpTY4-unsplash-768x518.jpg 768w, https:\/\/rutengehen-owl.de\/wp-content\/uploads\/2023\/08\/floris-bronkhorst-VQfCvvlpTY4-unsplash-1536x1036.jpg 1536w, https:\/\/rutengehen-owl.de\/wp-content\/uploads\/2023\/08\/floris-bronkhorst-VQfCvvlpTY4-unsplash-2048x1381.jpg 2048w\" sizes=\"auto, (max-width: 226px) 100vw, 226px\" \/><\/span><\/p>\n<p style=\"text-align: justify;\"><span style=\"color: #003300; font-family: helvetica, arial, sans-serif;\">A<\/span><span style=\"color: #003300; font-family: helvetica, arial, sans-serif;\">mei<\/span><span style=\"color: #003300; font-family: helvetica, arial, sans-serif;\">s<\/span><span style=\"color: #003300; font-family: helvetica, arial, sans-serif;\">en bauen <\/span><span style=\"color: #003300; font-family: helvetica, arial, sans-serif;\">ihre <\/span><span style=\"color: #003300; font-family: helvetica, arial, sans-serif;\">Ameisenhaufen immer in <\/span><span style=\"color: #003300; font-family: helvetica, arial, sans-serif;\">einem strahlenbelasteten Umfeld und sehen wir eine Ameisenstra\u00dfe, k\u00f6nnen wir davon ausgehen, dass die Rute ausschl\u00e4gt.<\/span><\/p>\n<p style=\"text-align: justify;\"><span style=\"color: #003300; font-family: helvetica, arial, sans-serif;\"> Zu den Strahlenfl\u00fcchtern im Tierreich z\u00e4hlen z.B. Hunde, Rehe, Hirsche, K\u00fche und Hasen.<br \/>\n<\/span><\/p>\n<p><span style=\"color: #003300; font-family: helvetica, arial, sans-serif;\"><img loading=\"lazy\" decoding=\"async\" class=\"size-medium wp-image-195 alignleft\" src=\"https:\/\/rutengehen-owl.de\/wp-content\/uploads\/2023\/08\/sdf-rahbar-dw7paFI1jnM-unsplash-200x300.jpg\" alt=\"\" width=\"200\" height=\"300\" srcset=\"https:\/\/rutengehen-owl.de\/wp-content\/uploads\/2023\/08\/sdf-rahbar-dw7paFI1jnM-unsplash-200x300.jpg 200w, https:\/\/rutengehen-owl.de\/wp-content\/uploads\/2023\/08\/sdf-rahbar-dw7paFI1jnM-unsplash-683x1024.jpg 683w, https:\/\/rutengehen-owl.de\/wp-content\/uploads\/2023\/08\/sdf-rahbar-dw7paFI1jnM-unsplash-768x1152.jpg 768w, https:\/\/rutengehen-owl.de\/wp-content\/uploads\/2023\/08\/sdf-rahbar-dw7paFI1jnM-unsplash-1024x1536.jpg 1024w, https:\/\/rutengehen-owl.de\/wp-content\/uploads\/2023\/08\/sdf-rahbar-dw7paFI1jnM-unsplash-1365x2048.jpg 1365w, https:\/\/rutengehen-owl.de\/wp-content\/uploads\/2023\/08\/sdf-rahbar-dw7paFI1jnM-unsplash-scaled.jpg 1707w\" sizes=\"auto, (max-width: 200px) 100vw, 200px\" \/><\/span><\/p>\n<p>&nbsp;<\/p>\n<p>&nbsp;<\/p>\n<p style=\"text-align: left;\"><span style=\"color: #003300; font-family: helvetica, arial, sans-serif;\">Freiwillig sucht sich ein Hund immer einen unbelasteten Ort zum Ruhen und Schlafen. Die Katze widerrum sucht sich als Strahlensucherin einen &#8222;unruhigen&#8220; Ort.<\/span><\/p>\n<p>&nbsp;<\/p>\n<p>&nbsp;<\/p>\n<p><img loading=\"lazy\" decoding=\"async\" class=\"size-medium wp-image-409 alignright\" src=\"https:\/\/rutengehen-owl.de\/wp-content\/uploads\/2023\/10\/modcatshop-pdALzg0yN-8-unsplash-225x300.jpg\" alt=\"\" width=\"225\" height=\"300\" srcset=\"https:\/\/rutengehen-owl.de\/wp-content\/uploads\/2023\/10\/modcatshop-pdALzg0yN-8-unsplash-225x300.jpg 225w, https:\/\/rutengehen-owl.de\/wp-content\/uploads\/2023\/10\/modcatshop-pdALzg0yN-8-unsplash-768x1024.jpg 768w, https:\/\/rutengehen-owl.de\/wp-content\/uploads\/2023\/10\/modcatshop-pdALzg0yN-8-unsplash-1152x1536.jpg 1152w, https:\/\/rutengehen-owl.de\/wp-content\/uploads\/2023\/10\/modcatshop-pdALzg0yN-8-unsplash-1536x2048.jpg 1536w, https:\/\/rutengehen-owl.de\/wp-content\/uploads\/2023\/10\/modcatshop-pdALzg0yN-8-unsplash-scaled.jpg 1920w\" sizes=\"auto, (max-width: 225px) 100vw, 225px\" \/><\/p>\n<p>&nbsp;<\/p>\n<p>&nbsp;<\/p>\n<p style=\"text-align: right;\"><span style=\"font-family: helvetica, arial, sans-serif; color: #003300;\">Schl\u00e4ft Ihre Katze gerne in Ihrem Bett, ist dies ein Hinweis, dass dieser Ort mit Erdstrahlen belastet ist.<\/span><\/p>\n","protected":false},"excerpt":{"rendered":"<p>Im Tierreich verh\u00e4lt es sich etwas anders, als bei uns Menschen. Es gibt Tiere, die ein erdstrahlenbelastetes Umfeld lieben und geradezu brauchen f\u00fcr ihre Gesunderhaltung, das sind die sogenannten Strahlensucher. Dies sind z.B. Katzen und Insekten.\u00a0 Es ist interessant, dass Bienen, deren Beuten auf einem Strahlenfeld stehen, wesentlich mehr Honig produzieren. Daher ist es auch &hellip; <\/p>\n<p class=\"link-more\"><a href=\"https:\/\/rutengehen-owl.de\/?page_id=29\" class=\"more-link\"><span class=\"screen-reader-text\">\u201eWirkung auf Tiere\u201c <\/span>weiterlesen<\/a><\/p>\n","protected":false},"author":1,"featured_media":0,"parent":0,"menu_order":0,"comment_status":"closed","ping_status":"closed","template":"","meta":{"iawp_total_views":11,"footnotes":""},"class_list":["post-29","page","type-page","status-publish","hentry"],"yoast_head":"<!-- This site is optimized with the Yoast SEO plugin v27.0 - https:\/\/yoast.com\/product\/yoast-seo-wordpress\/ -->\n<title>Wirkung auf Tiere - Der Weg zu einem guten Schlaf &amp; mehr Lebensenergie<\/title>\n<meta name=\"robots\" content=\"index, follow, max-snippet:-1, max-image-preview:large, max-video-preview:-1\" \/>\n<link rel=\"canonical\" href=\"https:\/\/rutengehen-owl.de\/?page_id=29\" \/>\n<meta property=\"og:locale\" content=\"de_DE\" \/>\n<meta property=\"og:type\" content=\"article\" \/>\n<meta property=\"og:title\" content=\"Wirkung auf Tiere - Der Weg zu einem guten Schlaf &amp; mehr Lebensenergie\" \/>\n<meta property=\"og:description\" content=\"Im Tierreich verh\u00e4lt es sich etwas anders, als bei uns Menschen. Es gibt Tiere, die ein erdstrahlenbelastetes Umfeld lieben und geradezu brauchen f\u00fcr ihre Gesunderhaltung, das sind die sogenannten Strahlensucher. Dies sind z.B. Katzen und Insekten.\u00a0 Es ist interessant, dass Bienen, deren Beuten auf einem Strahlenfeld stehen, wesentlich mehr Honig produzieren. Daher ist es auch &hellip; \u201eWirkung auf Tiere\u201c weiterlesen\" \/>\n<meta property=\"og:url\" content=\"https:\/\/rutengehen-owl.de\/?page_id=29\" \/>\n<meta property=\"og:site_name\" content=\"Der Weg zu einem guten Schlaf &amp; mehr Lebensenergie\" \/>\n<meta property=\"article:modified_time\" content=\"2023-11-21T10:13:26+00:00\" \/>\n<meta property=\"og:image\" content=\"https:\/\/rutengehen-owl.de\/wp-content\/uploads\/2023\/11\/wolfgang-hasselmann-tHAW8wvuHP0-unsplash-2-e1699617604755-300x136.jpg\" \/>\n<meta name=\"twitter:card\" content=\"summary_large_image\" \/>\n<meta name=\"twitter:label1\" content=\"Gesch\u00e4tzte Lesezeit\" \/>\n\t<meta name=\"twitter:data1\" content=\"2\u00a0Minuten\" \/>\n<script type=\"application\/ld+json\" class=\"yoast-schema-graph\">{\"@context\":\"https:\/\/schema.org\",\"@graph\":[{\"@type\":\"WebPage\",\"@id\":\"https:\/\/rutengehen-owl.de\/?page_id=29\",\"url\":\"https:\/\/rutengehen-owl.de\/?page_id=29\",\"name\":\"Wirkung auf Tiere - Der Weg zu einem guten Schlaf &amp; mehr Lebensenergie\",\"isPartOf\":{\"@id\":\"https:\/\/rutengehen-owl.de\/#website\"},\"primaryImageOfPage\":{\"@id\":\"https:\/\/rutengehen-owl.de\/?page_id=29#primaryimage\"},\"image\":{\"@id\":\"https:\/\/rutengehen-owl.de\/?page_id=29#primaryimage\"},\"thumbnailUrl\":\"https:\/\/rutengehen-owl.de\/wp-content\/uploads\/2023\/11\/wolfgang-hasselmann-tHAW8wvuHP0-unsplash-2-e1699617604755-300x136.jpg\",\"datePublished\":\"2023-08-07T08:59:34+00:00\",\"dateModified\":\"2023-11-21T10:13:26+00:00\",\"breadcrumb\":{\"@id\":\"https:\/\/rutengehen-owl.de\/?page_id=29#breadcrumb\"},\"inLanguage\":\"de\",\"potentialAction\":[{\"@type\":\"ReadAction\",\"target\":[\"https:\/\/rutengehen-owl.de\/?page_id=29\"]}]},{\"@type\":\"ImageObject\",\"inLanguage\":\"de\",\"@id\":\"https:\/\/rutengehen-owl.de\/?page_id=29#primaryimage\",\"url\":\"https:\/\/rutengehen-owl.de\/wp-content\/uploads\/2023\/11\/wolfgang-hasselmann-tHAW8wvuHP0-unsplash-2-e1699617604755.jpg\",\"contentUrl\":\"https:\/\/rutengehen-owl.de\/wp-content\/uploads\/2023\/11\/wolfgang-hasselmann-tHAW8wvuHP0-unsplash-2-e1699617604755.jpg\",\"width\":2500,\"height\":1137},{\"@type\":\"BreadcrumbList\",\"@id\":\"https:\/\/rutengehen-owl.de\/?page_id=29#breadcrumb\",\"itemListElement\":[{\"@type\":\"ListItem\",\"position\":1,\"name\":\"Startseite\",\"item\":\"https:\/\/rutengehen-owl.de\/\"},{\"@type\":\"ListItem\",\"position\":2,\"name\":\"Wirkung auf Tiere\"}]},{\"@type\":\"WebSite\",\"@id\":\"https:\/\/rutengehen-owl.de\/#website\",\"url\":\"https:\/\/rutengehen-owl.de\/\",\"name\":\"Der Weg zu einem guten Schlaf &amp; mehr Lebensenergie\",\"description\":\"\",\"potentialAction\":[{\"@type\":\"SearchAction\",\"target\":{\"@type\":\"EntryPoint\",\"urlTemplate\":\"https:\/\/rutengehen-owl.de\/?s={search_term_string}\"},\"query-input\":{\"@type\":\"PropertyValueSpecification\",\"valueRequired\":true,\"valueName\":\"search_term_string\"}}],\"inLanguage\":\"de\"}]}<\/script>\n<!-- \/ Yoast SEO plugin. -->","yoast_head_json":{"title":"Wirkung auf Tiere - Der Weg zu einem guten Schlaf &amp; mehr Lebensenergie","robots":{"index":"index","follow":"follow","max-snippet":"max-snippet:-1","max-image-preview":"max-image-preview:large","max-video-preview":"max-video-preview:-1"},"canonical":"https:\/\/rutengehen-owl.de\/?page_id=29","og_locale":"de_DE","og_type":"article","og_title":"Wirkung auf Tiere - Der Weg zu einem guten Schlaf &amp; mehr Lebensenergie","og_description":"Im Tierreich verh\u00e4lt es sich etwas anders, als bei uns Menschen. Es gibt Tiere, die ein erdstrahlenbelastetes Umfeld lieben und geradezu brauchen f\u00fcr ihre Gesunderhaltung, das sind die sogenannten Strahlensucher. Dies sind z.B. Katzen und Insekten.\u00a0 Es ist interessant, dass Bienen, deren Beuten auf einem Strahlenfeld stehen, wesentlich mehr Honig produzieren. Daher ist es auch &hellip; \u201eWirkung auf Tiere\u201c weiterlesen","og_url":"https:\/\/rutengehen-owl.de\/?page_id=29","og_site_name":"Der Weg zu einem guten Schlaf &amp; mehr Lebensenergie","article_modified_time":"2023-11-21T10:13:26+00:00","og_image":[{"url":"https:\/\/rutengehen-owl.de\/wp-content\/uploads\/2023\/11\/wolfgang-hasselmann-tHAW8wvuHP0-unsplash-2-e1699617604755-300x136.jpg","type":"","width":"","height":""}],"twitter_card":"summary_large_image","twitter_misc":{"Gesch\u00e4tzte Lesezeit":"2\u00a0Minuten"},"schema":{"@context":"https:\/\/schema.org","@graph":[{"@type":"WebPage","@id":"https:\/\/rutengehen-owl.de\/?page_id=29","url":"https:\/\/rutengehen-owl.de\/?page_id=29","name":"Wirkung auf Tiere - Der Weg zu einem guten Schlaf &amp; mehr Lebensenergie","isPartOf":{"@id":"https:\/\/rutengehen-owl.de\/#website"},"primaryImageOfPage":{"@id":"https:\/\/rutengehen-owl.de\/?page_id=29#primaryimage"},"image":{"@id":"https:\/\/rutengehen-owl.de\/?page_id=29#primaryimage"},"thumbnailUrl":"https:\/\/rutengehen-owl.de\/wp-content\/uploads\/2023\/11\/wolfgang-hasselmann-tHAW8wvuHP0-unsplash-2-e1699617604755-300x136.jpg","datePublished":"2023-08-07T08:59:34+00:00","dateModified":"2023-11-21T10:13:26+00:00","breadcrumb":{"@id":"https:\/\/rutengehen-owl.de\/?page_id=29#breadcrumb"},"inLanguage":"de","potentialAction":[{"@type":"ReadAction","target":["https:\/\/rutengehen-owl.de\/?page_id=29"]}]},{"@type":"ImageObject","inLanguage":"de","@id":"https:\/\/rutengehen-owl.de\/?page_id=29#primaryimage","url":"https:\/\/rutengehen-owl.de\/wp-content\/uploads\/2023\/11\/wolfgang-hasselmann-tHAW8wvuHP0-unsplash-2-e1699617604755.jpg","contentUrl":"https:\/\/rutengehen-owl.de\/wp-content\/uploads\/2023\/11\/wolfgang-hasselmann-tHAW8wvuHP0-unsplash-2-e1699617604755.jpg","width":2500,"height":1137},{"@type":"BreadcrumbList","@id":"https:\/\/rutengehen-owl.de\/?page_id=29#breadcrumb","itemListElement":[{"@type":"ListItem","position":1,"name":"Startseite","item":"https:\/\/rutengehen-owl.de\/"},{"@type":"ListItem","position":2,"name":"Wirkung auf Tiere"}]},{"@type":"WebSite","@id":"https:\/\/rutengehen-owl.de\/#website","url":"https:\/\/rutengehen-owl.de\/","name":"Der Weg zu einem guten Schlaf &amp; mehr Lebensenergie","description":"","potentialAction":[{"@type":"SearchAction","target":{"@type":"EntryPoint","urlTemplate":"https:\/\/rutengehen-owl.de\/?s={search_term_string}"},"query-input":{"@type":"PropertyValueSpecification","valueRequired":true,"valueName":"search_term_string"}}],"inLanguage":"de"}]}},"_links":{"self":[{"href":"https:\/\/rutengehen-owl.de\/index.php?rest_route=\/wp\/v2\/pages\/29","targetHints":{"allow":["GET"]}}],"collection":[{"href":"https:\/\/rutengehen-owl.de\/index.php?rest_route=\/wp\/v2\/pages"}],"about":[{"href":"https:\/\/rutengehen-owl.de\/index.php?rest_route=\/wp\/v2\/types\/page"}],"author":[{"embeddable":true,"href":"https:\/\/rutengehen-owl.de\/index.php?rest_route=\/wp\/v2\/users\/1"}],"replies":[{"embeddable":true,"href":"https:\/\/rutengehen-owl.de\/index.php?rest_route=%2Fwp%2Fv2%2Fcomments&post=29"}],"version-history":[{"count":23,"href":"https:\/\/rutengehen-owl.de\/index.php?rest_route=\/wp\/v2\/pages\/29\/revisions"}],"predecessor-version":[{"id":637,"href":"https:\/\/rutengehen-owl.de\/index.php?rest_route=\/wp\/v2\/pages\/29\/revisions\/637"}],"wp:attachment":[{"href":"https:\/\/rutengehen-owl.de\/index.php?rest_route=%2Fwp%2Fv2%2Fmedia&parent=29"}],"curies":[{"name":"wp","href":"https:\/\/api.w.org\/{rel}","templated":true}]}}