{"id":31,"date":"2023-08-07T10:59:50","date_gmt":"2023-08-07T08:59:50","guid":{"rendered":"https:\/\/rutengehen-owl.de\/?page_id=31"},"modified":"2023-11-21T09:28:10","modified_gmt":"2023-11-21T07:28:10","slug":"wirkung-auf-pflanzen-und-baeume","status":"publish","type":"page","link":"https:\/\/rutengehen-owl.de\/?page_id=31","title":{"rendered":"Wirkung auf Pflanzen und B\u00e4ume"},"content":{"rendered":"<p style=\"text-align: justify;\"><span style=\"color: #003300; font-family: helvetica, arial, sans-serif;\">Auch im Pflanzenreich gibt es Strahlensucher &#8211; und fl\u00fcchter. Interessant ist, dass wild wachsende Heilpflanzen eine bessere Heilwirkung aufweisen als Pflanzen, die auf Plantagen gezogen werden. Die Pfefferminze und die Ringelblume z.B. sind Strahlensucher, sie wachsen wild vornehmlich auf strahlenbelastetem Boden, da sie sich diesen Platz selber &#8222;ausgesucht&#8220; haben.\u00a0 Dort k\u00f6nnen sie ihre Duftstoffe und Heilkr\u00e4fte am besten entwickeln. Auf Plantagen, wo die Heilpflanzen von Menschenhand gepflanzt werden, ergibt sich teilweise eine fehlende Erdstrahlung. Dies hat zur Folge, dass diese Pflanzen in ihrem Wachstum und ihrer Heilkraft niemals die Qualit\u00e4t der wildlebenden Exemplare erreichen.<\/span><\/p>\n<p style=\"text-align: justify;\"><span style=\"color: #003300; font-family: helvetica, arial, sans-serif;\"> Auch bei den B\u00e4umen gibt es die Sucher und die Fl\u00fcchter. Eine Eiche und ein Kirschbaum z.B. gedeihen auf Strahlenorten wesentlich besser. Dagegen w\u00fcnschen sich der Apfelbaum oder die Linde strahlungsfreie Orte. Eine Neuanpflanzung kann mit diesem Wissen auch zu besseren Erfolgen f\u00fchren. <\/span><\/p>\n<p style=\"text-align: justify;\"><span style=\"color: #003300; font-family: helvetica, arial, sans-serif;\"><img loading=\"lazy\" decoding=\"async\" class=\" wp-image-186 aligncenter\" src=\"https:\/\/rutengehen-owl.de\/wp-content\/uploads\/2023\/08\/gilly-stewart-boE2xft0cAo-unsplash-300x225.jpg\" alt=\"\" width=\"383\" height=\"287\" srcset=\"https:\/\/rutengehen-owl.de\/wp-content\/uploads\/2023\/08\/gilly-stewart-boE2xft0cAo-unsplash-300x225.jpg 300w, https:\/\/rutengehen-owl.de\/wp-content\/uploads\/2023\/08\/gilly-stewart-boE2xft0cAo-unsplash-1024x768.jpg 1024w, https:\/\/rutengehen-owl.de\/wp-content\/uploads\/2023\/08\/gilly-stewart-boE2xft0cAo-unsplash-768x576.jpg 768w, https:\/\/rutengehen-owl.de\/wp-content\/uploads\/2023\/08\/gilly-stewart-boE2xft0cAo-unsplash-1536x1152.jpg 1536w, https:\/\/rutengehen-owl.de\/wp-content\/uploads\/2023\/08\/gilly-stewart-boE2xft0cAo-unsplash-2048x1536.jpg 2048w\" sizes=\"auto, (max-width: 383px) 100vw, 383px\" \/><\/span><\/p>\n<p style=\"text-align: justify;\"><span style=\"color: #000080;\"><span style=\"color: #003300; font-family: helvetica, arial, sans-serif;\">Wenn ein Baum schief w\u00e4chst ohne sonstigen erkennbaren Grund, kann man davon ausgehen, dass er einer Erdstrahlung ausweicht.<\/span><\/span><\/p>\n<p>&nbsp;<\/p>\n<p><img loading=\"lazy\" decoding=\"async\" class=\" wp-image-604 alignleft\" src=\"https:\/\/rutengehen-owl.de\/wp-content\/uploads\/2023\/11\/20230916_085952-300x225.jpg\" alt=\"\" width=\"273\" height=\"205\" srcset=\"https:\/\/rutengehen-owl.de\/wp-content\/uploads\/2023\/11\/20230916_085952-300x225.jpg 300w, https:\/\/rutengehen-owl.de\/wp-content\/uploads\/2023\/11\/20230916_085952-1024x768.jpg 1024w, https:\/\/rutengehen-owl.de\/wp-content\/uploads\/2023\/11\/20230916_085952-768x576.jpg 768w\" sizes=\"auto, (max-width: 273px) 100vw, 273px\" \/><\/p>\n<p style=\"text-align: justify;\"><span style=\"color: #003300; font-family: helvetica, arial, sans-serif;\">Wenn wir eine Buche sehen, die eine Wucherung (Krebsgeschw\u00fcr) hat, k\u00f6nnen wir ziemlich sicher davon ausgehen, dass sie auf einem Erdstrahlengebiet steht. Die Buche ben\u00f6tigt einen erdstrahlenfreien Ort, um gesund alt zu werden. <\/span><\/p>\n<p>&nbsp;<\/p>\n<p>&nbsp;<\/p>\n<p style=\"text-align: justify;\"><span style=\"color: #003300; font-family: helvetica, arial, sans-serif;\">Wenn\u00a0 an einer Buche, die noch nicht ihr Endalter erreicht hat, Pilze wachsen, <img loading=\"lazy\" decoding=\"async\" class=\"size-medium wp-image-605 alignright\" src=\"https:\/\/rutengehen-owl.de\/wp-content\/uploads\/2023\/11\/20230919_133601-225x300.jpg\" alt=\"\" width=\"225\" height=\"300\" srcset=\"https:\/\/rutengehen-owl.de\/wp-content\/uploads\/2023\/11\/20230919_133601-225x300.jpg 225w, https:\/\/rutengehen-owl.de\/wp-content\/uploads\/2023\/11\/20230919_133601-768x1024.jpg 768w, https:\/\/rutengehen-owl.de\/wp-content\/uploads\/2023\/11\/20230919_133601-1152x1536.jpg 1152w, https:\/\/rutengehen-owl.de\/wp-content\/uploads\/2023\/11\/20230919_133601-1536x2048.jpg 1536w, https:\/\/rutengehen-owl.de\/wp-content\/uploads\/2023\/11\/20230919_133601-scaled.jpg 1920w\" sizes=\"auto, (max-width: 225px) 100vw, 225px\" \/>bedeutet dies, dass ihr System geschw\u00e4cht ist und sie mit ziemlicher Sicherheit auf einer Erdstrahlung steht. Die Ruten schlagen aus, sie \u00fcberkreuzen sich.<br \/>\n<\/span><\/p>\n<p style=\"text-align: right;\">\n","protected":false},"excerpt":{"rendered":"<p>Auch im Pflanzenreich gibt es Strahlensucher &#8211; und fl\u00fcchter. Interessant ist, dass wild wachsende Heilpflanzen eine bessere Heilwirkung aufweisen als Pflanzen, die auf Plantagen gezogen werden. Die Pfefferminze und die Ringelblume z.B. sind Strahlensucher, sie wachsen wild vornehmlich auf strahlenbelastetem Boden, da sie sich diesen Platz selber &#8222;ausgesucht&#8220; haben.\u00a0 Dort k\u00f6nnen sie ihre Duftstoffe und &hellip; <\/p>\n<p class=\"link-more\"><a href=\"https:\/\/rutengehen-owl.de\/?page_id=31\" class=\"more-link\"><span class=\"screen-reader-text\">\u201eWirkung auf Pflanzen und B\u00e4ume\u201c <\/span>weiterlesen<\/a><\/p>\n","protected":false},"author":1,"featured_media":0,"parent":0,"menu_order":0,"comment_status":"closed","ping_status":"closed","template":"","meta":{"iawp_total_views":9,"footnotes":""},"class_list":["post-31","page","type-page","status-publish","hentry"],"yoast_head":"<!-- This site is optimized with the Yoast SEO plugin v27.0 - https:\/\/yoast.com\/product\/yoast-seo-wordpress\/ -->\n<title>Wirkung auf Pflanzen und B\u00e4ume - Der Weg zu einem guten Schlaf &amp; mehr Lebensenergie<\/title>\n<meta name=\"robots\" content=\"index, follow, max-snippet:-1, max-image-preview:large, max-video-preview:-1\" \/>\n<link rel=\"canonical\" href=\"https:\/\/rutengehen-owl.de\/?page_id=31\" \/>\n<meta property=\"og:locale\" content=\"de_DE\" \/>\n<meta property=\"og:type\" content=\"article\" \/>\n<meta property=\"og:title\" content=\"Wirkung auf Pflanzen und B\u00e4ume - Der Weg zu einem guten Schlaf &amp; mehr Lebensenergie\" \/>\n<meta property=\"og:description\" content=\"Auch im Pflanzenreich gibt es Strahlensucher &#8211; und fl\u00fcchter. Interessant ist, dass wild wachsende Heilpflanzen eine bessere Heilwirkung aufweisen als Pflanzen, die auf Plantagen gezogen werden. Die Pfefferminze und die Ringelblume z.B. sind Strahlensucher, sie wachsen wild vornehmlich auf strahlenbelastetem Boden, da sie sich diesen Platz selber &#8222;ausgesucht&#8220; haben.\u00a0 Dort k\u00f6nnen sie ihre Duftstoffe und &hellip; \u201eWirkung auf Pflanzen und B\u00e4ume\u201c weiterlesen\" \/>\n<meta property=\"og:url\" content=\"https:\/\/rutengehen-owl.de\/?page_id=31\" \/>\n<meta property=\"og:site_name\" content=\"Der Weg zu einem guten Schlaf &amp; mehr Lebensenergie\" \/>\n<meta property=\"article:modified_time\" content=\"2023-11-21T07:28:10+00:00\" \/>\n<meta property=\"og:image\" content=\"https:\/\/rutengehen-owl.de\/wp-content\/uploads\/2023\/08\/gilly-stewart-boE2xft0cAo-unsplash-300x225.jpg\" \/>\n<meta name=\"twitter:card\" content=\"summary_large_image\" \/>\n<meta name=\"twitter:label1\" content=\"Gesch\u00e4tzte Lesezeit\" \/>\n\t<meta name=\"twitter:data1\" content=\"2\u00a0Minuten\" \/>\n<script type=\"application\/ld+json\" class=\"yoast-schema-graph\">{\"@context\":\"https:\/\/schema.org\",\"@graph\":[{\"@type\":\"WebPage\",\"@id\":\"https:\/\/rutengehen-owl.de\/?page_id=31\",\"url\":\"https:\/\/rutengehen-owl.de\/?page_id=31\",\"name\":\"Wirkung auf Pflanzen und B\u00e4ume - Der Weg zu einem guten Schlaf &amp; mehr Lebensenergie\",\"isPartOf\":{\"@id\":\"https:\/\/rutengehen-owl.de\/#website\"},\"primaryImageOfPage\":{\"@id\":\"https:\/\/rutengehen-owl.de\/?page_id=31#primaryimage\"},\"image\":{\"@id\":\"https:\/\/rutengehen-owl.de\/?page_id=31#primaryimage\"},\"thumbnailUrl\":\"https:\/\/rutengehen-owl.de\/wp-content\/uploads\/2023\/08\/gilly-stewart-boE2xft0cAo-unsplash-300x225.jpg\",\"datePublished\":\"2023-08-07T08:59:50+00:00\",\"dateModified\":\"2023-11-21T07:28:10+00:00\",\"breadcrumb\":{\"@id\":\"https:\/\/rutengehen-owl.de\/?page_id=31#breadcrumb\"},\"inLanguage\":\"de\",\"potentialAction\":[{\"@type\":\"ReadAction\",\"target\":[\"https:\/\/rutengehen-owl.de\/?page_id=31\"]}]},{\"@type\":\"ImageObject\",\"inLanguage\":\"de\",\"@id\":\"https:\/\/rutengehen-owl.de\/?page_id=31#primaryimage\",\"url\":\"https:\/\/rutengehen-owl.de\/wp-content\/uploads\/2023\/08\/gilly-stewart-boE2xft0cAo-unsplash-scaled.jpg\",\"contentUrl\":\"https:\/\/rutengehen-owl.de\/wp-content\/uploads\/2023\/08\/gilly-stewart-boE2xft0cAo-unsplash-scaled.jpg\",\"width\":2560,\"height\":1920},{\"@type\":\"BreadcrumbList\",\"@id\":\"https:\/\/rutengehen-owl.de\/?page_id=31#breadcrumb\",\"itemListElement\":[{\"@type\":\"ListItem\",\"position\":1,\"name\":\"Startseite\",\"item\":\"https:\/\/rutengehen-owl.de\/\"},{\"@type\":\"ListItem\",\"position\":2,\"name\":\"Wirkung auf Pflanzen und B\u00e4ume\"}]},{\"@type\":\"WebSite\",\"@id\":\"https:\/\/rutengehen-owl.de\/#website\",\"url\":\"https:\/\/rutengehen-owl.de\/\",\"name\":\"Der Weg zu einem guten Schlaf &amp; mehr Lebensenergie\",\"description\":\"\",\"potentialAction\":[{\"@type\":\"SearchAction\",\"target\":{\"@type\":\"EntryPoint\",\"urlTemplate\":\"https:\/\/rutengehen-owl.de\/?s={search_term_string}\"},\"query-input\":{\"@type\":\"PropertyValueSpecification\",\"valueRequired\":true,\"valueName\":\"search_term_string\"}}],\"inLanguage\":\"de\"}]}<\/script>\n<!-- \/ Yoast SEO plugin. -->","yoast_head_json":{"title":"Wirkung auf Pflanzen und B\u00e4ume - Der Weg zu einem guten Schlaf &amp; mehr Lebensenergie","robots":{"index":"index","follow":"follow","max-snippet":"max-snippet:-1","max-image-preview":"max-image-preview:large","max-video-preview":"max-video-preview:-1"},"canonical":"https:\/\/rutengehen-owl.de\/?page_id=31","og_locale":"de_DE","og_type":"article","og_title":"Wirkung auf Pflanzen und B\u00e4ume - Der Weg zu einem guten Schlaf &amp; mehr Lebensenergie","og_description":"Auch im Pflanzenreich gibt es Strahlensucher &#8211; und fl\u00fcchter. Interessant ist, dass wild wachsende Heilpflanzen eine bessere Heilwirkung aufweisen als Pflanzen, die auf Plantagen gezogen werden. Die Pfefferminze und die Ringelblume z.B. sind Strahlensucher, sie wachsen wild vornehmlich auf strahlenbelastetem Boden, da sie sich diesen Platz selber &#8222;ausgesucht&#8220; haben.\u00a0 Dort k\u00f6nnen sie ihre Duftstoffe und &hellip; \u201eWirkung auf Pflanzen und B\u00e4ume\u201c weiterlesen","og_url":"https:\/\/rutengehen-owl.de\/?page_id=31","og_site_name":"Der Weg zu einem guten Schlaf &amp; mehr Lebensenergie","article_modified_time":"2023-11-21T07:28:10+00:00","og_image":[{"url":"https:\/\/rutengehen-owl.de\/wp-content\/uploads\/2023\/08\/gilly-stewart-boE2xft0cAo-unsplash-300x225.jpg","type":"","width":"","height":""}],"twitter_card":"summary_large_image","twitter_misc":{"Gesch\u00e4tzte Lesezeit":"2\u00a0Minuten"},"schema":{"@context":"https:\/\/schema.org","@graph":[{"@type":"WebPage","@id":"https:\/\/rutengehen-owl.de\/?page_id=31","url":"https:\/\/rutengehen-owl.de\/?page_id=31","name":"Wirkung auf Pflanzen und B\u00e4ume - Der Weg zu einem guten Schlaf &amp; mehr Lebensenergie","isPartOf":{"@id":"https:\/\/rutengehen-owl.de\/#website"},"primaryImageOfPage":{"@id":"https:\/\/rutengehen-owl.de\/?page_id=31#primaryimage"},"image":{"@id":"https:\/\/rutengehen-owl.de\/?page_id=31#primaryimage"},"thumbnailUrl":"https:\/\/rutengehen-owl.de\/wp-content\/uploads\/2023\/08\/gilly-stewart-boE2xft0cAo-unsplash-300x225.jpg","datePublished":"2023-08-07T08:59:50+00:00","dateModified":"2023-11-21T07:28:10+00:00","breadcrumb":{"@id":"https:\/\/rutengehen-owl.de\/?page_id=31#breadcrumb"},"inLanguage":"de","potentialAction":[{"@type":"ReadAction","target":["https:\/\/rutengehen-owl.de\/?page_id=31"]}]},{"@type":"ImageObject","inLanguage":"de","@id":"https:\/\/rutengehen-owl.de\/?page_id=31#primaryimage","url":"https:\/\/rutengehen-owl.de\/wp-content\/uploads\/2023\/08\/gilly-stewart-boE2xft0cAo-unsplash-scaled.jpg","contentUrl":"https:\/\/rutengehen-owl.de\/wp-content\/uploads\/2023\/08\/gilly-stewart-boE2xft0cAo-unsplash-scaled.jpg","width":2560,"height":1920},{"@type":"BreadcrumbList","@id":"https:\/\/rutengehen-owl.de\/?page_id=31#breadcrumb","itemListElement":[{"@type":"ListItem","position":1,"name":"Startseite","item":"https:\/\/rutengehen-owl.de\/"},{"@type":"ListItem","position":2,"name":"Wirkung auf Pflanzen und B\u00e4ume"}]},{"@type":"WebSite","@id":"https:\/\/rutengehen-owl.de\/#website","url":"https:\/\/rutengehen-owl.de\/","name":"Der Weg zu einem guten Schlaf &amp; mehr Lebensenergie","description":"","potentialAction":[{"@type":"SearchAction","target":{"@type":"EntryPoint","urlTemplate":"https:\/\/rutengehen-owl.de\/?s={search_term_string}"},"query-input":{"@type":"PropertyValueSpecification","valueRequired":true,"valueName":"search_term_string"}}],"inLanguage":"de"}]}},"_links":{"self":[{"href":"https:\/\/rutengehen-owl.de\/index.php?rest_route=\/wp\/v2\/pages\/31","targetHints":{"allow":["GET"]}}],"collection":[{"href":"https:\/\/rutengehen-owl.de\/index.php?rest_route=\/wp\/v2\/pages"}],"about":[{"href":"https:\/\/rutengehen-owl.de\/index.php?rest_route=\/wp\/v2\/types\/page"}],"author":[{"embeddable":true,"href":"https:\/\/rutengehen-owl.de\/index.php?rest_route=\/wp\/v2\/users\/1"}],"replies":[{"embeddable":true,"href":"https:\/\/rutengehen-owl.de\/index.php?rest_route=%2Fwp%2Fv2%2Fcomments&post=31"}],"version-history":[{"count":17,"href":"https:\/\/rutengehen-owl.de\/index.php?rest_route=\/wp\/v2\/pages\/31\/revisions"}],"predecessor-version":[{"id":620,"href":"https:\/\/rutengehen-owl.de\/index.php?rest_route=\/wp\/v2\/pages\/31\/revisions\/620"}],"wp:attachment":[{"href":"https:\/\/rutengehen-owl.de\/index.php?rest_route=%2Fwp%2Fv2%2Fmedia&parent=31"}],"curies":[{"name":"wp","href":"https:\/\/api.w.org\/{rel}","templated":true}]}}