{"id":35,"date":"2023-08-07T11:00:27","date_gmt":"2023-08-07T09:00:27","guid":{"rendered":"https:\/\/rutengehen-owl.de\/?page_id=35"},"modified":"2023-11-19T14:11:56","modified_gmt":"2023-11-19T12:11:56","slug":"krankheiten-im-zusammenhang-mit-erdstrahlung","status":"publish","type":"page","link":"https:\/\/rutengehen-owl.de\/?page_id=35","title":{"rendered":"Krankheiten im Zusammenhang mit Erdstrahlung"},"content":{"rendered":"<p style=\"text-align: justify;\"><span style=\"color: #003300; font-family: helvetica, arial, sans-serif;\">Wenn wir Menschen uns mehrere Stunden in einem erdstrahlenbelasteten Umfeld aufhalten, kann sich unser Immunsystem nicht ausreichend regenerieren. Wenn sich unser Immunsystem nicht regenerieren kann, also seine Aufgaben nicht ungest\u00f6rt vollbringen kann, k\u00f6nnen Krankheiten entstehen. Diese k\u00f6nnen so vielf\u00e4ltig sein, wie wir Menschen es auch sind. Beginnend z.B. bei harmlosen, aber l\u00e4stigen Kopfschmerzen, aber auch schweren Krankheiten wie z.B.\u00a0 Rheuma, Gicht, Nervenerkrankungen bis hin zu Krebs s\u00e4mtlicher Art.<\/span><\/p>\n<p style=\"text-align: justify;\"><span style=\"color: #003300;\"><strong><span style=\"text-decoration: underline; font-family: helvetica, arial, sans-serif;\"> Die bekannte \u00c4rztin und Stiftungsgr\u00fcnderin Frau Dr. Veronica Carstens setzte sich sehr intensiv mit dem Rutengehen auseinander und kam zu folgendem Schluss:<\/span><\/strong><\/span><\/p>\n<blockquote><p><span style=\"text-decoration: underline; font-family: helvetica, arial, sans-serif;\"><span style=\"color: #333333; text-decoration: underline;\"><span style=\"color: #003300; text-decoration: underline;\"><strong> Kein Arzt der Welt kann einen Krebs erfolgreich behandeln, wenn er nicht vorher nach St\u00f6rfeldern gesucht hat.<\/strong><\/span><br \/>\n<\/span><\/span><\/p><\/blockquote>\n<p style=\"text-align: justify;\"><img loading=\"lazy\" decoding=\"async\" class=\"size-medium wp-image-418 alignright\" src=\"https:\/\/rutengehen-owl.de\/wp-content\/uploads\/2023\/10\/nik-shuliahin-BuNWp1bL0nc-unsplash-300x196.jpg\" alt=\"\" width=\"300\" height=\"196\" srcset=\"https:\/\/rutengehen-owl.de\/wp-content\/uploads\/2023\/10\/nik-shuliahin-BuNWp1bL0nc-unsplash-300x196.jpg 300w, https:\/\/rutengehen-owl.de\/wp-content\/uploads\/2023\/10\/nik-shuliahin-BuNWp1bL0nc-unsplash-1024x668.jpg 1024w, https:\/\/rutengehen-owl.de\/wp-content\/uploads\/2023\/10\/nik-shuliahin-BuNWp1bL0nc-unsplash-768x501.jpg 768w, https:\/\/rutengehen-owl.de\/wp-content\/uploads\/2023\/10\/nik-shuliahin-BuNWp1bL0nc-unsplash-1536x1002.jpg 1536w, https:\/\/rutengehen-owl.de\/wp-content\/uploads\/2023\/10\/nik-shuliahin-BuNWp1bL0nc-unsplash-2048x1336.jpg 2048w\" sizes=\"auto, (max-width: 300px) 100vw, 300px\" \/><\/p>\n<p style=\"text-align: justify;\"><span style=\"color: #003300; font-family: helvetica, arial, sans-serif;\"> Wenn Sie sich \u00fcber einen l\u00e4ngeren Zeitraum unwohl f\u00fchlen, einen schlechten und unruhigen Schlaf haben ohne erkennbaren Grund, dann muss immer an eine\u00a0 Belastung durch Erdstrahlen gedacht werden und dies sollte durch einen gepr\u00fcften Ruteng\u00e4nger untersucht\u00a0 werden.<\/span><\/p>\n<p style=\"text-align: justify;\"><img loading=\"lazy\" decoding=\"async\" class=\"alignnone size-medium wp-image-372\" src=\"https:\/\/rutengehen-owl.de\/wp-content\/uploads\/2023\/10\/photo_2023-10-17_20-29-23-300x81.jpg\" alt=\"\" width=\"300\" height=\"81\" srcset=\"https:\/\/rutengehen-owl.de\/wp-content\/uploads\/2023\/10\/photo_2023-10-17_20-29-23-300x81.jpg 300w, https:\/\/rutengehen-owl.de\/wp-content\/uploads\/2023\/10\/photo_2023-10-17_20-29-23-1024x278.jpg 1024w, https:\/\/rutengehen-owl.de\/wp-content\/uploads\/2023\/10\/photo_2023-10-17_20-29-23-768x208.jpg 768w, https:\/\/rutengehen-owl.de\/wp-content\/uploads\/2023\/10\/photo_2023-10-17_20-29-23.jpg 1280w\" sizes=\"auto, (max-width: 300px) 100vw, 300px\" \/><\/p>\n<p style=\"text-align: justify;\"><span style=\"font-family: helvetica, arial, sans-serif;\"><span style=\"color: #333333;\">Der Heilpraktiker Andreas Kopschina befasste sich in den 70er Jahren intensiv mit dem Rutengehen und formulierte Folgendes: <\/span><\/span><\/p>\n<blockquote><p><span style=\"color: #003300; font-family: helvetica, arial, sans-serif;\"><span style=\"color: #333333;\">&#8222;Der Versuch, einen Patienten erfolgreich zu therapieren, dessen Schlafplatz durch Erdstrahlen belastet ist, gleicht dem Versuch, sich unter einer laufenden Dusche abzutrocknen.&#8220;<\/span><br \/>\n<\/span><\/p>\n<p><img loading=\"lazy\" decoding=\"async\" class=\"size-full wp-image-381 alignright\" src=\"https:\/\/rutengehen-owl.de\/wp-content\/uploads\/2023\/10\/cropped-photo_2023-10-17_20-29-01.jpg\" alt=\"\" width=\"250\" height=\"250\" srcset=\"https:\/\/rutengehen-owl.de\/wp-content\/uploads\/2023\/10\/cropped-photo_2023-10-17_20-29-01.jpg 250w, https:\/\/rutengehen-owl.de\/wp-content\/uploads\/2023\/10\/cropped-photo_2023-10-17_20-29-01-150x150.jpg 150w, https:\/\/rutengehen-owl.de\/wp-content\/uploads\/2023\/10\/cropped-photo_2023-10-17_20-29-01-100x100.jpg 100w\" sizes=\"auto, (max-width: 250px) 100vw, 250px\" \/><\/p><\/blockquote>\n<p style=\"text-align: justify;\">\n","protected":false},"excerpt":{"rendered":"<p>Wenn wir Menschen uns mehrere Stunden in einem erdstrahlenbelasteten Umfeld aufhalten, kann sich unser Immunsystem nicht ausreichend regenerieren. Wenn sich unser Immunsystem nicht regenerieren kann, also seine Aufgaben nicht ungest\u00f6rt vollbringen kann, k\u00f6nnen Krankheiten entstehen. Diese k\u00f6nnen so vielf\u00e4ltig sein, wie wir Menschen es auch sind. Beginnend z.B. bei harmlosen, aber l\u00e4stigen Kopfschmerzen, aber auch &hellip; <\/p>\n<p class=\"link-more\"><a href=\"https:\/\/rutengehen-owl.de\/?page_id=35\" class=\"more-link\"><span class=\"screen-reader-text\">\u201eKrankheiten im Zusammenhang mit Erdstrahlung\u201c <\/span>weiterlesen<\/a><\/p>\n","protected":false},"author":1,"featured_media":0,"parent":0,"menu_order":0,"comment_status":"closed","ping_status":"closed","template":"","meta":{"iawp_total_views":16,"footnotes":""},"class_list":["post-35","page","type-page","status-publish","hentry"],"yoast_head":"<!-- This site is optimized with the Yoast SEO plugin v27.0 - https:\/\/yoast.com\/product\/yoast-seo-wordpress\/ -->\n<title>Krankheiten im Zusammenhang mit Erdstrahlung - Der Weg zu einem guten Schlaf &amp; mehr Lebensenergie<\/title>\n<meta name=\"robots\" content=\"index, follow, max-snippet:-1, max-image-preview:large, max-video-preview:-1\" \/>\n<link rel=\"canonical\" href=\"https:\/\/rutengehen-owl.de\/?page_id=35\" \/>\n<meta property=\"og:locale\" content=\"de_DE\" \/>\n<meta property=\"og:type\" content=\"article\" \/>\n<meta property=\"og:title\" content=\"Krankheiten im Zusammenhang mit Erdstrahlung - Der Weg zu einem guten Schlaf &amp; mehr Lebensenergie\" \/>\n<meta property=\"og:description\" content=\"Wenn wir Menschen uns mehrere Stunden in einem erdstrahlenbelasteten Umfeld aufhalten, kann sich unser Immunsystem nicht ausreichend regenerieren. Wenn sich unser Immunsystem nicht regenerieren kann, also seine Aufgaben nicht ungest\u00f6rt vollbringen kann, k\u00f6nnen Krankheiten entstehen. Diese k\u00f6nnen so vielf\u00e4ltig sein, wie wir Menschen es auch sind. Beginnend z.B. bei harmlosen, aber l\u00e4stigen Kopfschmerzen, aber auch &hellip; \u201eKrankheiten im Zusammenhang mit Erdstrahlung\u201c weiterlesen\" \/>\n<meta property=\"og:url\" content=\"https:\/\/rutengehen-owl.de\/?page_id=35\" \/>\n<meta property=\"og:site_name\" content=\"Der Weg zu einem guten Schlaf &amp; mehr Lebensenergie\" \/>\n<meta property=\"article:modified_time\" content=\"2023-11-19T12:11:56+00:00\" \/>\n<meta property=\"og:image\" content=\"https:\/\/rutengehen-owl.de\/wp-content\/uploads\/2023\/10\/nik-shuliahin-BuNWp1bL0nc-unsplash-300x196.jpg\" \/>\n<meta name=\"twitter:card\" content=\"summary_large_image\" \/>\n<meta name=\"twitter:label1\" content=\"Gesch\u00e4tzte Lesezeit\" \/>\n\t<meta name=\"twitter:data1\" content=\"2\u00a0Minuten\" \/>\n<script type=\"application\/ld+json\" class=\"yoast-schema-graph\">{\"@context\":\"https:\/\/schema.org\",\"@graph\":[{\"@type\":\"WebPage\",\"@id\":\"https:\/\/rutengehen-owl.de\/?page_id=35\",\"url\":\"https:\/\/rutengehen-owl.de\/?page_id=35\",\"name\":\"Krankheiten im Zusammenhang mit Erdstrahlung - Der Weg zu einem guten Schlaf &amp; mehr Lebensenergie\",\"isPartOf\":{\"@id\":\"https:\/\/rutengehen-owl.de\/#website\"},\"primaryImageOfPage\":{\"@id\":\"https:\/\/rutengehen-owl.de\/?page_id=35#primaryimage\"},\"image\":{\"@id\":\"https:\/\/rutengehen-owl.de\/?page_id=35#primaryimage\"},\"thumbnailUrl\":\"https:\/\/rutengehen-owl.de\/wp-content\/uploads\/2023\/10\/nik-shuliahin-BuNWp1bL0nc-unsplash-300x196.jpg\",\"datePublished\":\"2023-08-07T09:00:27+00:00\",\"dateModified\":\"2023-11-19T12:11:56+00:00\",\"breadcrumb\":{\"@id\":\"https:\/\/rutengehen-owl.de\/?page_id=35#breadcrumb\"},\"inLanguage\":\"de\",\"potentialAction\":[{\"@type\":\"ReadAction\",\"target\":[\"https:\/\/rutengehen-owl.de\/?page_id=35\"]}]},{\"@type\":\"ImageObject\",\"inLanguage\":\"de\",\"@id\":\"https:\/\/rutengehen-owl.de\/?page_id=35#primaryimage\",\"url\":\"https:\/\/rutengehen-owl.de\/wp-content\/uploads\/2023\/10\/nik-shuliahin-BuNWp1bL0nc-unsplash-scaled.jpg\",\"contentUrl\":\"https:\/\/rutengehen-owl.de\/wp-content\/uploads\/2023\/10\/nik-shuliahin-BuNWp1bL0nc-unsplash-scaled.jpg\",\"width\":2560,\"height\":1670},{\"@type\":\"BreadcrumbList\",\"@id\":\"https:\/\/rutengehen-owl.de\/?page_id=35#breadcrumb\",\"itemListElement\":[{\"@type\":\"ListItem\",\"position\":1,\"name\":\"Startseite\",\"item\":\"https:\/\/rutengehen-owl.de\/\"},{\"@type\":\"ListItem\",\"position\":2,\"name\":\"Krankheiten im Zusammenhang mit Erdstrahlung\"}]},{\"@type\":\"WebSite\",\"@id\":\"https:\/\/rutengehen-owl.de\/#website\",\"url\":\"https:\/\/rutengehen-owl.de\/\",\"name\":\"Der Weg zu einem guten Schlaf &amp; mehr Lebensenergie\",\"description\":\"\",\"potentialAction\":[{\"@type\":\"SearchAction\",\"target\":{\"@type\":\"EntryPoint\",\"urlTemplate\":\"https:\/\/rutengehen-owl.de\/?s={search_term_string}\"},\"query-input\":{\"@type\":\"PropertyValueSpecification\",\"valueRequired\":true,\"valueName\":\"search_term_string\"}}],\"inLanguage\":\"de\"}]}<\/script>\n<!-- \/ Yoast SEO plugin. -->","yoast_head_json":{"title":"Krankheiten im Zusammenhang mit Erdstrahlung - Der Weg zu einem guten Schlaf &amp; mehr Lebensenergie","robots":{"index":"index","follow":"follow","max-snippet":"max-snippet:-1","max-image-preview":"max-image-preview:large","max-video-preview":"max-video-preview:-1"},"canonical":"https:\/\/rutengehen-owl.de\/?page_id=35","og_locale":"de_DE","og_type":"article","og_title":"Krankheiten im Zusammenhang mit Erdstrahlung - Der Weg zu einem guten Schlaf &amp; mehr Lebensenergie","og_description":"Wenn wir Menschen uns mehrere Stunden in einem erdstrahlenbelasteten Umfeld aufhalten, kann sich unser Immunsystem nicht ausreichend regenerieren. Wenn sich unser Immunsystem nicht regenerieren kann, also seine Aufgaben nicht ungest\u00f6rt vollbringen kann, k\u00f6nnen Krankheiten entstehen. Diese k\u00f6nnen so vielf\u00e4ltig sein, wie wir Menschen es auch sind. Beginnend z.B. bei harmlosen, aber l\u00e4stigen Kopfschmerzen, aber auch &hellip; \u201eKrankheiten im Zusammenhang mit Erdstrahlung\u201c weiterlesen","og_url":"https:\/\/rutengehen-owl.de\/?page_id=35","og_site_name":"Der Weg zu einem guten Schlaf &amp; mehr Lebensenergie","article_modified_time":"2023-11-19T12:11:56+00:00","og_image":[{"url":"https:\/\/rutengehen-owl.de\/wp-content\/uploads\/2023\/10\/nik-shuliahin-BuNWp1bL0nc-unsplash-300x196.jpg","type":"","width":"","height":""}],"twitter_card":"summary_large_image","twitter_misc":{"Gesch\u00e4tzte Lesezeit":"2\u00a0Minuten"},"schema":{"@context":"https:\/\/schema.org","@graph":[{"@type":"WebPage","@id":"https:\/\/rutengehen-owl.de\/?page_id=35","url":"https:\/\/rutengehen-owl.de\/?page_id=35","name":"Krankheiten im Zusammenhang mit Erdstrahlung - Der Weg zu einem guten Schlaf &amp; mehr Lebensenergie","isPartOf":{"@id":"https:\/\/rutengehen-owl.de\/#website"},"primaryImageOfPage":{"@id":"https:\/\/rutengehen-owl.de\/?page_id=35#primaryimage"},"image":{"@id":"https:\/\/rutengehen-owl.de\/?page_id=35#primaryimage"},"thumbnailUrl":"https:\/\/rutengehen-owl.de\/wp-content\/uploads\/2023\/10\/nik-shuliahin-BuNWp1bL0nc-unsplash-300x196.jpg","datePublished":"2023-08-07T09:00:27+00:00","dateModified":"2023-11-19T12:11:56+00:00","breadcrumb":{"@id":"https:\/\/rutengehen-owl.de\/?page_id=35#breadcrumb"},"inLanguage":"de","potentialAction":[{"@type":"ReadAction","target":["https:\/\/rutengehen-owl.de\/?page_id=35"]}]},{"@type":"ImageObject","inLanguage":"de","@id":"https:\/\/rutengehen-owl.de\/?page_id=35#primaryimage","url":"https:\/\/rutengehen-owl.de\/wp-content\/uploads\/2023\/10\/nik-shuliahin-BuNWp1bL0nc-unsplash-scaled.jpg","contentUrl":"https:\/\/rutengehen-owl.de\/wp-content\/uploads\/2023\/10\/nik-shuliahin-BuNWp1bL0nc-unsplash-scaled.jpg","width":2560,"height":1670},{"@type":"BreadcrumbList","@id":"https:\/\/rutengehen-owl.de\/?page_id=35#breadcrumb","itemListElement":[{"@type":"ListItem","position":1,"name":"Startseite","item":"https:\/\/rutengehen-owl.de\/"},{"@type":"ListItem","position":2,"name":"Krankheiten im Zusammenhang mit Erdstrahlung"}]},{"@type":"WebSite","@id":"https:\/\/rutengehen-owl.de\/#website","url":"https:\/\/rutengehen-owl.de\/","name":"Der Weg zu einem guten Schlaf &amp; mehr Lebensenergie","description":"","potentialAction":[{"@type":"SearchAction","target":{"@type":"EntryPoint","urlTemplate":"https:\/\/rutengehen-owl.de\/?s={search_term_string}"},"query-input":{"@type":"PropertyValueSpecification","valueRequired":true,"valueName":"search_term_string"}}],"inLanguage":"de"}]}},"_links":{"self":[{"href":"https:\/\/rutengehen-owl.de\/index.php?rest_route=\/wp\/v2\/pages\/35","targetHints":{"allow":["GET"]}}],"collection":[{"href":"https:\/\/rutengehen-owl.de\/index.php?rest_route=\/wp\/v2\/pages"}],"about":[{"href":"https:\/\/rutengehen-owl.de\/index.php?rest_route=\/wp\/v2\/types\/page"}],"author":[{"embeddable":true,"href":"https:\/\/rutengehen-owl.de\/index.php?rest_route=\/wp\/v2\/users\/1"}],"replies":[{"embeddable":true,"href":"https:\/\/rutengehen-owl.de\/index.php?rest_route=%2Fwp%2Fv2%2Fcomments&post=35"}],"version-history":[{"count":23,"href":"https:\/\/rutengehen-owl.de\/index.php?rest_route=\/wp\/v2\/pages\/35\/revisions"}],"predecessor-version":[{"id":587,"href":"https:\/\/rutengehen-owl.de\/index.php?rest_route=\/wp\/v2\/pages\/35\/revisions\/587"}],"wp:attachment":[{"href":"https:\/\/rutengehen-owl.de\/index.php?rest_route=%2Fwp%2Fv2%2Fmedia&parent=35"}],"curies":[{"name":"wp","href":"https:\/\/api.w.org\/{rel}","templated":true}]}}