{"id":37,"date":"2023-08-07T11:00:37","date_gmt":"2023-08-07T09:00:37","guid":{"rendered":"https:\/\/rutengehen-owl.de\/?page_id=37"},"modified":"2023-11-21T13:46:31","modified_gmt":"2023-11-21T11:46:31","slug":"mein-wunsch","status":"publish","type":"page","link":"https:\/\/rutengehen-owl.de\/?page_id=37","title":{"rendered":"Mein Ziel"},"content":{"rendered":"<p><img loading=\"lazy\" decoding=\"async\" class=\"alignnone size-medium wp-image-372\" src=\"https:\/\/rutengehen-owl.de\/wp-content\/uploads\/2023\/10\/photo_2023-10-17_20-29-23-300x81.jpg\" alt=\"\" width=\"300\" height=\"81\" srcset=\"https:\/\/rutengehen-owl.de\/wp-content\/uploads\/2023\/10\/photo_2023-10-17_20-29-23-300x81.jpg 300w, https:\/\/rutengehen-owl.de\/wp-content\/uploads\/2023\/10\/photo_2023-10-17_20-29-23-1024x278.jpg 1024w, https:\/\/rutengehen-owl.de\/wp-content\/uploads\/2023\/10\/photo_2023-10-17_20-29-23-768x208.jpg 768w, https:\/\/rutengehen-owl.de\/wp-content\/uploads\/2023\/10\/photo_2023-10-17_20-29-23.jpg 1280w\" sizes=\"auto, (max-width: 300px) 100vw, 300px\" \/><\/p>\n<p style=\"text-align: justify;\"><span style=\"color: #003300; font-family: helvetica, arial, sans-serif;\"><img loading=\"lazy\" decoding=\"async\" class=\"wp-image-600 alignleft\" src=\"https:\/\/rutengehen-owl.de\/wp-content\/uploads\/2023\/11\/20231112_124027-scaled-e1700504129240-270x300.jpg\" alt=\"\" width=\"196\" height=\"217\" srcset=\"https:\/\/rutengehen-owl.de\/wp-content\/uploads\/2023\/11\/20231112_124027-scaled-e1700504129240-270x300.jpg 270w, https:\/\/rutengehen-owl.de\/wp-content\/uploads\/2023\/11\/20231112_124027-scaled-e1700504129240-922x1024.jpg 922w, https:\/\/rutengehen-owl.de\/wp-content\/uploads\/2023\/11\/20231112_124027-scaled-e1700504129240-768x853.jpg 768w, https:\/\/rutengehen-owl.de\/wp-content\/uploads\/2023\/11\/20231112_124027-scaled-e1700504129240-1383x1536.jpg 1383w, https:\/\/rutengehen-owl.de\/wp-content\/uploads\/2023\/11\/20231112_124027-scaled-e1700504129240.jpg 1433w\" sizes=\"auto, (max-width: 196px) 100vw, 196px\" \/>Mein Anliegen ist, die Gefahrenquellen bei Ihnen vor Ort zu lokalisieren mit dem Ziel, dass Sie wieder einen erholsamen und guten Schlaf finden und damit mehr Lebensenergie empfinden k\u00f6nnen. Ich m\u00f6chte Ihnen Hinweise\u00a0 geben f\u00fcr den optimalen Standort Ihres Bettes und Ihres Ruheplatzes, um bereits entstandene Krankheiten zu mildern oder bestenfalls prophylaktisch zu wirken. <\/span><\/p>\n<p style=\"text-align: justify;\"><span style=\"color: #003300; font-family: helvetica, arial, sans-serif;\"><img loading=\"lazy\" decoding=\"async\" class=\"wp-image-371 alignright\" src=\"https:\/\/rutengehen-owl.de\/wp-content\/uploads\/2023\/10\/photo_2023-10-17_20-29-01-300x300.jpg\" alt=\"\" width=\"209\" height=\"209\" srcset=\"https:\/\/rutengehen-owl.de\/wp-content\/uploads\/2023\/10\/photo_2023-10-17_20-29-01-300x300.jpg 300w, https:\/\/rutengehen-owl.de\/wp-content\/uploads\/2023\/10\/photo_2023-10-17_20-29-01-1024x1024.jpg 1024w, https:\/\/rutengehen-owl.de\/wp-content\/uploads\/2023\/10\/photo_2023-10-17_20-29-01-150x150.jpg 150w, https:\/\/rutengehen-owl.de\/wp-content\/uploads\/2023\/10\/photo_2023-10-17_20-29-01-768x768.jpg 768w, https:\/\/rutengehen-owl.de\/wp-content\/uploads\/2023\/10\/photo_2023-10-17_20-29-01-100x100.jpg 100w, https:\/\/rutengehen-owl.de\/wp-content\/uploads\/2023\/10\/photo_2023-10-17_20-29-01.jpg 1280w\" sizes=\"auto, (max-width: 209px) 100vw, 209px\" \/><\/span><\/p>\n<p>&nbsp;<\/p>\n<p>&nbsp;<\/p>\n<p style=\"text-align: justify;\"><span style=\"color: #003300;\"><span style=\"font-family: helvetica, arial, sans-serif;\">Es ist mir noch einmal wichtig zu betonen, dass ich keine Entst\u00f6rungsmatten oder \u00e4hnliches verkaufe. Verkaufen m\u00f6chte ich nur mein Wissen und meine F\u00e4higkeiten. Die sicherste M\u00f6glichkeit, eine Erdstrahlung zu umgehen, ist ihr auszuweichen.<\/span> <\/span><\/p>\n<p style=\"text-align: justify;\"><span style=\"color: #003300; font-family: helvetica, arial, sans-serif;\">Weitere Informationen zum Thema Abschirmung finden Sie hier sehr anschaulich beschrieben von dem Ruteng\u00e4nger-Altmeister Karl Dietl aus Bayern: \u00a0<\/span><a href=\"https:\/\/www.baubiologie-dietl.de\/abschirmung\/\" target=\"_blank\" rel=\"noopener\"><strong><span style=\"color: #003300;\">hier<\/span><\/strong><\/a><\/p>\n","protected":false},"excerpt":{"rendered":"<p>Mein Anliegen ist, die Gefahrenquellen bei Ihnen vor Ort zu lokalisieren mit dem Ziel, dass Sie wieder einen erholsamen und guten Schlaf finden und damit mehr Lebensenergie empfinden k\u00f6nnen. Ich m\u00f6chte Ihnen Hinweise\u00a0 geben f\u00fcr den optimalen Standort Ihres Bettes und Ihres Ruheplatzes, um bereits entstandene Krankheiten zu mildern oder bestenfalls prophylaktisch zu wirken. &nbsp; &hellip; <\/p>\n<p class=\"link-more\"><a href=\"https:\/\/rutengehen-owl.de\/?page_id=37\" class=\"more-link\"><span class=\"screen-reader-text\">\u201eMein Ziel\u201c <\/span>weiterlesen<\/a><\/p>\n","protected":false},"author":1,"featured_media":0,"parent":0,"menu_order":0,"comment_status":"closed","ping_status":"closed","template":"","meta":{"iawp_total_views":99,"footnotes":""},"class_list":["post-37","page","type-page","status-publish","hentry"],"yoast_head":"<!-- This site is optimized with the Yoast SEO plugin v27.0 - https:\/\/yoast.com\/product\/yoast-seo-wordpress\/ -->\n<title>Mein Ziel - Der Weg zu einem guten Schlaf &amp; mehr Lebensenergie<\/title>\n<meta name=\"robots\" content=\"index, follow, max-snippet:-1, max-image-preview:large, max-video-preview:-1\" \/>\n<link rel=\"canonical\" href=\"https:\/\/rutengehen-owl.de\/?page_id=37\" \/>\n<meta property=\"og:locale\" content=\"de_DE\" \/>\n<meta property=\"og:type\" content=\"article\" \/>\n<meta property=\"og:title\" content=\"Mein Ziel - Der Weg zu einem guten Schlaf &amp; mehr Lebensenergie\" \/>\n<meta property=\"og:description\" content=\"Mein Anliegen ist, die Gefahrenquellen bei Ihnen vor Ort zu lokalisieren mit dem Ziel, dass Sie wieder einen erholsamen und guten Schlaf finden und damit mehr Lebensenergie empfinden k\u00f6nnen. Ich m\u00f6chte Ihnen Hinweise\u00a0 geben f\u00fcr den optimalen Standort Ihres Bettes und Ihres Ruheplatzes, um bereits entstandene Krankheiten zu mildern oder bestenfalls prophylaktisch zu wirken. &nbsp; &hellip; \u201eMein Ziel\u201c weiterlesen\" \/>\n<meta property=\"og:url\" content=\"https:\/\/rutengehen-owl.de\/?page_id=37\" \/>\n<meta property=\"og:site_name\" content=\"Der Weg zu einem guten Schlaf &amp; mehr Lebensenergie\" \/>\n<meta property=\"article:modified_time\" content=\"2023-11-21T11:46:31+00:00\" \/>\n<meta property=\"og:image\" content=\"https:\/\/rutengehen-owl.de\/wp-content\/uploads\/2023\/10\/photo_2023-10-17_20-29-23-300x81.jpg\" \/>\n<meta name=\"twitter:card\" content=\"summary_large_image\" \/>\n<meta name=\"twitter:label1\" content=\"Gesch\u00e4tzte Lesezeit\" \/>\n\t<meta name=\"twitter:data1\" content=\"2\u00a0Minuten\" \/>\n<script type=\"application\/ld+json\" class=\"yoast-schema-graph\">{\"@context\":\"https:\/\/schema.org\",\"@graph\":[{\"@type\":\"WebPage\",\"@id\":\"https:\/\/rutengehen-owl.de\/?page_id=37\",\"url\":\"https:\/\/rutengehen-owl.de\/?page_id=37\",\"name\":\"Mein Ziel - Der Weg zu einem guten Schlaf &amp; mehr Lebensenergie\",\"isPartOf\":{\"@id\":\"https:\/\/rutengehen-owl.de\/#website\"},\"primaryImageOfPage\":{\"@id\":\"https:\/\/rutengehen-owl.de\/?page_id=37#primaryimage\"},\"image\":{\"@id\":\"https:\/\/rutengehen-owl.de\/?page_id=37#primaryimage\"},\"thumbnailUrl\":\"https:\/\/rutengehen-owl.de\/wp-content\/uploads\/2023\/10\/photo_2023-10-17_20-29-23-300x81.jpg\",\"datePublished\":\"2023-08-07T09:00:37+00:00\",\"dateModified\":\"2023-11-21T11:46:31+00:00\",\"breadcrumb\":{\"@id\":\"https:\/\/rutengehen-owl.de\/?page_id=37#breadcrumb\"},\"inLanguage\":\"de\",\"potentialAction\":[{\"@type\":\"ReadAction\",\"target\":[\"https:\/\/rutengehen-owl.de\/?page_id=37\"]}]},{\"@type\":\"ImageObject\",\"inLanguage\":\"de\",\"@id\":\"https:\/\/rutengehen-owl.de\/?page_id=37#primaryimage\",\"url\":\"https:\/\/rutengehen-owl.de\/wp-content\/uploads\/2023\/10\/photo_2023-10-17_20-29-23.jpg\",\"contentUrl\":\"https:\/\/rutengehen-owl.de\/wp-content\/uploads\/2023\/10\/photo_2023-10-17_20-29-23.jpg\",\"width\":1280,\"height\":347},{\"@type\":\"BreadcrumbList\",\"@id\":\"https:\/\/rutengehen-owl.de\/?page_id=37#breadcrumb\",\"itemListElement\":[{\"@type\":\"ListItem\",\"position\":1,\"name\":\"Startseite\",\"item\":\"https:\/\/rutengehen-owl.de\/\"},{\"@type\":\"ListItem\",\"position\":2,\"name\":\"Mein Ziel\"}]},{\"@type\":\"WebSite\",\"@id\":\"https:\/\/rutengehen-owl.de\/#website\",\"url\":\"https:\/\/rutengehen-owl.de\/\",\"name\":\"Der Weg zu einem guten Schlaf &amp; mehr Lebensenergie\",\"description\":\"\",\"potentialAction\":[{\"@type\":\"SearchAction\",\"target\":{\"@type\":\"EntryPoint\",\"urlTemplate\":\"https:\/\/rutengehen-owl.de\/?s={search_term_string}\"},\"query-input\":{\"@type\":\"PropertyValueSpecification\",\"valueRequired\":true,\"valueName\":\"search_term_string\"}}],\"inLanguage\":\"de\"}]}<\/script>\n<!-- \/ Yoast SEO plugin. -->","yoast_head_json":{"title":"Mein Ziel - Der Weg zu einem guten Schlaf &amp; mehr Lebensenergie","robots":{"index":"index","follow":"follow","max-snippet":"max-snippet:-1","max-image-preview":"max-image-preview:large","max-video-preview":"max-video-preview:-1"},"canonical":"https:\/\/rutengehen-owl.de\/?page_id=37","og_locale":"de_DE","og_type":"article","og_title":"Mein Ziel - Der Weg zu einem guten Schlaf &amp; mehr Lebensenergie","og_description":"Mein Anliegen ist, die Gefahrenquellen bei Ihnen vor Ort zu lokalisieren mit dem Ziel, dass Sie wieder einen erholsamen und guten Schlaf finden und damit mehr Lebensenergie empfinden k\u00f6nnen. Ich m\u00f6chte Ihnen Hinweise\u00a0 geben f\u00fcr den optimalen Standort Ihres Bettes und Ihres Ruheplatzes, um bereits entstandene Krankheiten zu mildern oder bestenfalls prophylaktisch zu wirken. &nbsp; &hellip; \u201eMein Ziel\u201c weiterlesen","og_url":"https:\/\/rutengehen-owl.de\/?page_id=37","og_site_name":"Der Weg zu einem guten Schlaf &amp; mehr Lebensenergie","article_modified_time":"2023-11-21T11:46:31+00:00","og_image":[{"url":"https:\/\/rutengehen-owl.de\/wp-content\/uploads\/2023\/10\/photo_2023-10-17_20-29-23-300x81.jpg","type":"","width":"","height":""}],"twitter_card":"summary_large_image","twitter_misc":{"Gesch\u00e4tzte Lesezeit":"2\u00a0Minuten"},"schema":{"@context":"https:\/\/schema.org","@graph":[{"@type":"WebPage","@id":"https:\/\/rutengehen-owl.de\/?page_id=37","url":"https:\/\/rutengehen-owl.de\/?page_id=37","name":"Mein Ziel - Der Weg zu einem guten Schlaf &amp; mehr Lebensenergie","isPartOf":{"@id":"https:\/\/rutengehen-owl.de\/#website"},"primaryImageOfPage":{"@id":"https:\/\/rutengehen-owl.de\/?page_id=37#primaryimage"},"image":{"@id":"https:\/\/rutengehen-owl.de\/?page_id=37#primaryimage"},"thumbnailUrl":"https:\/\/rutengehen-owl.de\/wp-content\/uploads\/2023\/10\/photo_2023-10-17_20-29-23-300x81.jpg","datePublished":"2023-08-07T09:00:37+00:00","dateModified":"2023-11-21T11:46:31+00:00","breadcrumb":{"@id":"https:\/\/rutengehen-owl.de\/?page_id=37#breadcrumb"},"inLanguage":"de","potentialAction":[{"@type":"ReadAction","target":["https:\/\/rutengehen-owl.de\/?page_id=37"]}]},{"@type":"ImageObject","inLanguage":"de","@id":"https:\/\/rutengehen-owl.de\/?page_id=37#primaryimage","url":"https:\/\/rutengehen-owl.de\/wp-content\/uploads\/2023\/10\/photo_2023-10-17_20-29-23.jpg","contentUrl":"https:\/\/rutengehen-owl.de\/wp-content\/uploads\/2023\/10\/photo_2023-10-17_20-29-23.jpg","width":1280,"height":347},{"@type":"BreadcrumbList","@id":"https:\/\/rutengehen-owl.de\/?page_id=37#breadcrumb","itemListElement":[{"@type":"ListItem","position":1,"name":"Startseite","item":"https:\/\/rutengehen-owl.de\/"},{"@type":"ListItem","position":2,"name":"Mein Ziel"}]},{"@type":"WebSite","@id":"https:\/\/rutengehen-owl.de\/#website","url":"https:\/\/rutengehen-owl.de\/","name":"Der Weg zu einem guten Schlaf &amp; mehr Lebensenergie","description":"","potentialAction":[{"@type":"SearchAction","target":{"@type":"EntryPoint","urlTemplate":"https:\/\/rutengehen-owl.de\/?s={search_term_string}"},"query-input":{"@type":"PropertyValueSpecification","valueRequired":true,"valueName":"search_term_string"}}],"inLanguage":"de"}]}},"_links":{"self":[{"href":"https:\/\/rutengehen-owl.de\/index.php?rest_route=\/wp\/v2\/pages\/37","targetHints":{"allow":["GET"]}}],"collection":[{"href":"https:\/\/rutengehen-owl.de\/index.php?rest_route=\/wp\/v2\/pages"}],"about":[{"href":"https:\/\/rutengehen-owl.de\/index.php?rest_route=\/wp\/v2\/types\/page"}],"author":[{"embeddable":true,"href":"https:\/\/rutengehen-owl.de\/index.php?rest_route=\/wp\/v2\/users\/1"}],"replies":[{"embeddable":true,"href":"https:\/\/rutengehen-owl.de\/index.php?rest_route=%2Fwp%2Fv2%2Fcomments&post=37"}],"version-history":[{"count":26,"href":"https:\/\/rutengehen-owl.de\/index.php?rest_route=\/wp\/v2\/pages\/37\/revisions"}],"predecessor-version":[{"id":638,"href":"https:\/\/rutengehen-owl.de\/index.php?rest_route=\/wp\/v2\/pages\/37\/revisions\/638"}],"wp:attachment":[{"href":"https:\/\/rutengehen-owl.de\/index.php?rest_route=%2Fwp%2Fv2%2Fmedia&parent=37"}],"curies":[{"name":"wp","href":"https:\/\/api.w.org\/{rel}","templated":true}]}}