{"id":56,"date":"2023-08-07T11:05:54","date_gmt":"2023-08-07T09:05:54","guid":{"rendered":"https:\/\/rutengehen-owl.de\/?page_id=56"},"modified":"2023-11-11T08:32:17","modified_gmt":"2023-11-11T06:32:17","slug":"gesteinsbrueche","status":"publish","type":"page","link":"https:\/\/rutengehen-owl.de\/?page_id=56","title":{"rendered":"Gesteinsbr\u00fcche"},"content":{"rendered":"<p style=\"text-align: justify;\"><span style=\"font-family: helvetica, arial, sans-serif; color: #000080;\"><span style=\"color: #003300;\">Ein Gesteinsbruch ist eine Stelle, an der Gestein auseinander gebrochen ist. Diese Br\u00fcche k\u00f6nnen \u00fcberall sein. Gesteinsbr\u00fcche sind oftmals mehrere 100tausend Jahre alt. Sie entstanden<img loading=\"lazy\" decoding=\"async\" class=\"size-medium wp-image-278 alignleft\" src=\"https:\/\/rutengehen-owl.de\/wp-content\/uploads\/2023\/09\/silvan-schuppisser-YaV5xGq96gc-unsplash-200x300.jpg\" alt=\"\" width=\"200\" height=\"300\" srcset=\"https:\/\/rutengehen-owl.de\/wp-content\/uploads\/2023\/09\/silvan-schuppisser-YaV5xGq96gc-unsplash-200x300.jpg 200w, https:\/\/rutengehen-owl.de\/wp-content\/uploads\/2023\/09\/silvan-schuppisser-YaV5xGq96gc-unsplash-683x1024.jpg 683w, https:\/\/rutengehen-owl.de\/wp-content\/uploads\/2023\/09\/silvan-schuppisser-YaV5xGq96gc-unsplash-768x1152.jpg 768w, https:\/\/rutengehen-owl.de\/wp-content\/uploads\/2023\/09\/silvan-schuppisser-YaV5xGq96gc-unsplash-1024x1536.jpg 1024w, https:\/\/rutengehen-owl.de\/wp-content\/uploads\/2023\/09\/silvan-schuppisser-YaV5xGq96gc-unsplash-1365x2048.jpg 1365w, https:\/\/rutengehen-owl.de\/wp-content\/uploads\/2023\/09\/silvan-schuppisser-YaV5xGq96gc-unsplash-scaled.jpg 1707w\" sizes=\"auto, (max-width: 200px) 100vw, 200px\" \/> durch Erdersch\u00fctterungen, Vulkanausbr\u00fcche, Erdbeben oder durch Hohlr\u00e4ume unter der Erde. Man kann Gesteinsbr\u00fcche nicht von oben sehen, da sich \u00fcber der Bruchstelle verschiedene Erdschichten angelagert haben. Die Bruchl\u00e4nge kann sich von wenigen Metern bis zu vielen Kilometern erstrecken. Die Erdstrahlungen entstehen durch elektrische Spannungsfelder durch Magmastrahlung und durch die Reibung des Wassers, was auf dem Boden der Br\u00fcche vorhanden sein kann.<\/span> <\/span><\/p>\n","protected":false},"excerpt":{"rendered":"<p>Ein Gesteinsbruch ist eine Stelle, an der Gestein auseinander gebrochen ist. Diese Br\u00fcche k\u00f6nnen \u00fcberall sein. Gesteinsbr\u00fcche sind oftmals mehrere 100tausend Jahre alt. Sie entstanden durch Erdersch\u00fctterungen, Vulkanausbr\u00fcche, Erdbeben oder durch Hohlr\u00e4ume unter der Erde. Man kann Gesteinsbr\u00fcche nicht von oben sehen, da sich \u00fcber der Bruchstelle verschiedene Erdschichten angelagert haben. Die Bruchl\u00e4nge kann sich &hellip; <\/p>\n<p class=\"link-more\"><a href=\"https:\/\/rutengehen-owl.de\/?page_id=56\" class=\"more-link\"><span class=\"screen-reader-text\">\u201eGesteinsbr\u00fcche\u201c <\/span>weiterlesen<\/a><\/p>\n","protected":false},"author":1,"featured_media":0,"parent":0,"menu_order":0,"comment_status":"closed","ping_status":"closed","template":"","meta":{"iawp_total_views":11,"footnotes":""},"class_list":["post-56","page","type-page","status-publish","hentry"],"yoast_head":"<!-- This site is optimized with the Yoast SEO plugin v27.0 - https:\/\/yoast.com\/product\/yoast-seo-wordpress\/ -->\n<title>Gesteinsbr\u00fcche - Der Weg zu einem guten Schlaf &amp; mehr Lebensenergie<\/title>\n<meta name=\"robots\" content=\"index, follow, max-snippet:-1, max-image-preview:large, max-video-preview:-1\" \/>\n<link rel=\"canonical\" href=\"https:\/\/rutengehen-owl.de\/?page_id=56\" \/>\n<meta property=\"og:locale\" content=\"de_DE\" \/>\n<meta property=\"og:type\" content=\"article\" \/>\n<meta property=\"og:title\" content=\"Gesteinsbr\u00fcche - Der Weg zu einem guten Schlaf &amp; mehr Lebensenergie\" \/>\n<meta property=\"og:description\" content=\"Ein Gesteinsbruch ist eine Stelle, an der Gestein auseinander gebrochen ist. Diese Br\u00fcche k\u00f6nnen \u00fcberall sein. Gesteinsbr\u00fcche sind oftmals mehrere 100tausend Jahre alt. Sie entstanden durch Erdersch\u00fctterungen, Vulkanausbr\u00fcche, Erdbeben oder durch Hohlr\u00e4ume unter der Erde. Man kann Gesteinsbr\u00fcche nicht von oben sehen, da sich \u00fcber der Bruchstelle verschiedene Erdschichten angelagert haben. Die Bruchl\u00e4nge kann sich &hellip; \u201eGesteinsbr\u00fcche\u201c weiterlesen\" \/>\n<meta property=\"og:url\" content=\"https:\/\/rutengehen-owl.de\/?page_id=56\" \/>\n<meta property=\"og:site_name\" content=\"Der Weg zu einem guten Schlaf &amp; mehr Lebensenergie\" \/>\n<meta property=\"article:modified_time\" content=\"2023-11-11T06:32:17+00:00\" \/>\n<meta property=\"og:image\" content=\"https:\/\/rutengehen-owl.de\/wp-content\/uploads\/2023\/09\/silvan-schuppisser-YaV5xGq96gc-unsplash-200x300.jpg\" \/>\n<meta name=\"twitter:card\" content=\"summary_large_image\" \/>\n<meta name=\"twitter:label1\" content=\"Gesch\u00e4tzte Lesezeit\" \/>\n\t<meta name=\"twitter:data1\" content=\"1\u00a0Minute\" \/>\n<script type=\"application\/ld+json\" class=\"yoast-schema-graph\">{\"@context\":\"https:\/\/schema.org\",\"@graph\":[{\"@type\":\"WebPage\",\"@id\":\"https:\/\/rutengehen-owl.de\/?page_id=56\",\"url\":\"https:\/\/rutengehen-owl.de\/?page_id=56\",\"name\":\"Gesteinsbr\u00fcche - Der Weg zu einem guten Schlaf &amp; mehr Lebensenergie\",\"isPartOf\":{\"@id\":\"https:\/\/rutengehen-owl.de\/#website\"},\"primaryImageOfPage\":{\"@id\":\"https:\/\/rutengehen-owl.de\/?page_id=56#primaryimage\"},\"image\":{\"@id\":\"https:\/\/rutengehen-owl.de\/?page_id=56#primaryimage\"},\"thumbnailUrl\":\"https:\/\/rutengehen-owl.de\/wp-content\/uploads\/2023\/09\/silvan-schuppisser-YaV5xGq96gc-unsplash-200x300.jpg\",\"datePublished\":\"2023-08-07T09:05:54+00:00\",\"dateModified\":\"2023-11-11T06:32:17+00:00\",\"breadcrumb\":{\"@id\":\"https:\/\/rutengehen-owl.de\/?page_id=56#breadcrumb\"},\"inLanguage\":\"de\",\"potentialAction\":[{\"@type\":\"ReadAction\",\"target\":[\"https:\/\/rutengehen-owl.de\/?page_id=56\"]}]},{\"@type\":\"ImageObject\",\"inLanguage\":\"de\",\"@id\":\"https:\/\/rutengehen-owl.de\/?page_id=56#primaryimage\",\"url\":\"https:\/\/rutengehen-owl.de\/wp-content\/uploads\/2023\/09\/silvan-schuppisser-YaV5xGq96gc-unsplash-scaled.jpg\",\"contentUrl\":\"https:\/\/rutengehen-owl.de\/wp-content\/uploads\/2023\/09\/silvan-schuppisser-YaV5xGq96gc-unsplash-scaled.jpg\",\"width\":1707,\"height\":2560},{\"@type\":\"BreadcrumbList\",\"@id\":\"https:\/\/rutengehen-owl.de\/?page_id=56#breadcrumb\",\"itemListElement\":[{\"@type\":\"ListItem\",\"position\":1,\"name\":\"Startseite\",\"item\":\"https:\/\/rutengehen-owl.de\/\"},{\"@type\":\"ListItem\",\"position\":2,\"name\":\"Gesteinsbr\u00fcche\"}]},{\"@type\":\"WebSite\",\"@id\":\"https:\/\/rutengehen-owl.de\/#website\",\"url\":\"https:\/\/rutengehen-owl.de\/\",\"name\":\"Der Weg zu einem guten Schlaf &amp; mehr Lebensenergie\",\"description\":\"\",\"potentialAction\":[{\"@type\":\"SearchAction\",\"target\":{\"@type\":\"EntryPoint\",\"urlTemplate\":\"https:\/\/rutengehen-owl.de\/?s={search_term_string}\"},\"query-input\":{\"@type\":\"PropertyValueSpecification\",\"valueRequired\":true,\"valueName\":\"search_term_string\"}}],\"inLanguage\":\"de\"}]}<\/script>\n<!-- \/ Yoast SEO plugin. -->","yoast_head_json":{"title":"Gesteinsbr\u00fcche - Der Weg zu einem guten Schlaf &amp; mehr Lebensenergie","robots":{"index":"index","follow":"follow","max-snippet":"max-snippet:-1","max-image-preview":"max-image-preview:large","max-video-preview":"max-video-preview:-1"},"canonical":"https:\/\/rutengehen-owl.de\/?page_id=56","og_locale":"de_DE","og_type":"article","og_title":"Gesteinsbr\u00fcche - Der Weg zu einem guten Schlaf &amp; mehr Lebensenergie","og_description":"Ein Gesteinsbruch ist eine Stelle, an der Gestein auseinander gebrochen ist. Diese Br\u00fcche k\u00f6nnen \u00fcberall sein. Gesteinsbr\u00fcche sind oftmals mehrere 100tausend Jahre alt. Sie entstanden durch Erdersch\u00fctterungen, Vulkanausbr\u00fcche, Erdbeben oder durch Hohlr\u00e4ume unter der Erde. Man kann Gesteinsbr\u00fcche nicht von oben sehen, da sich \u00fcber der Bruchstelle verschiedene Erdschichten angelagert haben. Die Bruchl\u00e4nge kann sich &hellip; \u201eGesteinsbr\u00fcche\u201c weiterlesen","og_url":"https:\/\/rutengehen-owl.de\/?page_id=56","og_site_name":"Der Weg zu einem guten Schlaf &amp; mehr Lebensenergie","article_modified_time":"2023-11-11T06:32:17+00:00","og_image":[{"url":"https:\/\/rutengehen-owl.de\/wp-content\/uploads\/2023\/09\/silvan-schuppisser-YaV5xGq96gc-unsplash-200x300.jpg","type":"","width":"","height":""}],"twitter_card":"summary_large_image","twitter_misc":{"Gesch\u00e4tzte Lesezeit":"1\u00a0Minute"},"schema":{"@context":"https:\/\/schema.org","@graph":[{"@type":"WebPage","@id":"https:\/\/rutengehen-owl.de\/?page_id=56","url":"https:\/\/rutengehen-owl.de\/?page_id=56","name":"Gesteinsbr\u00fcche - Der Weg zu einem guten Schlaf &amp; mehr Lebensenergie","isPartOf":{"@id":"https:\/\/rutengehen-owl.de\/#website"},"primaryImageOfPage":{"@id":"https:\/\/rutengehen-owl.de\/?page_id=56#primaryimage"},"image":{"@id":"https:\/\/rutengehen-owl.de\/?page_id=56#primaryimage"},"thumbnailUrl":"https:\/\/rutengehen-owl.de\/wp-content\/uploads\/2023\/09\/silvan-schuppisser-YaV5xGq96gc-unsplash-200x300.jpg","datePublished":"2023-08-07T09:05:54+00:00","dateModified":"2023-11-11T06:32:17+00:00","breadcrumb":{"@id":"https:\/\/rutengehen-owl.de\/?page_id=56#breadcrumb"},"inLanguage":"de","potentialAction":[{"@type":"ReadAction","target":["https:\/\/rutengehen-owl.de\/?page_id=56"]}]},{"@type":"ImageObject","inLanguage":"de","@id":"https:\/\/rutengehen-owl.de\/?page_id=56#primaryimage","url":"https:\/\/rutengehen-owl.de\/wp-content\/uploads\/2023\/09\/silvan-schuppisser-YaV5xGq96gc-unsplash-scaled.jpg","contentUrl":"https:\/\/rutengehen-owl.de\/wp-content\/uploads\/2023\/09\/silvan-schuppisser-YaV5xGq96gc-unsplash-scaled.jpg","width":1707,"height":2560},{"@type":"BreadcrumbList","@id":"https:\/\/rutengehen-owl.de\/?page_id=56#breadcrumb","itemListElement":[{"@type":"ListItem","position":1,"name":"Startseite","item":"https:\/\/rutengehen-owl.de\/"},{"@type":"ListItem","position":2,"name":"Gesteinsbr\u00fcche"}]},{"@type":"WebSite","@id":"https:\/\/rutengehen-owl.de\/#website","url":"https:\/\/rutengehen-owl.de\/","name":"Der Weg zu einem guten Schlaf &amp; mehr Lebensenergie","description":"","potentialAction":[{"@type":"SearchAction","target":{"@type":"EntryPoint","urlTemplate":"https:\/\/rutengehen-owl.de\/?s={search_term_string}"},"query-input":{"@type":"PropertyValueSpecification","valueRequired":true,"valueName":"search_term_string"}}],"inLanguage":"de"}]}},"_links":{"self":[{"href":"https:\/\/rutengehen-owl.de\/index.php?rest_route=\/wp\/v2\/pages\/56","targetHints":{"allow":["GET"]}}],"collection":[{"href":"https:\/\/rutengehen-owl.de\/index.php?rest_route=\/wp\/v2\/pages"}],"about":[{"href":"https:\/\/rutengehen-owl.de\/index.php?rest_route=\/wp\/v2\/types\/page"}],"author":[{"embeddable":true,"href":"https:\/\/rutengehen-owl.de\/index.php?rest_route=\/wp\/v2\/users\/1"}],"replies":[{"embeddable":true,"href":"https:\/\/rutengehen-owl.de\/index.php?rest_route=%2Fwp%2Fv2%2Fcomments&post=56"}],"version-history":[{"count":6,"href":"https:\/\/rutengehen-owl.de\/index.php?rest_route=\/wp\/v2\/pages\/56\/revisions"}],"predecessor-version":[{"id":524,"href":"https:\/\/rutengehen-owl.de\/index.php?rest_route=\/wp\/v2\/pages\/56\/revisions\/524"}],"wp:attachment":[{"href":"https:\/\/rutengehen-owl.de\/index.php?rest_route=%2Fwp%2Fv2%2Fmedia&parent=56"}],"curies":[{"name":"wp","href":"https:\/\/api.w.org\/{rel}","templated":true}]}}