{"id":60,"date":"2023-08-07T11:06:40","date_gmt":"2023-08-07T09:06:40","guid":{"rendered":"https:\/\/rutengehen-owl.de\/?page_id=60"},"modified":"2024-01-13T18:39:29","modified_gmt":"2024-01-13T16:39:29","slug":"global-hartmanngitternetz","status":"publish","type":"page","link":"https:\/\/rutengehen-owl.de\/?page_id=60","title":{"rendered":"Global \/ Hartmanngitternetz und Currygitternetz"},"content":{"rendered":"<p style=\"text-align: justify;\"><span style=\"color: #003300; font-family: helvetica, arial, sans-serif;\">Gitternetze bestehen aus energiereichen Linien, die wie die L\u00e4ngen- und Breitengrade unsere Erde umspannen. Die Linien verlaufen von Norden nach S\u00fcden und Osten nach Westen(Hartmanngitter) und von Nordosten nach S\u00fcdwesten und S\u00fcdosten nach Nordwesten (Currygitter). Die Stellen, an denen sich die einzelnen Linien des gleichen Gitternetzes kreuzen, hei\u00dfen Gitternetzpunkte. Von diesen Kreuzungspunkten geht die Erdstrahlenbelastung aus. Die Linien der Gitternetze sind keine Belastung. Auch nicht die Stellen, an denen sich die Linien unterschiedlicher Netze kreuzen. <\/span><\/p>\n<p style=\"text-align: justify;\"><span style=\"color: #003300; font-family: helvetica, arial, sans-serif;\">\u00dcberlieferungen zufolge kannten bereits unsere Vorfahren vor 3000 Jahren, die noch im Einklang mit der Natur lebten, die gesundheitlichen Risiken dieser Kreuungspunkte. In den 50er Jahren wurden die Gitternetze von Dr. Hartmann und Dr. Curry wieder entdeckt. Den Ansto\u00df gab der fransz\u00f6sische Arzt Dr. <span style=\"color: #800000;\"><span style=\"color: #003300;\">Peyre.<\/span> <\/span>Er hatte mit der Rute ein schachbrettartiges Strahlungsmuster festgestellt. Mit Hilfe dieser Ergebnisse konnten die Forscher Hartmann und Curry zwei Arten unterscheiden: das Global- oder Hartmanngitternetz und das Currygitternetz. <\/span><\/p>\n<p>&nbsp;<\/p>\n<p><span style=\"font-family: helvetica, arial, sans-serif; color: #003300;\">Global- oder Hartmanngitternetz\u00a0\u00a0\u00a0\u00a0\u00a0\u00a0\u00a0\u00a0\u00a0\u00a0\u00a0\u00a0\u00a0<\/span>\u00a0\u00a0\u00a0\u00a0\u00a0\u00a0\u00a0\u00a0\u00a0\u00a0\u00a0\u00a0\u00a0\u00a0\u00a0\u00a0\u00a0\u00a0\u00a0\u00a0\u00a0\u00a0\u00a0\u00a0\u00a0\u00a0\u00a0\u00a0\u00a0\u00a0\u00a0\u00a0\u00a0\u00a0\u00a0\u00a0\u00a0\u00a0\u00a0\u00a0\u00a0\u00a0\u00a0 <span style=\"color: #003300; font-family: helvetica, arial, sans-serif;\">Currygitternetz<\/span><\/p>\n<p><img loading=\"lazy\" decoding=\"async\" class=\"alignnone wp-image-683\" src=\"https:\/\/rutengehen-owl.de\/wp-content\/uploads\/2024\/01\/photo_2024-01-13_16-48-44-300x300.jpg\" alt=\"\" width=\"226\" height=\"226\" srcset=\"https:\/\/rutengehen-owl.de\/wp-content\/uploads\/2024\/01\/photo_2024-01-13_16-48-44-300x300.jpg 300w, https:\/\/rutengehen-owl.de\/wp-content\/uploads\/2024\/01\/photo_2024-01-13_16-48-44-1024x1024.jpg 1024w, https:\/\/rutengehen-owl.de\/wp-content\/uploads\/2024\/01\/photo_2024-01-13_16-48-44-150x150.jpg 150w, https:\/\/rutengehen-owl.de\/wp-content\/uploads\/2024\/01\/photo_2024-01-13_16-48-44-768x768.jpg 768w, https:\/\/rutengehen-owl.de\/wp-content\/uploads\/2024\/01\/photo_2024-01-13_16-48-44-100x100.jpg 100w, https:\/\/rutengehen-owl.de\/wp-content\/uploads\/2024\/01\/photo_2024-01-13_16-48-44.jpg 1280w\" sizes=\"auto, (max-width: 226px) 100vw, 226px\" \/> \u00a0\u00a0\u00a0 <img loading=\"lazy\" decoding=\"async\" class=\"wp-image-684 alignright\" src=\"https:\/\/rutengehen-owl.de\/wp-content\/uploads\/2024\/01\/photo_2024-01-13_16-48-03-300x300.jpg\" alt=\"\" width=\"229\" height=\"229\" srcset=\"https:\/\/rutengehen-owl.de\/wp-content\/uploads\/2024\/01\/photo_2024-01-13_16-48-03-300x300.jpg 300w, https:\/\/rutengehen-owl.de\/wp-content\/uploads\/2024\/01\/photo_2024-01-13_16-48-03-1024x1024.jpg 1024w, https:\/\/rutengehen-owl.de\/wp-content\/uploads\/2024\/01\/photo_2024-01-13_16-48-03-150x150.jpg 150w, https:\/\/rutengehen-owl.de\/wp-content\/uploads\/2024\/01\/photo_2024-01-13_16-48-03-768x768.jpg 768w, https:\/\/rutengehen-owl.de\/wp-content\/uploads\/2024\/01\/photo_2024-01-13_16-48-03-100x100.jpg 100w, https:\/\/rutengehen-owl.de\/wp-content\/uploads\/2024\/01\/photo_2024-01-13_16-48-03.jpg 1280w\" sizes=\"auto, (max-width: 229px) 100vw, 229px\" \/><\/p>\n<p>&nbsp;<\/p>\n<p style=\"text-align: justify;\"><span style=\"color: #003300; font-family: helvetica, arial, sans-serif;\">Die Linien des Globalgitternetzes haben einen Abstand von ca. 2,8 m auf ca. 3,2 m und die Linien des Currygitternetzes von ca. 2,4 m auf ca. 2,6 m. Deshalb ist es m\u00f6glich, auch Ehebetten zwischen die Gitternetzpunkte zu stellen.<\/span><\/p>\n<p style=\"text-align: justify;\"><span style=\"color: #003300; font-family: helvetica, arial, sans-serif;\">Die Gitternetzpunkte haben eine Besonderheit: Der Globalgitternetzpunkt gibt Energie (f\u00fcr eine gewisse Zeit), der Currygitternetzpunkt nimmt Energie von Anfang an. Diese Erkenntnis kann positiv genutzt werden. Ich kann in Ihrer Wohnung einen Globalgitternetzpunkt markieren, auf dem Sie regelm\u00e4\u00dfig Energie &#8222;aufladen&#8220; k\u00f6nnen.\u00a0<\/span><\/p>\n","protected":false},"excerpt":{"rendered":"<p>Gitternetze bestehen aus energiereichen Linien, die wie die L\u00e4ngen- und Breitengrade unsere Erde umspannen. Die Linien verlaufen von Norden nach S\u00fcden und Osten nach Westen(Hartmanngitter) und von Nordosten nach S\u00fcdwesten und S\u00fcdosten nach Nordwesten (Currygitter). Die Stellen, an denen sich die einzelnen Linien des gleichen Gitternetzes kreuzen, hei\u00dfen Gitternetzpunkte. Von diesen Kreuzungspunkten geht die Erdstrahlenbelastung &hellip; <\/p>\n<p class=\"link-more\"><a href=\"https:\/\/rutengehen-owl.de\/?page_id=60\" class=\"more-link\"><span class=\"screen-reader-text\">\u201eGlobal \/ Hartmanngitternetz und Currygitternetz\u201c <\/span>weiterlesen<\/a><\/p>\n","protected":false},"author":1,"featured_media":0,"parent":0,"menu_order":0,"comment_status":"closed","ping_status":"closed","template":"","meta":{"iawp_total_views":43,"footnotes":""},"class_list":["post-60","page","type-page","status-publish","hentry"],"yoast_head":"<!-- This site is optimized with the Yoast SEO plugin v27.0 - https:\/\/yoast.com\/product\/yoast-seo-wordpress\/ -->\n<title>Global \/ Hartmanngitternetz und Currygitternetz - Der Weg zu einem guten Schlaf &amp; mehr Lebensenergie<\/title>\n<meta name=\"robots\" content=\"index, follow, max-snippet:-1, max-image-preview:large, max-video-preview:-1\" \/>\n<link rel=\"canonical\" href=\"https:\/\/rutengehen-owl.de\/?page_id=60\" \/>\n<meta property=\"og:locale\" content=\"de_DE\" \/>\n<meta property=\"og:type\" content=\"article\" \/>\n<meta property=\"og:title\" content=\"Global \/ Hartmanngitternetz und Currygitternetz - Der Weg zu einem guten Schlaf &amp; mehr Lebensenergie\" \/>\n<meta property=\"og:description\" content=\"Gitternetze bestehen aus energiereichen Linien, die wie die L\u00e4ngen- und Breitengrade unsere Erde umspannen. Die Linien verlaufen von Norden nach S\u00fcden und Osten nach Westen(Hartmanngitter) und von Nordosten nach S\u00fcdwesten und S\u00fcdosten nach Nordwesten (Currygitter). Die Stellen, an denen sich die einzelnen Linien des gleichen Gitternetzes kreuzen, hei\u00dfen Gitternetzpunkte. Von diesen Kreuzungspunkten geht die Erdstrahlenbelastung &hellip; \u201eGlobal \/ Hartmanngitternetz und Currygitternetz\u201c weiterlesen\" \/>\n<meta property=\"og:url\" content=\"https:\/\/rutengehen-owl.de\/?page_id=60\" \/>\n<meta property=\"og:site_name\" content=\"Der Weg zu einem guten Schlaf &amp; mehr Lebensenergie\" \/>\n<meta property=\"article:modified_time\" content=\"2024-01-13T16:39:29+00:00\" \/>\n<meta property=\"og:image\" content=\"https:\/\/rutengehen-owl.de\/wp-content\/uploads\/2024\/01\/photo_2024-01-13_16-48-44-300x300.jpg\" \/>\n<meta name=\"twitter:card\" content=\"summary_large_image\" \/>\n<meta name=\"twitter:label1\" content=\"Gesch\u00e4tzte Lesezeit\" \/>\n\t<meta name=\"twitter:data1\" content=\"2\u00a0Minuten\" \/>\n<script type=\"application\/ld+json\" class=\"yoast-schema-graph\">{\"@context\":\"https:\/\/schema.org\",\"@graph\":[{\"@type\":\"WebPage\",\"@id\":\"https:\/\/rutengehen-owl.de\/?page_id=60\",\"url\":\"https:\/\/rutengehen-owl.de\/?page_id=60\",\"name\":\"Global \/ Hartmanngitternetz und Currygitternetz - Der Weg zu einem guten Schlaf &amp; mehr Lebensenergie\",\"isPartOf\":{\"@id\":\"https:\/\/rutengehen-owl.de\/#website\"},\"primaryImageOfPage\":{\"@id\":\"https:\/\/rutengehen-owl.de\/?page_id=60#primaryimage\"},\"image\":{\"@id\":\"https:\/\/rutengehen-owl.de\/?page_id=60#primaryimage\"},\"thumbnailUrl\":\"https:\/\/rutengehen-owl.de\/wp-content\/uploads\/2024\/01\/photo_2024-01-13_16-48-44-300x300.jpg\",\"datePublished\":\"2023-08-07T09:06:40+00:00\",\"dateModified\":\"2024-01-13T16:39:29+00:00\",\"breadcrumb\":{\"@id\":\"https:\/\/rutengehen-owl.de\/?page_id=60#breadcrumb\"},\"inLanguage\":\"de\",\"potentialAction\":[{\"@type\":\"ReadAction\",\"target\":[\"https:\/\/rutengehen-owl.de\/?page_id=60\"]}]},{\"@type\":\"ImageObject\",\"inLanguage\":\"de\",\"@id\":\"https:\/\/rutengehen-owl.de\/?page_id=60#primaryimage\",\"url\":\"https:\/\/rutengehen-owl.de\/wp-content\/uploads\/2024\/01\/photo_2024-01-13_16-48-44.jpg\",\"contentUrl\":\"https:\/\/rutengehen-owl.de\/wp-content\/uploads\/2024\/01\/photo_2024-01-13_16-48-44.jpg\",\"width\":1280,\"height\":1280},{\"@type\":\"BreadcrumbList\",\"@id\":\"https:\/\/rutengehen-owl.de\/?page_id=60#breadcrumb\",\"itemListElement\":[{\"@type\":\"ListItem\",\"position\":1,\"name\":\"Startseite\",\"item\":\"https:\/\/rutengehen-owl.de\/\"},{\"@type\":\"ListItem\",\"position\":2,\"name\":\"Global \/ Hartmanngitternetz und Currygitternetz\"}]},{\"@type\":\"WebSite\",\"@id\":\"https:\/\/rutengehen-owl.de\/#website\",\"url\":\"https:\/\/rutengehen-owl.de\/\",\"name\":\"Der Weg zu einem guten Schlaf &amp; mehr Lebensenergie\",\"description\":\"\",\"potentialAction\":[{\"@type\":\"SearchAction\",\"target\":{\"@type\":\"EntryPoint\",\"urlTemplate\":\"https:\/\/rutengehen-owl.de\/?s={search_term_string}\"},\"query-input\":{\"@type\":\"PropertyValueSpecification\",\"valueRequired\":true,\"valueName\":\"search_term_string\"}}],\"inLanguage\":\"de\"}]}<\/script>\n<!-- \/ Yoast SEO plugin. -->","yoast_head_json":{"title":"Global \/ Hartmanngitternetz und Currygitternetz - Der Weg zu einem guten Schlaf &amp; mehr Lebensenergie","robots":{"index":"index","follow":"follow","max-snippet":"max-snippet:-1","max-image-preview":"max-image-preview:large","max-video-preview":"max-video-preview:-1"},"canonical":"https:\/\/rutengehen-owl.de\/?page_id=60","og_locale":"de_DE","og_type":"article","og_title":"Global \/ Hartmanngitternetz und Currygitternetz - Der Weg zu einem guten Schlaf &amp; mehr Lebensenergie","og_description":"Gitternetze bestehen aus energiereichen Linien, die wie die L\u00e4ngen- und Breitengrade unsere Erde umspannen. Die Linien verlaufen von Norden nach S\u00fcden und Osten nach Westen(Hartmanngitter) und von Nordosten nach S\u00fcdwesten und S\u00fcdosten nach Nordwesten (Currygitter). Die Stellen, an denen sich die einzelnen Linien des gleichen Gitternetzes kreuzen, hei\u00dfen Gitternetzpunkte. Von diesen Kreuzungspunkten geht die Erdstrahlenbelastung &hellip; \u201eGlobal \/ Hartmanngitternetz und Currygitternetz\u201c weiterlesen","og_url":"https:\/\/rutengehen-owl.de\/?page_id=60","og_site_name":"Der Weg zu einem guten Schlaf &amp; mehr Lebensenergie","article_modified_time":"2024-01-13T16:39:29+00:00","og_image":[{"url":"https:\/\/rutengehen-owl.de\/wp-content\/uploads\/2024\/01\/photo_2024-01-13_16-48-44-300x300.jpg","type":"","width":"","height":""}],"twitter_card":"summary_large_image","twitter_misc":{"Gesch\u00e4tzte Lesezeit":"2\u00a0Minuten"},"schema":{"@context":"https:\/\/schema.org","@graph":[{"@type":"WebPage","@id":"https:\/\/rutengehen-owl.de\/?page_id=60","url":"https:\/\/rutengehen-owl.de\/?page_id=60","name":"Global \/ Hartmanngitternetz und Currygitternetz - Der Weg zu einem guten Schlaf &amp; mehr Lebensenergie","isPartOf":{"@id":"https:\/\/rutengehen-owl.de\/#website"},"primaryImageOfPage":{"@id":"https:\/\/rutengehen-owl.de\/?page_id=60#primaryimage"},"image":{"@id":"https:\/\/rutengehen-owl.de\/?page_id=60#primaryimage"},"thumbnailUrl":"https:\/\/rutengehen-owl.de\/wp-content\/uploads\/2024\/01\/photo_2024-01-13_16-48-44-300x300.jpg","datePublished":"2023-08-07T09:06:40+00:00","dateModified":"2024-01-13T16:39:29+00:00","breadcrumb":{"@id":"https:\/\/rutengehen-owl.de\/?page_id=60#breadcrumb"},"inLanguage":"de","potentialAction":[{"@type":"ReadAction","target":["https:\/\/rutengehen-owl.de\/?page_id=60"]}]},{"@type":"ImageObject","inLanguage":"de","@id":"https:\/\/rutengehen-owl.de\/?page_id=60#primaryimage","url":"https:\/\/rutengehen-owl.de\/wp-content\/uploads\/2024\/01\/photo_2024-01-13_16-48-44.jpg","contentUrl":"https:\/\/rutengehen-owl.de\/wp-content\/uploads\/2024\/01\/photo_2024-01-13_16-48-44.jpg","width":1280,"height":1280},{"@type":"BreadcrumbList","@id":"https:\/\/rutengehen-owl.de\/?page_id=60#breadcrumb","itemListElement":[{"@type":"ListItem","position":1,"name":"Startseite","item":"https:\/\/rutengehen-owl.de\/"},{"@type":"ListItem","position":2,"name":"Global \/ Hartmanngitternetz und Currygitternetz"}]},{"@type":"WebSite","@id":"https:\/\/rutengehen-owl.de\/#website","url":"https:\/\/rutengehen-owl.de\/","name":"Der Weg zu einem guten Schlaf &amp; mehr Lebensenergie","description":"","potentialAction":[{"@type":"SearchAction","target":{"@type":"EntryPoint","urlTemplate":"https:\/\/rutengehen-owl.de\/?s={search_term_string}"},"query-input":{"@type":"PropertyValueSpecification","valueRequired":true,"valueName":"search_term_string"}}],"inLanguage":"de"}]}},"_links":{"self":[{"href":"https:\/\/rutengehen-owl.de\/index.php?rest_route=\/wp\/v2\/pages\/60","targetHints":{"allow":["GET"]}}],"collection":[{"href":"https:\/\/rutengehen-owl.de\/index.php?rest_route=\/wp\/v2\/pages"}],"about":[{"href":"https:\/\/rutengehen-owl.de\/index.php?rest_route=\/wp\/v2\/types\/page"}],"author":[{"embeddable":true,"href":"https:\/\/rutengehen-owl.de\/index.php?rest_route=\/wp\/v2\/users\/1"}],"replies":[{"embeddable":true,"href":"https:\/\/rutengehen-owl.de\/index.php?rest_route=%2Fwp%2Fv2%2Fcomments&post=60"}],"version-history":[{"count":18,"href":"https:\/\/rutengehen-owl.de\/index.php?rest_route=\/wp\/v2\/pages\/60\/revisions"}],"predecessor-version":[{"id":693,"href":"https:\/\/rutengehen-owl.de\/index.php?rest_route=\/wp\/v2\/pages\/60\/revisions\/693"}],"wp:attachment":[{"href":"https:\/\/rutengehen-owl.de\/index.php?rest_route=%2Fwp%2Fv2%2Fmedia&parent=60"}],"curies":[{"name":"wp","href":"https:\/\/api.w.org\/{rel}","templated":true}]}}